{"id":100,"date":"2022-05-14T16:13:30","date_gmt":"2022-05-14T16:13:30","guid":{"rendered":"https:\/\/national-casino.info\/?page_id=100"},"modified":"2023-06-28T13:46:08","modified_gmt":"2023-06-28T13:46:08","slug":"login","status":"publish","type":"page","link":"https:\/\/national-casino.info\/cs\/login\/","title":{"rendered":"National Casino Login"},"content":{"rendered":"<figure class=\"wp-block-image size-large\"><img loading=\"lazy\" decoding=\"async\" width=\"1024\" height=\"341\" src=\"https:\/\/national-casino.info\/wp-content\/uploads\/2022\/05\/national-casino-main-1024x341.jpeg\" alt=\"national casino login\" class=\"wp-image-167\" srcset=\"https:\/\/national-casino.info\/wp-content\/uploads\/2022\/05\/national-casino-main-1024x341.jpeg 1024w, https:\/\/national-casino.info\/wp-content\/uploads\/2022\/05\/national-casino-main-300x100.jpeg 300w, https:\/\/national-casino.info\/wp-content\/uploads\/2022\/05\/national-casino-main-768x256.jpeg 768w, https:\/\/national-casino.info\/wp-content\/uploads\/2022\/05\/national-casino-main-1536x512.jpeg 1536w, https:\/\/national-casino.info\/wp-content\/uploads\/2022\/05\/national-casino-main-2048x683.jpeg 2048w\" sizes=\"auto, (max-width: 1024px) 100vw, 1024px\" \/><\/figure>\n\n\n\n<p><a href=\"\/cs\/\">National Casino<\/a> je jedn\u00edm z nejobl\u00edben\u011bj\u0161\u00edch online kasin na sv\u011bt\u011b. Jeho hry si ka\u017ed\u00fd den u\u017e\u00edvaj\u00ed miliony hr\u00e1\u010d\u016f. Pokud jste jedn\u00edm z t\u011bchto hr\u00e1\u010d\u016f, mo\u017en\u00e1 v\u00e1s zaj\u00edm\u00e1, jak se p\u0159ihl\u00e1sit do National Casino. V tomto \u010dl\u00e1nku v\u00e1s t\u00edmto postupem provedeme krok za krokem.<\/p>\n\n\n\n<h2 class=\"wp-block-heading\">Jak se zaregistrovat na National Casino <\/h2>\n\n\n\n<p>P\u0159ed p\u0159ihl\u00e1\u0161en\u00edm k \u00fa\u010dtu National Casino se mus\u00edte zaregistrovat. To m\u016f\u017eete ud\u011blat tak, \u017ee nav\u0161t\u00edv\u00edte webov\u00e9 str\u00e1nky National Casino a kliknete na tla\u010d\u00edtko \"Registrovat\". Pot\u00e9 budete muset vyplnit n\u011bkter\u00e9 osobn\u00ed \u00fadaje, jako je va\u0161e jm\u00e9no, adresa a e-mailov\u00e1 adresa. Jakmile vypln\u00edte v\u0161echna po\u017eadovan\u00e1 pole, budete si moci vytvo\u0159it \u00fa\u010det.<\/p>\n\n\n\n<p>Po registraci \u00fa\u010dtu je t\u0159eba ov\u011b\u0159it e-mailovou adresu. Spole\u010dnost National Casino v\u00e1m za\u0161le e-mail s odkazem, na kter\u00fd mus\u00edte kliknout. Po kliknut\u00ed na odkaz bude v\u00e1\u0161 \u00fa\u010det ov\u011b\u0159en a vy se budete moci p\u0159ihl\u00e1sit do lobby National Casino. A m\u016f\u017eete z\u00edskat <a href=\"https:\/\/national-casino.info\/cs\/bonus\/\">National Casino bonus<\/a>.<\/p>\n\n\n\n<p>K registraci \u00fa\u010dtu je tak\u00e9 t\u0159eba, aby v\u00e1m bylo alespo\u0148 18 let. Spole\u010dnost National Casino pou\u017e\u00edv\u00e1 software pro ov\u011b\u0159en\u00ed v\u011bku, aby zajistila, \u017ee v\u0161ichni jej\u00ed hr\u00e1\u010di jsou plnolet\u00ed.<\/p>\n\n\n\n<h2 class=\"wp-block-heading\">National Casino Login<\/h2>\n\n\n\n<p>Nyn\u00ed, kdy\u017e jste si zaregistrovali \u00fa\u010det, je \u010das nau\u010dit se, jak se p\u0159ihl\u00e1sit do National Casino. Nejprve mus\u00edte nav\u0161t\u00edvit webov\u00e9 str\u00e1nky National Casino a kliknout na tla\u010d\u00edtko \"P\u0159ihl\u00e1sit\". T\u00edm se zobraz\u00ed nov\u00e1 str\u00e1nka, kde budete vyzv\u00e1ni k zad\u00e1n\u00ed u\u017eivatelsk\u00e9ho jm\u00e9na a hesla. Po zad\u00e1n\u00ed t\u011bchto \u00fadaj\u016f sta\u010d\u00ed kliknout na tla\u010d\u00edtko \"P\u0159ihl\u00e1sit\" a budete p\u0159ihl\u00e1\u0161eni ke sv\u00e9mu \u00fa\u010dtu.<\/p>\n\n\n\n<div class=\"wp-block-buttons is-content-justification-center is-layout-flex wp-container-core-buttons-is-layout-a89b3969 wp-block-buttons-is-layout-flex\">\n<div class=\"wp-block-button has-custom-width wp-block-button__width-100 is-style-fill\"><a class=\"wp-block-button__link has-ast-global-color-8-color has-text-color has-background wp-element-button\" href=\"https:\/\/media.playamopartners.com\/redirect.aspx?pid=251725&amp;bid=2036&amp;lpid=502\" style=\"border-radius:5px;background-color:#fec882\">National Casino Login<\/a><\/div>\n<\/div>\n\n\n\n<p><\/p>\n\n\n\n<h2 class=\"wp-block-heading\">National Casino Login z mobiln\u00edho telefonu<\/h2>\n\n\n\n<p>National Casino je k dispozici tak\u00e9 na mobiln\u00edch za\u0159\u00edzen\u00edch. Chcete-li se p\u0159ihl\u00e1sit z mobiln\u00edho telefonu, mus\u00edte si st\u00e1hnout aplikaci National Casino. Aplikace je k dispozici pro za\u0159\u00edzen\u00ed se syst\u00e9mem iOS i Android.<\/p>\n\n\n\n<p>Po sta\u017een\u00ed a instalaci aplikace ji jednodu\u0161e otev\u0159ete a zadejte sv\u00e9 u\u017eivatelsk\u00e9 jm\u00e9no a heslo. Jakmile tak u\u010din\u00edte, budete p\u0159ihl\u00e1\u0161eni ke sv\u00e9mu \u00fa\u010dtu a budete moci hr\u00e1t v\u0161echny hry ze sv\u00e9ho mobiln\u00edho za\u0159\u00edzen\u00ed.<\/p>\n\n\n\n<h2 class=\"wp-block-heading\">Co d\u011blat, kdy\u017e zapomenete heslo<\/h2>\n\n\n\n<p>Pokud zapomenete heslo, National Casino v\u00e1m pom\u016f\u017ee s jeho obnoven\u00edm. Nejprve mus\u00edte nav\u0161t\u00edvit p\u0159ihla\u0161ovac\u00ed str\u00e1nku a kliknout na odkaz \"Zapomenut\u00e9 heslo\". T\u00edm se dostanete na novou str\u00e1nku, kde budete vyzv\u00e1ni k zad\u00e1n\u00ed e-mailov\u00e9 adresy. Po zad\u00e1n\u00ed e-mailov\u00e9 adresy v\u00e1m National Casino za\u0161le e-mail s pokyny k obnoven\u00ed hesla.<\/p>\n\n\n\n<h2 class=\"wp-block-heading\">Co d\u011blat, kdy\u017e se nem\u016f\u017eete login National Casino<\/h2>\n\n\n\n<p>Pokud m\u00e1te pot\u00ed\u017ee s p\u0159ihl\u00e1\u0161en\u00edm ke sv\u00e9mu \u00fa\u010dtu nebo jak\u00e9koli dotazy t\u00fdkaj\u00edc\u00ed se procesu registrace, m\u016f\u017eete se kdykoli obr\u00e1tit na z\u00e1kaznickou podporu spole\u010dnosti National Casino a po\u017e\u00e1dat o pomoc. Z\u00e1kaznick\u00e1 podpora je k dispozici 24 hodin denn\u011b, sedm dn\u00ed v t\u00fddnu. M\u016f\u017eete se s n\u00ed spojit telefonicky, prost\u0159ednictv\u00edm chatu nebo e-mailu.<\/p>\n\n\n\n<h2 class=\"wp-block-heading\">Tipy, jak z\u016fstat v bezpe\u010d\u00ed p\u0159i hran\u00ed online<\/h2>\n\n\n\n<ol class=\"wp-block-list\">\n<li>P\u0159i hran\u00ed hazardn\u00edch her online je nutn\u00e9 p\u0159ijmout opat\u0159en\u00ed, abyste z\u016fstali v bezpe\u010d\u00ed. P\u0159edev\u0161\u00edm byste nikdy nem\u011bli hr\u00e1t s pen\u011bzi, kter\u00e9 si nem\u016f\u017eete dovolit prohr\u00e1t.<\/li>\n\n\n\n<li>Za druh\u00e9 byste se m\u011bli v\u017edy ujistit, \u017ee hrajete na legitimn\u00ed webov\u00e9 str\u00e1nce. Mnoho podvodn\u00edk\u016f se v\u00e1s bude sna\u017eit oklamat a p\u0159im\u011bt v\u00e1s, abyste jim poskytli sv\u00e9 osobn\u00ed \u00fadaje nebo pen\u00edze. Pokud si n\u011bkdy nejste jist\u00ed, zda je webov\u00e1 str\u00e1nka spr\u00e1vn\u00e1, m\u016f\u017eete se v\u017edy obr\u00e1tit na z\u00e1kaznickou podporu a po\u017e\u00e1dat o pomoc.<\/li>\n\n\n\n<li>A kone\u010dn\u011b, sv\u00e9 p\u0159ihla\u0161ovac\u00ed \u00fadaje byste nikdy nem\u011bli nikomu sd\u011blovat. T\u00fdk\u00e1 se to \u010dlen\u016f rodiny, p\u0159\u00e1tel nebo dokonce z\u00e1stupc\u016f z\u00e1kaznick\u00e9 podpory.<\/li>\n<\/ol>\n\n\n\n<h2 class=\"wp-block-heading\">Nej\u010dast\u011bj\u0161\u00ed dotazy<\/h2>\n\n\n<style>#sp-ea-210 .spcollapsing { height: 0; overflow: hidden; transition-property: height;transition-duration: 300ms;}#sp-ea-210.sp-easy-accordion>.sp-ea-single {border: 1px solid #e2e2e2; }#sp-ea-210.sp-easy-accordion>.sp-ea-single>.ea-header a {color: #444;}#sp-ea-210.sp-easy-accordion>.sp-ea-single>.sp-collapse>.ea-body {background: #fff; color: #444;}#sp-ea-210.sp-easy-accordion>.sp-ea-single {background: #eee;}#sp-ea-210.sp-easy-accordion>.sp-ea-single>.ea-header a .ea-expand-icon.fa { float: left; color: #444;font-size: 16px;}<\/style><div id=\"sp-ea-210\" class=\"sp-ea-one sp-easy-accordion\" data-ex-icon=\"fa-minus\" data-col-icon=\"fa-plus\"  data-ea-active=\"ea-click\"  data-ea-mode=\"vertical\" data-preloader=\"\" data-scroll-active-item=\"\" data-offset-to-scroll=\"0\"><div class=\"ea-card ea-expand sp-ea-single\"><h3 class=\"ea-header\"><a class=\"collapsed\" data-sptoggle=\"spcollapse\" data-sptarget=\"#collapse2100\" href=\"javascript:void(0)\"  aria-expanded=\"true\"><i class=\"ea-expand-icon fa fa-minus\"><\/i> Je National Casino bezpe\u010dn\u00fd?<\/a><\/h3><div class=\"sp-collapse spcollapse collapsed show\" id=\"collapse2100\" ><div class=\"ea-body\"><p>Ano, National Casino je bezpe\u010dn\u00e1 webov\u00e1 str\u00e1nka.<\/p>\n<\/div><\/div><\/div><div class=\"ea-card  sp-ea-single\"><h3 class=\"ea-header\"><a class=\"collapsed\" data-sptoggle=\"spcollapse\" data-sptarget=\"#collapse2101\" href=\"javascript:void(0)\"  aria-expanded=\"false\"><i class=\"ea-expand-icon fa fa-plus\"><\/i> Mohu hr\u00e1t kasinov\u00e9 hry zdarma na National Casino?<\/a><\/h3><div class=\"sp-collapse spcollapse\" id=\"collapse2101\" ><div class=\"ea-body\"><p>Abyste mohli hr\u00e1t kasinov\u00e9 hry na National Casino, mus\u00edte m\u00edt \u00fa\u010det a b\u00fdt p\u0159ihl\u00e1\u0161eni.<\/p>\n<\/div><\/div><\/div><div class=\"ea-card  sp-ea-single\"><h3 class=\"ea-header\"><a class=\"collapsed\" data-sptoggle=\"spcollapse\" data-sptarget=\"#collapse2102\" href=\"javascript:void(0)\"  aria-expanded=\"false\"><i class=\"ea-expand-icon fa fa-plus\"><\/i> Jak\u00fd je minim\u00e1ln\u00ed v\u011bk pro registraci \u00fa\u010dtu na National Casino?<\/a><\/h3><div class=\"sp-collapse spcollapse\" id=\"collapse2102\" ><div class=\"ea-body\"><p>Pro registraci \u00fa\u010dtu na National Casino mus\u00edte b\u00fdt star\u0161\u00ed 18 let.<\/p>\n<\/div><\/div><\/div><div class=\"ea-card  sp-ea-single\"><h3 class=\"ea-header\"><a class=\"collapsed\" data-sptoggle=\"spcollapse\" data-sptarget=\"#collapse2103\" href=\"javascript:void(0)\"  aria-expanded=\"false\"><i class=\"ea-expand-icon fa fa-plus\"><\/i> Jak mohu kontaktovat z\u00e1kaznickou podporu, pokud pot\u0159ebuji pomoc?<\/a><\/h3><div class=\"sp-collapse spcollapse\" id=\"collapse2103\" ><div class=\"ea-body\"><p>Z\u00e1kaznick\u00e1 podpora je k dispozici 24 hodin denn\u011b, sedm dn\u00ed v t\u00fddnu. M\u016f\u017eete ji kontaktovat telefonicky, prost\u0159ednictv\u00edm chatu nebo e-mailu.<\/p>\n<\/div><\/div><\/div><\/div>","protected":false},"excerpt":{"rendered":"<p>National Casino is one of the most popular online casinos in the world. Millions of players enjoy its games every day. If you are one of those players, you may be wondering how to login National Casino. In this article, we will walk you through the process step-by-step. How to register at National Casino Before &hellip;<\/p>\n<p class=\"read-more\"> <a class=\"\" href=\"https:\/\/national-casino.info\/cs\/login\/\"> <span class=\"screen-reader-text\">National Casino Login<\/span> Pokra\u010dovat ve \u010dten\u00ed &raquo;<\/a><\/p>","protected":false},"author":1,"featured_media":0,"parent":0,"menu_order":0,"comment_status":"closed","ping_status":"closed","template":"","meta":{"site-sidebar-layout":"default","site-content-layout":"default","ast-global-header-display":"","ast-main-header-display":"","ast-hfb-above-header-display":"","ast-hfb-below-header-display":"","ast-hfb-mobile-header-display":"","site-post-title":"","ast-breadcrumbs-content":"","ast-featured-img":"","footer-sml-layout":"","theme-transparent-header-meta":"","adv-header-id-meta":"","stick-header-meta":"","header-above-stick-meta":"","header-main-stick-meta":"","header-below-stick-meta":"","footnotes":""},"class_list":["post-100","page","type-page","status-publish","hentry"],"yoast_head":"<!-- This site is optimized with the Yoast SEO plugin v19.13 - https:\/\/yoast.com\/wordpress\/plugins\/seo\/ -->\n<title>National Casino Login: \ud83e\udd11 How To Log In To Nationalcasino And Play For Money<\/title>\n<meta name=\"description\" content=\"National Casino login - how to log in to National Casino and start playing for money. What to do if you can&#039;t log in to your account. How to change your personal account password\" \/>\n<meta name=\"robots\" content=\"index, follow, max-snippet:-1, max-image-preview:large, max-video-preview:-1\" \/>\n<link rel=\"canonical\" href=\"https:\/\/national-casino.info\/cs\/login\/\" \/>\n<meta property=\"og:locale\" content=\"cs_CZ\" \/>\n<meta property=\"og:type\" content=\"article\" \/>\n<meta property=\"og:title\" content=\"National Casino Login: \ud83e\udd11 How To Log In To Nationalcasino And Play For Money\" \/>\n<meta property=\"og:description\" content=\"National Casino login - how to log in to National Casino and start playing for money. What to do if you can&#039;t log in to your account. How to change your personal account password\" \/>\n<meta property=\"og:url\" content=\"https:\/\/national-casino.info\/cs\/login\/\" \/>\n<meta property=\"og:site_name\" content=\"National Casino\" \/>\n<meta property=\"article:modified_time\" content=\"2023-06-28T13:46:08+00:00\" \/>\n<meta property=\"og:image\" content=\"https:\/\/national-casino.info\/wp-content\/uploads\/2022\/05\/national-casino-main-1024x341.jpeg\" \/>\n<meta name=\"twitter:card\" content=\"summary_large_image\" \/>\n<meta name=\"twitter:label1\" content=\"Odhadovan\u00e1 doba \u010dten\u00ed\" \/>\n\t<meta name=\"twitter:data1\" content=\"3 minuty\" \/>\n<script type=\"application\/ld+json\" class=\"yoast-schema-graph\">{\"@context\":\"https:\/\/schema.org\",\"@graph\":[{\"@type\":\"WebPage\",\"@id\":\"https:\/\/national-casino.info\/login\/\",\"url\":\"https:\/\/national-casino.info\/login\/\",\"name\":\"National Casino Login: \ud83e\udd11 How To Log In To Nationalcasino And Play For Money\",\"isPartOf\":{\"@id\":\"https:\/\/national-casino.info\/#website\"},\"datePublished\":\"2022-05-14T16:13:30+00:00\",\"dateModified\":\"2023-06-28T13:46:08+00:00\",\"description\":\"National Casino login - how to log in to National Casino and start playing for money. What to do if you can't log in to your account. How to change your personal account password\",\"breadcrumb\":{\"@id\":\"https:\/\/national-casino.info\/login\/#breadcrumb\"},\"inLanguage\":\"cs\",\"potentialAction\":[{\"@type\":\"ReadAction\",\"target\":[\"https:\/\/national-casino.info\/login\/\"]}]},{\"@type\":\"BreadcrumbList\",\"@id\":\"https:\/\/national-casino.info\/login\/#breadcrumb\",\"itemListElement\":[{\"@type\":\"ListItem\",\"position\":1,\"name\":\"Home\",\"item\":\"https:\/\/national-casino.info\/\"},{\"@type\":\"ListItem\",\"position\":2,\"name\":\"National Casino Login\"}]},{\"@type\":\"WebSite\",\"@id\":\"https:\/\/national-casino.info\/#website\",\"url\":\"https:\/\/national-casino.info\/\",\"name\":\"National Casino\",\"description\":\"\",\"publisher\":{\"@id\":\"https:\/\/national-casino.info\/#organization\"},\"potentialAction\":[{\"@type\":\"SearchAction\",\"target\":{\"@type\":\"EntryPoint\",\"urlTemplate\":\"https:\/\/national-casino.info\/?s={search_term_string}\"},\"query-input\":\"required name=search_term_string\"}],\"inLanguage\":\"cs\"},{\"@type\":\"Organization\",\"@id\":\"https:\/\/national-casino.info\/#organization\",\"name\":\"National Casino\",\"url\":\"https:\/\/national-casino.info\/\",\"logo\":{\"@type\":\"ImageObject\",\"inLanguage\":\"cs\",\"@id\":\"https:\/\/national-casino.info\/#\/schema\/logo\/image\/\",\"url\":\"https:\/\/national-casino.info\/wp-content\/uploads\/2022\/05\/logo.png\",\"contentUrl\":\"https:\/\/national-casino.info\/wp-content\/uploads\/2022\/05\/logo.png\",\"width\":550,\"height\":214,\"caption\":\"National Casino\"},\"image\":{\"@id\":\"https:\/\/national-casino.info\/#\/schema\/logo\/image\/\"}}]}<\/script>\n<!-- \/ Yoast SEO plugin. -->","yoast_head_json":{"title":"National Casino Login: \ud83e\udd11 How To Log In To Nationalcasino And Play For Money","description":"National Casino login - how to log in to National Casino and start playing for money. What to do if you can't log in to your account. How to change your personal account password","robots":{"index":"index","follow":"follow","max-snippet":"max-snippet:-1","max-image-preview":"max-image-preview:large","max-video-preview":"max-video-preview:-1"},"canonical":"https:\/\/national-casino.info\/cs\/login\/","og_locale":"cs_CZ","og_type":"article","og_title":"National Casino Login: \ud83e\udd11 How To Log In To Nationalcasino And Play For Money","og_description":"National Casino login - how to log in to National Casino and start playing for money. What to do if you can't log in to your account. How to change your personal account password","og_url":"https:\/\/national-casino.info\/cs\/login\/","og_site_name":"National Casino","article_modified_time":"2023-06-28T13:46:08+00:00","og_image":[{"url":"https:\/\/national-casino.info\/wp-content\/uploads\/2022\/05\/national-casino-main-1024x341.jpeg"}],"twitter_card":"summary_large_image","twitter_misc":{"Odhadovan\u00e1 doba \u010dten\u00ed":"3 minuty"},"schema":{"@context":"https:\/\/schema.org","@graph":[{"@type":"WebPage","@id":"https:\/\/national-casino.info\/login\/","url":"https:\/\/national-casino.info\/login\/","name":"National Casino Login: \ud83e\udd11 How To Log In To Nationalcasino And Play For Money","isPartOf":{"@id":"https:\/\/national-casino.info\/#website"},"datePublished":"2022-05-14T16:13:30+00:00","dateModified":"2023-06-28T13:46:08+00:00","description":"National Casino login - how to log in to National Casino and start playing for money. What to do if you can't log in to your account. How to change your personal account password","breadcrumb":{"@id":"https:\/\/national-casino.info\/login\/#breadcrumb"},"inLanguage":"cs","potentialAction":[{"@type":"ReadAction","target":["https:\/\/national-casino.info\/login\/"]}]},{"@type":"BreadcrumbList","@id":"https:\/\/national-casino.info\/login\/#breadcrumb","itemListElement":[{"@type":"ListItem","position":1,"name":"Home","item":"https:\/\/national-casino.info\/"},{"@type":"ListItem","position":2,"name":"National Casino Login"}]},{"@type":"WebSite","@id":"https:\/\/national-casino.info\/#website","url":"https:\/\/national-casino.info\/","name":"National Casino","description":"","publisher":{"@id":"https:\/\/national-casino.info\/#organization"},"potentialAction":[{"@type":"SearchAction","target":{"@type":"EntryPoint","urlTemplate":"https:\/\/national-casino.info\/?s={search_term_string}"},"query-input":"required name=search_term_string"}],"inLanguage":"cs"},{"@type":"Organization","@id":"https:\/\/national-casino.info\/#organization","name":"National Casino","url":"https:\/\/national-casino.info\/","logo":{"@type":"ImageObject","inLanguage":"cs","@id":"https:\/\/national-casino.info\/#\/schema\/logo\/image\/","url":"https:\/\/national-casino.info\/wp-content\/uploads\/2022\/05\/logo.png","contentUrl":"https:\/\/national-casino.info\/wp-content\/uploads\/2022\/05\/logo.png","width":550,"height":214,"caption":"National Casino"},"image":{"@id":"https:\/\/national-casino.info\/#\/schema\/logo\/image\/"}}]}},"_links":{"self":[{"href":"https:\/\/national-casino.info\/cs\/wp-json\/wp\/v2\/pages\/100","targetHints":{"allow":["GET"]}}],"collection":[{"href":"https:\/\/national-casino.info\/cs\/wp-json\/wp\/v2\/pages"}],"about":[{"href":"https:\/\/national-casino.info\/cs\/wp-json\/wp\/v2\/types\/page"}],"author":[{"embeddable":true,"href":"https:\/\/national-casino.info\/cs\/wp-json\/wp\/v2\/users\/1"}],"replies":[{"embeddable":true,"href":"https:\/\/national-casino.info\/cs\/wp-json\/wp\/v2\/comments?post=100"}],"version-history":[{"count":5,"href":"https:\/\/national-casino.info\/cs\/wp-json\/wp\/v2\/pages\/100\/revisions"}],"predecessor-version":[{"id":289,"href":"https:\/\/national-casino.info\/cs\/wp-json\/wp\/v2\/pages\/100\/revisions\/289"}],"wp:attachment":[{"href":"https:\/\/national-casino.info\/cs\/wp-json\/wp\/v2\/media?parent=100"}],"curies":[{"name":"wp","href":"https:\/\/api.w.org\/{rel}","templated":true}]}}