{"id":216,"date":"2022-05-31T12:02:53","date_gmt":"2022-05-31T12:02:53","guid":{"rendered":"https:\/\/national-casino.info\/?page_id=216"},"modified":"2023-06-28T13:45:18","modified_gmt":"2023-06-28T13:45:18","slug":"bonus","status":"publish","type":"page","link":"https:\/\/national-casino.info\/cs\/bonus\/","title":{"rendered":"National Casino Bonus"},"content":{"rendered":"<figure class=\"wp-block-image aligncenter size-large\"><img loading=\"lazy\" decoding=\"async\" width=\"1024\" height=\"372\" src=\"https:\/\/national-casino.info\/wp-content\/uploads\/2022\/05\/national-casino-reviews-1024x372.png\" alt=\"n\u00e1rodn\u00ed kasinov\u00e9 bonusy\" class=\"wp-image-190\" srcset=\"https:\/\/national-casino.info\/wp-content\/uploads\/2022\/05\/national-casino-reviews-1024x372.png 1024w, https:\/\/national-casino.info\/wp-content\/uploads\/2022\/05\/national-casino-reviews-300x109.png 300w, https:\/\/national-casino.info\/wp-content\/uploads\/2022\/05\/national-casino-reviews-768x279.png 768w, https:\/\/national-casino.info\/wp-content\/uploads\/2022\/05\/national-casino-reviews.png 1149w\" sizes=\"auto, (max-width: 1024px) 100vw, 1024px\" \/><\/figure>\n\n\n\n<p>Hled\u00e1te National Casino bonuses? Pak jste na spr\u00e1vn\u00e9m m\u00edst\u011b! Sestavili jsme pro v\u00e1s seznam t\u011bch nejlep\u0161\u00edch <a href=\"\/cs\/\">National Casino<\/a> propaga\u010dn\u00ed akce dostupn\u00e9 online. \u010ct\u011bte d\u00e1l a za\u010dn\u011bte si u\u017e\u00edvat \u017eetony zdarma je\u0161t\u011b dnes!<\/p>\n\n\n\n<h2 class=\"wp-block-heading\">Typy National Casino bonuses<\/h2>\n\n\n\n<p>Nab\u00eddky National Casino maj\u00ed r\u016fzn\u00e9 podoby.<\/p>\n\n\n\n<h3 class=\"wp-block-heading\">Uv\u00edtac\u00ed bonus<\/h3>\n\n\n\n<p>Nejb\u011b\u017en\u011bj\u0161\u00edm typem promo akce je vstupn\u00ed bonus. Tento d\u00e1rek je nab\u00edzen nov\u00fdm hr\u00e1\u010d\u016fm, kte\u0159\u00ed si vytvo\u0159\u00ed \u00fa\u010det a <a href=\"https:\/\/national-casino.info\/cs\/login\/\">login National Casino<\/a>. Registrace National Casino bonus obvykle odpov\u00edd\u00e1 prvn\u00edmu vkladu hr\u00e1\u010de a\u017e do ur\u010dit\u00e9 v\u00fd\u0161e. Nap\u0159\u00edklad National Casino m\u016f\u017ee nab\u00eddnout 100% odpov\u00eddaj\u00edc\u00ed $500. Pokud tedy na sv\u016fj \u00fa\u010det vlo\u017e\u00edte $500, kasino v\u00e1m d\u00e1 dal\u0161\u00edch $500 zdarma!<\/p>\n\n\n\n<div class=\"wp-block-buttons is-content-justification-center is-layout-flex wp-container-core-buttons-is-layout-a89b3969 wp-block-buttons-is-layout-flex\">\n<div class=\"wp-block-button has-custom-width wp-block-button__width-100 is-style-fill\"><a class=\"wp-block-button__link has-ast-global-color-8-color has-text-color has-background wp-element-button\" href=\"https:\/\/media.playamopartners.com\/redirect.aspx?pid=251725&amp;bid=2036&amp;lpid=522\" style=\"border-radius:5px;background-color:#fec882\">Z\u00edskat bonus<\/a><\/div>\n<\/div>\n\n\n\n<p><\/p>\n\n\n\n<h3 class=\"wp-block-heading\">National Casino \u017e\u00e1dn\u00fd bonus<\/h3>\n\n\n\n<p>National Casino m\u016f\u017ee tak\u00e9 nab\u00eddnout bonus bez vkladu. Tento d\u00e1rek je hr\u00e1\u010d\u016fm poskytov\u00e1n, ani\u017e by museli prov\u00e9st vklad. Tento typ bonusu pou\u017e\u00edvaj\u00ed National Casino k propagaci sv\u00e9ho kasina a k p\u0159il\u00e1k\u00e1n\u00ed nov\u00fdch hr\u00e1\u010d\u016f. Bonusy bez vkladu jsou obvykle mal\u00e9 a pohybuj\u00ed se od $20 do $100. P\u0159esto v\u0161ak mohou b\u00fdt cenn\u00e9, proto\u017ee je m\u016f\u017eete vyu\u017e\u00edt k hran\u00ed kasinov\u00fdch her o skute\u010dn\u00e9 pen\u00edze zdarma!<\/p>\n\n\n\n<h3 class=\"wp-block-heading\">Bonus za dobit\u00ed<\/h3>\n\n\n\n<p>National Casinos tak\u00e9 nab\u00edzej\u00ed bonusy za dobit\u00ed, kter\u00e9 jsou podobn\u00e9 vstupn\u00edm promo akc\u00edm, ale jsou nab\u00edzeny st\u00e1vaj\u00edc\u00edm hr\u00e1\u010d\u016fm, kte\u0159\u00ed provedou dal\u0161\u00ed vklady. Bonusy za dobit\u00ed obvykle odpov\u00eddaj\u00ed procentu vkladu a\u017e do maxim\u00e1ln\u00ed v\u00fd\u0161e. Nap\u0159\u00edklad National Casino m\u016f\u017ee nab\u00eddnout 50% ve v\u00fd\u0161i $500. Pokud tedy na sv\u016fj \u00fa\u010det vlo\u017e\u00edte $500, kasino v\u00e1m d\u00e1 dal\u0161\u00edch $250 zdarma!<\/p>\n\n\n\n<h3 class=\"wp-block-heading\">Ot\u00e1\u010den\u00ed zdarma<\/h3>\n\n\n\n<p>Dal\u0161\u00ed b\u011b\u017enou hrou jsou bezplatn\u00e1 oto\u010den\u00ed. National Casino pou\u017e\u00edvaj\u00ed tento typ bonusu k propagaci nov\u00fdch v\u00fdhern\u00edch automat\u016f. Ot\u00e1\u010den\u00ed zdarma jsou obvykle poskytov\u00e1na na konkr\u00e9tn\u00ed v\u00fdhern\u00ed automaty a m\u016f\u017eete je vyu\u017e\u00edt ke h\u0159e o v\u00fdhry v re\u00e1ln\u00fdch pen\u011bz\u00edch. Krom\u011b toho kasina \u010dasto nab\u00edzej\u00ed rozto\u010den\u00ed zdarma jako uv\u00edtac\u00ed nebo dob\u00edjec\u00ed bonusov\u00fd bal\u00ed\u010dek.<\/p>\n\n\n\n<div class=\"wp-block-buttons is-content-justification-center is-layout-flex wp-container-core-buttons-is-layout-a89b3969 wp-block-buttons-is-layout-flex\">\n<div class=\"wp-block-button has-custom-width wp-block-button__width-100 is-style-fill\"><a class=\"wp-block-button__link has-ast-global-color-8-color has-text-color has-background wp-element-button\" href=\"https:\/\/media.playamopartners.com\/redirect.aspx?pid=251725&amp;bid=2036&amp;lpid=522\" style=\"border-radius:5px;background-color:#fec882\">Z\u00edskejte rozto\u010den\u00ed zdarma<\/a><\/div>\n<\/div>\n\n\n\n<p><\/p>\n\n\n\n<h3 class=\"wp-block-heading\">V\u011brnostn\u00ed program<\/h3>\n\n\n\n<p>National Casino nab\u00edz\u00ed tak\u00e9 v\u011brnostn\u00ed programy. Tyto programy d\u00e1vaj\u00ed hr\u00e1\u010d\u016fm body za ka\u017ed\u00fd dolar, kter\u00fd v kasinu utrat\u00ed. Tyto body pak lze vym\u011bnit za hotovost, ceny nebo jin\u00e9 v\u00fdhody. V\u011brnostn\u00ed programy jsou skv\u011bl\u00fdm zp\u016fsobem, jak z\u00edskat nejlep\u0161\u00ed d\u00e1rky bez nutnosti vkladu!<\/p>\n\n\n\n<h3 class=\"wp-block-heading\">National Casino bonus codes<\/h3>\n\n\n\n<p>National Casino bonuses obvykle p\u0159ich\u00e1zej\u00ed s bonusov\u00fdmi k\u00f3dy. Bonusov\u00e9 k\u00f3dy jsou speci\u00e1ln\u00ed k\u00f3dy, kter\u00e9 m\u016f\u017eete pou\u017e\u00edt k uplatn\u011bn\u00ed d\u00e1rk\u016f. Chcete-li pou\u017e\u00edt bonusov\u00fd k\u00f3d, zadejte jej, jakmile budete vyzv\u00e1ni p\u0159i registraci do kasina nebo p\u0159i prov\u00e1d\u011bn\u00ed vkladu. National Casino v\u00e1m pak v\u00fdhru automaticky p\u0159ip\u00ed\u0161e na \u00fa\u010det.<\/p>\n\n\n\n<p>National Casino bonus codes jsou skv\u011bl\u00fdm zp\u016fsobem, jak z\u00edskat n\u011bjak\u00e9 d\u00e1rky bez nutnosti vkladu!<\/p>\n\n\n\n<h2 class=\"wp-block-heading\">S\u00e1zkov\u00e9 po\u017eadavky<\/h2>\n\n\n\n<p>National Casino bonuses jsou obvykle spojeny se s\u00e1zkov\u00fdmi po\u017eadavky. S\u00e1zkov\u00e9 po\u017eadavky p\u0159edstavuj\u00ed \u010d\u00e1stku, kterou mus\u00edte vsadit, abyste si mohli vybrat pen\u00edze z promoakc\u00ed. Pokud nap\u0159\u00edklad National Casino nab\u00edz\u00ed bonus 100% a\u017e do v\u00fd\u0161e $500, m\u016f\u017ee b\u00fdt po\u017eadavek na s\u00e1zen\u00ed 15x. To znamen\u00e1, \u017ee mus\u00edte vsadit $15 za ka\u017ed\u00fdch $100, kter\u00e9 chcete vybrat.<\/p>\n\n\n\n<p>Po\u017eadavky na s\u00e1zen\u00ed se li\u0161\u00ed, proto si p\u0159ed vyu\u017eit\u00edm bonusu nezapome\u0148te p\u0159e\u010d\u00edst jeho podm\u00ednky.<\/p>\n\n\n\n<h2 class=\"wp-block-heading\">Nej\u010dast\u011bj\u0161\u00ed dotazy<\/h2>\n\n\n<style>#sp-ea-217 .spcollapsing { height: 0; overflow: hidden; transition-property: height;transition-duration: 300ms;}#sp-ea-217.sp-easy-accordion>.sp-ea-single {border: 1px solid #e2e2e2; }#sp-ea-217.sp-easy-accordion>.sp-ea-single>.ea-header a {color: #444;}#sp-ea-217.sp-easy-accordion>.sp-ea-single>.sp-collapse>.ea-body {background: #fff; color: #444;}#sp-ea-217.sp-easy-accordion>.sp-ea-single {background: #eee;}#sp-ea-217.sp-easy-accordion>.sp-ea-single>.ea-header a .ea-expand-icon.fa { float: left; color: #444;font-size: 16px;}<\/style><div id=\"sp-ea-217\" class=\"sp-ea-one sp-easy-accordion\" data-ex-icon=\"fa-minus\" data-col-icon=\"fa-plus\"  data-ea-active=\"ea-click\"  data-ea-mode=\"vertical\" data-preloader=\"\" data-scroll-active-item=\"\" data-offset-to-scroll=\"0\"><div class=\"ea-card ea-expand sp-ea-single\"><h3 class=\"ea-header\"><a class=\"collapsed\" data-sptoggle=\"spcollapse\" data-sptarget=\"#collapse2170\" href=\"javascript:void(0)\"  aria-expanded=\"true\"><i class=\"ea-expand-icon fa fa-minus\"><\/i> Co je to National Casino bonus?<\/a><\/h3><div class=\"sp-collapse spcollapse collapsed show\" id=\"collapse2170\" ><div class=\"ea-body\"><p>National Casino bonus je speci\u00e1ln\u00ed nab\u00eddka, kterou kasino vyu\u017e\u00edv\u00e1 k p\u0159il\u00e1k\u00e1n\u00ed nov\u00fdch hr\u00e1\u010d\u016f. Obvykle odpov\u00edd\u00e1 prvn\u00edmu vkladu hr\u00e1\u010de a\u017e do ur\u010dit\u00e9 v\u00fd\u0161e. Nap\u0159\u00edklad National Casino m\u016f\u017ee nab\u00edzet shodu 100% ve v\u00fd\u0161i $500. Pokud na sv\u016fj \u00fa\u010det vlo\u017e\u00edte $500, kasino v\u00e1m d\u00e1 dal\u0161\u00edch $500 zdarma!<\/p>\n<\/div><\/div><\/div><div class=\"ea-card  sp-ea-single\"><h3 class=\"ea-header\"><a class=\"collapsed\" data-sptoggle=\"spcollapse\" data-sptarget=\"#collapse2171\" href=\"javascript:void(0)\"  aria-expanded=\"false\"><i class=\"ea-expand-icon fa fa-plus\"><\/i> Jak pou\u017e\u00edvat National Casino bonus codes?<\/a><\/h3><div class=\"sp-collapse spcollapse\" id=\"collapse2171\" ><div class=\"ea-body\"><p>Chcete-li pou\u017e\u00edt k\u00f3dy National Casino bonus, jednodu\u0161e je zadejte, jakmile budete vyzv\u00e1ni b\u011bhem registrace nebo p\u0159i prov\u00e1d\u011bn\u00ed vkladu. A kasino pak d\u00e1rek automaticky p\u0159id\u00e1 na v\u00e1\u0161 \u00fa\u010det.<\/p>\n<\/div><\/div><\/div><div class=\"ea-card  sp-ea-single\"><h3 class=\"ea-header\"><a class=\"collapsed\" data-sptoggle=\"spcollapse\" data-sptarget=\"#collapse2172\" href=\"javascript:void(0)\"  aria-expanded=\"false\"><i class=\"ea-expand-icon fa fa-plus\"><\/i> Jak\u00e9 jsou po\u017eadavky na s\u00e1zen\u00ed?<\/a><\/h3><div class=\"sp-collapse spcollapse\" id=\"collapse2172\" ><div class=\"ea-body\"><p>S\u00e1zkov\u00e9 po\u017eadavky p\u0159edstavuj\u00ed \u010d\u00e1stku, kterou mus\u00edte vsadit, abyste si mohli vybrat National Casino bonus. Pokud nap\u0159\u00edklad kasino nab\u00edz\u00ed bonus 100% a\u017e do v\u00fd\u0161e $500, m\u016f\u017ee b\u00fdt po\u017eadavek na s\u00e1zen\u00ed 15x. To znamen\u00e1, \u017ee mus\u00edte vsadit $15 za ka\u017ed\u00fdch $100, kter\u00e9 chcete vybrat.<\/p>\n<\/div><\/div><\/div><div class=\"ea-card  sp-ea-single\"><h3 class=\"ea-header\"><a class=\"collapsed\" data-sptoggle=\"spcollapse\" data-sptarget=\"#collapse2173\" href=\"javascript:void(0)\"  aria-expanded=\"false\"><i class=\"ea-expand-icon fa fa-plus\"><\/i> Co je National Casino no deposit bonus?<\/a><\/h3><div class=\"sp-collapse spcollapse\" id=\"collapse2173\" ><div class=\"ea-body\"><p>National Casino no deposit bonus je jedine\u010dn\u00fd d\u00e1rek, kter\u00fd nevy\u017eaduje z\u00e1lohu. National Casino pou\u017e\u00edv\u00e1 k propagaci sv\u00fdch her bonusy bez vkladu.<\/p>\n<\/div><\/div><\/div><\/div>","protected":false},"excerpt":{"rendered":"<p>Are you looking for a National Casino bonuses? Then, you&#8217;ve come to the right place! We have compiled a list of the best National Casino promos available online. So read on and start enjoying those free casino chips today! Types of National Casino bonuses National Casino promos come in many different forms. Welcome bonus The &hellip;<\/p>\n<p class=\"read-more\"> <a class=\"\" href=\"https:\/\/national-casino.info\/cs\/bonus\/\"> <span class=\"screen-reader-text\">National Casino Bonus<\/span> Pokra\u010dovat ve \u010dten\u00ed &raquo;<\/a><\/p>","protected":false},"author":1,"featured_media":0,"parent":0,"menu_order":0,"comment_status":"closed","ping_status":"closed","template":"","meta":{"site-sidebar-layout":"default","site-content-layout":"default","ast-global-header-display":"","ast-main-header-display":"","ast-hfb-above-header-display":"","ast-hfb-below-header-display":"","ast-hfb-mobile-header-display":"","site-post-title":"","ast-breadcrumbs-content":"","ast-featured-img":"","footer-sml-layout":"","theme-transparent-header-meta":"","adv-header-id-meta":"","stick-header-meta":"","header-above-stick-meta":"","header-main-stick-meta":"","header-below-stick-meta":"","footnotes":""},"class_list":["post-216","page","type-page","status-publish","hentry"],"yoast_head":"<!-- This site is optimized with the Yoast SEO plugin v19.13 - https:\/\/yoast.com\/wordpress\/plugins\/seo\/ -->\n<title>National Casino Bonuses: \ud83c\udf81 No Deposit, Welcome, Bonus Codes<\/title>\n<meta name=\"description\" content=\"National Casino Bonuses: no deposit, welcome, bonus codes. What are the conditions for wagering casino bonuses\" \/>\n<meta name=\"robots\" content=\"index, follow, max-snippet:-1, max-image-preview:large, max-video-preview:-1\" \/>\n<link rel=\"canonical\" href=\"https:\/\/national-casino.info\/cs\/bonus\/\" \/>\n<meta property=\"og:locale\" content=\"cs_CZ\" \/>\n<meta property=\"og:type\" content=\"article\" \/>\n<meta property=\"og:title\" content=\"National Casino Bonuses: \ud83c\udf81 No Deposit, Welcome, Bonus Codes\" \/>\n<meta property=\"og:description\" content=\"National Casino Bonuses: no deposit, welcome, bonus codes. What are the conditions for wagering casino bonuses\" \/>\n<meta property=\"og:url\" content=\"https:\/\/national-casino.info\/cs\/bonus\/\" \/>\n<meta property=\"og:site_name\" content=\"National Casino\" \/>\n<meta property=\"article:modified_time\" content=\"2023-06-28T13:45:18+00:00\" \/>\n<meta property=\"og:image\" content=\"https:\/\/national-casino.info\/wp-content\/uploads\/2022\/05\/national-casino-reviews-1024x372.png\" \/>\n<meta name=\"twitter:card\" content=\"summary_large_image\" \/>\n<meta name=\"twitter:label1\" content=\"Odhadovan\u00e1 doba \u010dten\u00ed\" \/>\n\t<meta name=\"twitter:data1\" content=\"3 minuty\" \/>\n<script type=\"application\/ld+json\" class=\"yoast-schema-graph\">{\"@context\":\"https:\/\/schema.org\",\"@graph\":[{\"@type\":\"WebPage\",\"@id\":\"https:\/\/national-casino.info\/bonus\/\",\"url\":\"https:\/\/national-casino.info\/bonus\/\",\"name\":\"National Casino Bonuses: \ud83c\udf81 No Deposit, Welcome, Bonus Codes\",\"isPartOf\":{\"@id\":\"https:\/\/national-casino.info\/#website\"},\"datePublished\":\"2022-05-31T12:02:53+00:00\",\"dateModified\":\"2023-06-28T13:45:18+00:00\",\"description\":\"National Casino Bonuses: no deposit, welcome, bonus codes. What are the conditions for wagering casino bonuses\",\"breadcrumb\":{\"@id\":\"https:\/\/national-casino.info\/bonus\/#breadcrumb\"},\"inLanguage\":\"cs\",\"potentialAction\":[{\"@type\":\"ReadAction\",\"target\":[\"https:\/\/national-casino.info\/bonus\/\"]}]},{\"@type\":\"BreadcrumbList\",\"@id\":\"https:\/\/national-casino.info\/bonus\/#breadcrumb\",\"itemListElement\":[{\"@type\":\"ListItem\",\"position\":1,\"name\":\"Home\",\"item\":\"https:\/\/national-casino.info\/\"},{\"@type\":\"ListItem\",\"position\":2,\"name\":\"National Casino Bonuses\"}]},{\"@type\":\"WebSite\",\"@id\":\"https:\/\/national-casino.info\/#website\",\"url\":\"https:\/\/national-casino.info\/\",\"name\":\"National Casino\",\"description\":\"\",\"publisher\":{\"@id\":\"https:\/\/national-casino.info\/#organization\"},\"potentialAction\":[{\"@type\":\"SearchAction\",\"target\":{\"@type\":\"EntryPoint\",\"urlTemplate\":\"https:\/\/national-casino.info\/?s={search_term_string}\"},\"query-input\":\"required name=search_term_string\"}],\"inLanguage\":\"cs\"},{\"@type\":\"Organization\",\"@id\":\"https:\/\/national-casino.info\/#organization\",\"name\":\"National Casino\",\"url\":\"https:\/\/national-casino.info\/\",\"logo\":{\"@type\":\"ImageObject\",\"inLanguage\":\"cs\",\"@id\":\"https:\/\/national-casino.info\/#\/schema\/logo\/image\/\",\"url\":\"https:\/\/national-casino.info\/wp-content\/uploads\/2022\/05\/logo.png\",\"contentUrl\":\"https:\/\/national-casino.info\/wp-content\/uploads\/2022\/05\/logo.png\",\"width\":550,\"height\":214,\"caption\":\"National Casino\"},\"image\":{\"@id\":\"https:\/\/national-casino.info\/#\/schema\/logo\/image\/\"}}]}<\/script>\n<!-- \/ Yoast SEO plugin. -->","yoast_head_json":{"title":"National Casino Bonuses: \ud83c\udf81 No Deposit, Welcome, Bonus Codes","description":"National Casino Bonuses: no deposit, welcome, bonus codes. What are the conditions for wagering casino bonuses","robots":{"index":"index","follow":"follow","max-snippet":"max-snippet:-1","max-image-preview":"max-image-preview:large","max-video-preview":"max-video-preview:-1"},"canonical":"https:\/\/national-casino.info\/cs\/bonus\/","og_locale":"cs_CZ","og_type":"article","og_title":"National Casino Bonuses: \ud83c\udf81 No Deposit, Welcome, Bonus Codes","og_description":"National Casino Bonuses: no deposit, welcome, bonus codes. What are the conditions for wagering casino bonuses","og_url":"https:\/\/national-casino.info\/cs\/bonus\/","og_site_name":"National Casino","article_modified_time":"2023-06-28T13:45:18+00:00","og_image":[{"url":"https:\/\/national-casino.info\/wp-content\/uploads\/2022\/05\/national-casino-reviews-1024x372.png"}],"twitter_card":"summary_large_image","twitter_misc":{"Odhadovan\u00e1 doba \u010dten\u00ed":"3 minuty"},"schema":{"@context":"https:\/\/schema.org","@graph":[{"@type":"WebPage","@id":"https:\/\/national-casino.info\/bonus\/","url":"https:\/\/national-casino.info\/bonus\/","name":"National Casino Bonuses: \ud83c\udf81 No Deposit, Welcome, Bonus Codes","isPartOf":{"@id":"https:\/\/national-casino.info\/#website"},"datePublished":"2022-05-31T12:02:53+00:00","dateModified":"2023-06-28T13:45:18+00:00","description":"National Casino Bonuses: no deposit, welcome, bonus codes. What are the conditions for wagering casino bonuses","breadcrumb":{"@id":"https:\/\/national-casino.info\/bonus\/#breadcrumb"},"inLanguage":"cs","potentialAction":[{"@type":"ReadAction","target":["https:\/\/national-casino.info\/bonus\/"]}]},{"@type":"BreadcrumbList","@id":"https:\/\/national-casino.info\/bonus\/#breadcrumb","itemListElement":[{"@type":"ListItem","position":1,"name":"Home","item":"https:\/\/national-casino.info\/"},{"@type":"ListItem","position":2,"name":"National Casino Bonuses"}]},{"@type":"WebSite","@id":"https:\/\/national-casino.info\/#website","url":"https:\/\/national-casino.info\/","name":"National Casino","description":"","publisher":{"@id":"https:\/\/national-casino.info\/#organization"},"potentialAction":[{"@type":"SearchAction","target":{"@type":"EntryPoint","urlTemplate":"https:\/\/national-casino.info\/?s={search_term_string}"},"query-input":"required name=search_term_string"}],"inLanguage":"cs"},{"@type":"Organization","@id":"https:\/\/national-casino.info\/#organization","name":"National Casino","url":"https:\/\/national-casino.info\/","logo":{"@type":"ImageObject","inLanguage":"cs","@id":"https:\/\/national-casino.info\/#\/schema\/logo\/image\/","url":"https:\/\/national-casino.info\/wp-content\/uploads\/2022\/05\/logo.png","contentUrl":"https:\/\/national-casino.info\/wp-content\/uploads\/2022\/05\/logo.png","width":550,"height":214,"caption":"National Casino"},"image":{"@id":"https:\/\/national-casino.info\/#\/schema\/logo\/image\/"}}]}},"_links":{"self":[{"href":"https:\/\/national-casino.info\/cs\/wp-json\/wp\/v2\/pages\/216","targetHints":{"allow":["GET"]}}],"collection":[{"href":"https:\/\/national-casino.info\/cs\/wp-json\/wp\/v2\/pages"}],"about":[{"href":"https:\/\/national-casino.info\/cs\/wp-json\/wp\/v2\/types\/page"}],"author":[{"embeddable":true,"href":"https:\/\/national-casino.info\/cs\/wp-json\/wp\/v2\/users\/1"}],"replies":[{"embeddable":true,"href":"https:\/\/national-casino.info\/cs\/wp-json\/wp\/v2\/comments?post=216"}],"version-history":[{"count":5,"href":"https:\/\/national-casino.info\/cs\/wp-json\/wp\/v2\/pages\/216\/revisions"}],"predecessor-version":[{"id":288,"href":"https:\/\/national-casino.info\/cs\/wp-json\/wp\/v2\/pages\/216\/revisions\/288"}],"wp:attachment":[{"href":"https:\/\/national-casino.info\/cs\/wp-json\/wp\/v2\/media?parent=216"}],"curies":[{"name":"wp","href":"https:\/\/api.w.org\/{rel}","templated":true}]}}