{"id":100,"date":"2022-05-14T16:13:30","date_gmt":"2022-05-14T16:13:30","guid":{"rendered":"https:\/\/national-casino.info\/?page_id=100"},"modified":"2023-06-28T13:46:08","modified_gmt":"2023-06-28T13:46:08","slug":"login","status":"publish","type":"page","link":"https:\/\/national-casino.info\/de_at\/login\/","title":{"rendered":"National Casino Login"},"content":{"rendered":"<figure class=\"wp-block-image size-large\"><img loading=\"lazy\" decoding=\"async\" width=\"1024\" height=\"341\" src=\"https:\/\/national-casino.info\/wp-content\/uploads\/2022\/05\/national-casino-main-1024x341.jpeg\" alt=\"Nationale Casino Anmeldung\" class=\"wp-image-167\" srcset=\"https:\/\/national-casino.info\/wp-content\/uploads\/2022\/05\/national-casino-main-1024x341.jpeg 1024w, https:\/\/national-casino.info\/wp-content\/uploads\/2022\/05\/national-casino-main-300x100.jpeg 300w, https:\/\/national-casino.info\/wp-content\/uploads\/2022\/05\/national-casino-main-768x256.jpeg 768w, https:\/\/national-casino.info\/wp-content\/uploads\/2022\/05\/national-casino-main-1536x512.jpeg 1536w, https:\/\/national-casino.info\/wp-content\/uploads\/2022\/05\/national-casino-main-2048x683.jpeg 2048w\" sizes=\"auto, (max-width: 1024px) 100vw, 1024px\" \/><\/figure>\n\n\n\n<p><a href=\"\/de_at\/\">National Casino<\/a> ist eines der beliebtesten Online-Casinos der Welt. Millionen von Spielern genie\u00dfen jeden Tag seine Spiele. Wenn Sie einer dieser Spieler sind, fragen Sie sich vielleicht, wie Sie sich bei National Casino anmelden k\u00f6nnen. In diesem Artikel werden wir Sie Schritt f\u00fcr Schritt durch den Prozess f\u00fchren.<\/p>\n\n\n\n<h2 class=\"wp-block-heading\">Wie man sich bei National Casino anmeldet <\/h2>\n\n\n\n<p>Bevor Sie sich in ein National Casino-Konto einloggen k\u00f6nnen, m\u00fcssen Sie sich registrieren. Sie k\u00f6nnen dies tun, indem Sie die National Casino-Website besuchen und auf die Schaltfl\u00e4che \"Registrieren\" klicken. Danach m\u00fcssen Sie einige pers\u00f6nliche Daten wie Ihren Namen, Ihre Adresse und Ihre E-Mail-Adresse angeben. Sobald Sie alle erforderlichen Felder ausgef\u00fcllt haben, k\u00f6nnen Sie Ihr Konto erstellen.<\/p>\n\n\n\n<p>Nachdem Sie sich f\u00fcr Ihr Konto registriert haben, m\u00fcssen Sie Ihre E-Mail-Adresse verifizieren. National Casino schickt Ihnen eine E-Mail mit einem Link, den Sie anklicken m\u00fcssen. Sobald Sie auf den Link geklickt haben, wird Ihr Konto verifiziert, und Sie k\u00f6nnen sich in der National Casino-Lobby anmelden. Und Sie k\u00f6nnen erhalten <a href=\"https:\/\/national-casino.info\/de_at\/bonus\/\">National Casino bonus<\/a>.<\/p>\n\n\n\n<p>Sie m\u00fcssen au\u00dferdem mindestens 18 Jahre alt sein, um ein Konto zu er\u00f6ffnen. National Casino verwendet eine Alters\u00fcberpr\u00fcfungssoftware, um sicherzustellen, dass alle Spieler vollj\u00e4hrig sind.<\/p>\n\n\n\n<h2 class=\"wp-block-heading\">Login National Casino Konto<\/h2>\n\n\n\n<p>Nun, da Sie sich f\u00fcr ein Konto registriert haben, ist es an der Zeit zu lernen, wie man sich bei National Casino anmeldet. Als Erstes m\u00fcssen Sie die National Casino-Website besuchen und auf die Schaltfl\u00e4che \"Anmelden\" klicken. Daraufhin \u00f6ffnet sich eine neue Seite, auf der Sie aufgefordert werden, Ihren Benutzernamen und Ihr Passwort einzugeben. Sobald Sie diese Daten eingegeben haben, klicken Sie einfach auf die Schaltfl\u00e4che \"Anmelden\", und Sie werden in Ihrem Konto angemeldet sein.<\/p>\n\n\n\n<div class=\"wp-block-buttons is-content-justification-center is-layout-flex wp-container-core-buttons-is-layout-a89b3969 wp-block-buttons-is-layout-flex\">\n<div class=\"wp-block-button has-custom-width wp-block-button__width-100 is-style-fill\"><a class=\"wp-block-button__link has-ast-global-color-8-color has-text-color has-background wp-element-button\" href=\"https:\/\/media.playamopartners.com\/redirect.aspx?pid=251725&amp;bid=2036&amp;lpid=502\" style=\"border-radius:5px;background-color:#fec882\">National Casino Login<\/a><\/div>\n<\/div>\n\n\n\n<p><\/p>\n\n\n\n<h2 class=\"wp-block-heading\">National Casino Login vom Handy aus<\/h2>\n\n\n\n<p>National Casino ist auch auf mobilen Ger\u00e4ten verf\u00fcgbar. Um sich \u00fcber Ihr Mobiltelefon anzumelden, m\u00fcssen Sie die National Casino-App herunterladen. Die App ist sowohl f\u00fcr iOS- als auch f\u00fcr Android-Ger\u00e4te verf\u00fcgbar.<\/p>\n\n\n\n<p>Sobald Sie die App heruntergeladen und installiert haben, \u00f6ffnen Sie sie einfach und geben Ihren Benutzernamen und Ihr Passwort ein. Sobald Sie das getan haben, sind Sie bei Ihrem Konto angemeldet und k\u00f6nnen alle Spiele von Ihrem mobilen Ger\u00e4t aus spielen.<\/p>\n\n\n\n<h2 class=\"wp-block-heading\">Was ist zu tun, wenn Sie Ihr Passwort vergessen haben?<\/h2>\n\n\n\n<p>Wenn Sie Ihr Passwort vergessen haben, kann National Casino Ihnen helfen, es wiederherzustellen. Zun\u00e4chst m\u00fcssen Sie die Anmeldeseite besuchen und auf den Link \"Passwort vergessen\" klicken. Dadurch werden Sie auf eine neue Seite weitergeleitet, auf der Sie aufgefordert werden, Ihre E-Mail-Adresse einzugeben. Sobald Sie Ihre E-Mail-Adresse eingegeben haben, sendet Ihnen National Casino eine E-Mail mit Anweisungen zum Zur\u00fccksetzen Ihres Passworts.<\/p>\n\n\n\n<h2 class=\"wp-block-heading\">Was Sie tun k\u00f6nnen, wenn Sie sich nicht bei login to National Casino<\/h2>\n\n\n\n<p>Wenn Sie Probleme beim Einloggen in Ihr Konto oder Fragen zur Registrierung haben, k\u00f6nnen Sie sich jederzeit an den National Casino-Kundenservice wenden, um Hilfe zu erhalten. Der Kundensupport ist 24 Stunden am Tag, sieben Tage die Woche erreichbar. Sie k\u00f6nnen sie per Telefon, Live-Chat oder E-Mail erreichen.<\/p>\n\n\n\n<h2 class=\"wp-block-heading\">Tipps f\u00fcr die Sicherheit beim Online-Gl\u00fccksspiel<\/h2>\n\n\n\n<ol class=\"wp-block-list\">\n<li>Beim Online-Gl\u00fccksspiel ist es wichtig, Vorsichtsma\u00dfnahmen zu treffen, um sicher zu sein. In erster Linie sollten Sie nie mit Geld spielen, dessen Verlust Sie sich nicht leisten k\u00f6nnen.<\/li>\n\n\n\n<li>Zweitens sollten Sie sich immer vergewissern, dass die Website, auf der Sie spielen, seri\u00f6s ist. Viele Betr\u00fcger werden versuchen, Sie dazu zu bringen, ihnen Ihre pers\u00f6nlichen Daten oder Ihr Geld zu geben. Wenn Sie sich bei einer Website unsicher sind, k\u00f6nnen Sie sich jederzeit an den Kundendienst wenden und um Hilfe bitten.<\/li>\n\n\n\n<li>Schlie\u00dflich sollten Sie Ihre Anmeldedaten niemals an Dritte weitergeben. Dazu geh\u00f6ren Familienmitglieder, Freunde oder sogar Kundendienstmitarbeiter.<\/li>\n<\/ol>\n\n\n\n<h2 class=\"wp-block-heading\">FAQs<\/h2>\n\n\n<style>#sp-ea-210 .spcollapsing { height: 0; overflow: hidden; transition-property: height;transition-duration: 300ms;}#sp-ea-210.sp-easy-accordion>.sp-ea-single {border: 1px solid #e2e2e2; }#sp-ea-210.sp-easy-accordion>.sp-ea-single>.ea-header a {color: #444;}#sp-ea-210.sp-easy-accordion>.sp-ea-single>.sp-collapse>.ea-body {background: #fff; color: #444;}#sp-ea-210.sp-easy-accordion>.sp-ea-single {background: #eee;}#sp-ea-210.sp-easy-accordion>.sp-ea-single>.ea-header a .ea-expand-icon.fa { float: left; color: #444;font-size: 16px;}<\/style><div id=\"sp-ea-210\" class=\"sp-ea-one sp-easy-accordion\" data-ex-icon=\"fa-minus\" data-col-icon=\"fa-plus\"  data-ea-active=\"ea-click\"  data-ea-mode=\"vertical\" data-preloader=\"\" data-scroll-active-item=\"\" data-offset-to-scroll=\"0\"><div class=\"ea-card ea-expand sp-ea-single\"><h3 class=\"ea-header\"><a class=\"collapsed\" data-sptoggle=\"spcollapse\" data-sptarget=\"#collapse2100\" href=\"javascript:void(0)\"  aria-expanded=\"true\"><i class=\"ea-expand-icon fa fa-minus\"><\/i> Ist National Casino sicher?<\/a><\/h3><div class=\"sp-collapse spcollapse collapsed show\" id=\"collapse2100\" ><div class=\"ea-body\"><p>Ja, National Casino ist eine sichere und gesch\u00fctzte Website.<\/p>\n<\/div><\/div><\/div><div class=\"ea-card  sp-ea-single\"><h3 class=\"ea-header\"><a class=\"collapsed\" data-sptoggle=\"spcollapse\" data-sptarget=\"#collapse2101\" href=\"javascript:void(0)\"  aria-expanded=\"false\"><i class=\"ea-expand-icon fa fa-plus\"><\/i> Kann ich bei National Casino kostenlos Casino-Spiele spielen?<\/a><\/h3><div class=\"sp-collapse spcollapse\" id=\"collapse2101\" ><div class=\"ea-body\"><p>Sie m\u00fcssen ein Konto haben und eingeloggt sein, um Casino-Spiele auf National Casino zu spielen.<\/p>\n<\/div><\/div><\/div><div class=\"ea-card  sp-ea-single\"><h3 class=\"ea-header\"><a class=\"collapsed\" data-sptoggle=\"spcollapse\" data-sptarget=\"#collapse2102\" href=\"javascript:void(0)\"  aria-expanded=\"false\"><i class=\"ea-expand-icon fa fa-plus\"><\/i> Was ist das Mindestalter f\u00fcr die Registrierung eines Kontos bei National Casino?<\/a><\/h3><div class=\"sp-collapse spcollapse\" id=\"collapse2102\" ><div class=\"ea-body\"><p>Sie m\u00fcssen mindestens 18 Jahre alt sein, um sich f\u00fcr ein Konto bei National Casino zu registrieren.<\/p>\n<\/div><\/div><\/div><div class=\"ea-card  sp-ea-single\"><h3 class=\"ea-header\"><a class=\"collapsed\" data-sptoggle=\"spcollapse\" data-sptarget=\"#collapse2103\" href=\"javascript:void(0)\"  aria-expanded=\"false\"><i class=\"ea-expand-icon fa fa-plus\"><\/i> Wie kann ich den Kundendienst kontaktieren, wenn ich Hilfe ben\u00f6tige?<\/a><\/h3><div class=\"sp-collapse spcollapse\" id=\"collapse2103\" ><div class=\"ea-body\"><p>Der Kundensupport ist 24 Stunden am Tag, sieben Tage die Woche erreichbar. Sie k\u00f6nnen ihn per Telefon, Live-Chat oder E-Mail erreichen.<\/p>\n<\/div><\/div><\/div><\/div>","protected":false},"excerpt":{"rendered":"<p>National Casino is one of the most popular online casinos in the world. Millions of players enjoy its games every day. If you are one of those players, you may be wondering how to login National Casino. In this article, we will walk you through the process step-by-step. How to register at National Casino Before &hellip;<\/p>\n<p class=\"read-more\"> <a class=\"\" href=\"https:\/\/national-casino.info\/de_at\/login\/\"> <span class=\"screen-reader-text\">National Casino Login<\/span> Read More &raquo;<\/a><\/p>","protected":false},"author":1,"featured_media":0,"parent":0,"menu_order":0,"comment_status":"closed","ping_status":"closed","template":"","meta":{"site-sidebar-layout":"default","site-content-layout":"default","ast-global-header-display":"","ast-main-header-display":"","ast-hfb-above-header-display":"","ast-hfb-below-header-display":"","ast-hfb-mobile-header-display":"","site-post-title":"","ast-breadcrumbs-content":"","ast-featured-img":"","footer-sml-layout":"","theme-transparent-header-meta":"","adv-header-id-meta":"","stick-header-meta":"","header-above-stick-meta":"","header-main-stick-meta":"","header-below-stick-meta":"","footnotes":""},"class_list":["post-100","page","type-page","status-publish","hentry"],"yoast_head":"<!-- This site is optimized with the Yoast SEO plugin v19.13 - https:\/\/yoast.com\/wordpress\/plugins\/seo\/ -->\n<title>National Casino Login: \ud83e\udd11 How To Log In To Nationalcasino And Play For Money<\/title>\n<meta name=\"description\" content=\"National Casino login - how to log in to National Casino and start playing for money. What to do if you can&#039;t log in to your account. How to change your personal account password\" \/>\n<meta name=\"robots\" content=\"index, follow, max-snippet:-1, max-image-preview:large, max-video-preview:-1\" \/>\n<link rel=\"canonical\" href=\"https:\/\/national-casino.info\/de_at\/login\/\" \/>\n<meta property=\"og:locale\" content=\"de_DE\" \/>\n<meta property=\"og:type\" content=\"article\" \/>\n<meta property=\"og:title\" content=\"National Casino Login: \ud83e\udd11 How To Log In To Nationalcasino And Play For Money\" \/>\n<meta property=\"og:description\" content=\"National Casino login - how to log in to National Casino and start playing for money. What to do if you can&#039;t log in to your account. How to change your personal account password\" \/>\n<meta property=\"og:url\" content=\"https:\/\/national-casino.info\/de_at\/login\/\" \/>\n<meta property=\"og:site_name\" content=\"National Casino\" \/>\n<meta property=\"article:modified_time\" content=\"2023-06-28T13:46:08+00:00\" \/>\n<meta property=\"og:image\" content=\"https:\/\/national-casino.info\/wp-content\/uploads\/2022\/05\/national-casino-main-1024x341.jpeg\" \/>\n<meta name=\"twitter:card\" content=\"summary_large_image\" \/>\n<meta name=\"twitter:label1\" content=\"Gesch\u00e4tzte Lesezeit\" \/>\n\t<meta name=\"twitter:data1\" content=\"3 Minuten\" \/>\n<script type=\"application\/ld+json\" class=\"yoast-schema-graph\">{\"@context\":\"https:\/\/schema.org\",\"@graph\":[{\"@type\":\"WebPage\",\"@id\":\"https:\/\/national-casino.info\/login\/\",\"url\":\"https:\/\/national-casino.info\/login\/\",\"name\":\"National Casino Login: \ud83e\udd11 How To Log In To Nationalcasino And Play For Money\",\"isPartOf\":{\"@id\":\"https:\/\/national-casino.info\/#website\"},\"datePublished\":\"2022-05-14T16:13:30+00:00\",\"dateModified\":\"2023-06-28T13:46:08+00:00\",\"description\":\"National Casino login - how to log in to National Casino and start playing for money. What to do if you can't log in to your account. How to change your personal account password\",\"breadcrumb\":{\"@id\":\"https:\/\/national-casino.info\/login\/#breadcrumb\"},\"inLanguage\":\"de-AT\",\"potentialAction\":[{\"@type\":\"ReadAction\",\"target\":[\"https:\/\/national-casino.info\/login\/\"]}]},{\"@type\":\"BreadcrumbList\",\"@id\":\"https:\/\/national-casino.info\/login\/#breadcrumb\",\"itemListElement\":[{\"@type\":\"ListItem\",\"position\":1,\"name\":\"Home\",\"item\":\"https:\/\/national-casino.info\/\"},{\"@type\":\"ListItem\",\"position\":2,\"name\":\"National Casino Login\"}]},{\"@type\":\"WebSite\",\"@id\":\"https:\/\/national-casino.info\/#website\",\"url\":\"https:\/\/national-casino.info\/\",\"name\":\"National Casino\",\"description\":\"\",\"publisher\":{\"@id\":\"https:\/\/national-casino.info\/#organization\"},\"potentialAction\":[{\"@type\":\"SearchAction\",\"target\":{\"@type\":\"EntryPoint\",\"urlTemplate\":\"https:\/\/national-casino.info\/?s={search_term_string}\"},\"query-input\":\"required name=search_term_string\"}],\"inLanguage\":\"de-AT\"},{\"@type\":\"Organization\",\"@id\":\"https:\/\/national-casino.info\/#organization\",\"name\":\"National Casino\",\"url\":\"https:\/\/national-casino.info\/\",\"logo\":{\"@type\":\"ImageObject\",\"inLanguage\":\"de-AT\",\"@id\":\"https:\/\/national-casino.info\/#\/schema\/logo\/image\/\",\"url\":\"https:\/\/national-casino.info\/wp-content\/uploads\/2022\/05\/logo.png\",\"contentUrl\":\"https:\/\/national-casino.info\/wp-content\/uploads\/2022\/05\/logo.png\",\"width\":550,\"height\":214,\"caption\":\"National Casino\"},\"image\":{\"@id\":\"https:\/\/national-casino.info\/#\/schema\/logo\/image\/\"}}]}<\/script>\n<!-- \/ Yoast SEO plugin. -->","yoast_head_json":{"title":"National Casino Login: \ud83e\udd11 How To Log In To Nationalcasino And Play For Money","description":"National Casino login - how to log in to National Casino and start playing for money. What to do if you can't log in to your account. How to change your personal account password","robots":{"index":"index","follow":"follow","max-snippet":"max-snippet:-1","max-image-preview":"max-image-preview:large","max-video-preview":"max-video-preview:-1"},"canonical":"https:\/\/national-casino.info\/de_at\/login\/","og_locale":"de_DE","og_type":"article","og_title":"National Casino Login: \ud83e\udd11 How To Log In To Nationalcasino And Play For Money","og_description":"National Casino login - how to log in to National Casino and start playing for money. What to do if you can't log in to your account. How to change your personal account password","og_url":"https:\/\/national-casino.info\/de_at\/login\/","og_site_name":"National Casino","article_modified_time":"2023-06-28T13:46:08+00:00","og_image":[{"url":"https:\/\/national-casino.info\/wp-content\/uploads\/2022\/05\/national-casino-main-1024x341.jpeg"}],"twitter_card":"summary_large_image","twitter_misc":{"Gesch\u00e4tzte Lesezeit":"3 Minuten"},"schema":{"@context":"https:\/\/schema.org","@graph":[{"@type":"WebPage","@id":"https:\/\/national-casino.info\/login\/","url":"https:\/\/national-casino.info\/login\/","name":"National Casino Login: \ud83e\udd11 How To Log In To Nationalcasino And Play For Money","isPartOf":{"@id":"https:\/\/national-casino.info\/#website"},"datePublished":"2022-05-14T16:13:30+00:00","dateModified":"2023-06-28T13:46:08+00:00","description":"National Casino login - how to log in to National Casino and start playing for money. What to do if you can't log in to your account. How to change your personal account password","breadcrumb":{"@id":"https:\/\/national-casino.info\/login\/#breadcrumb"},"inLanguage":"de-AT","potentialAction":[{"@type":"ReadAction","target":["https:\/\/national-casino.info\/login\/"]}]},{"@type":"BreadcrumbList","@id":"https:\/\/national-casino.info\/login\/#breadcrumb","itemListElement":[{"@type":"ListItem","position":1,"name":"Home","item":"https:\/\/national-casino.info\/"},{"@type":"ListItem","position":2,"name":"National Casino Login"}]},{"@type":"WebSite","@id":"https:\/\/national-casino.info\/#website","url":"https:\/\/national-casino.info\/","name":"National Casino","description":"","publisher":{"@id":"https:\/\/national-casino.info\/#organization"},"potentialAction":[{"@type":"SearchAction","target":{"@type":"EntryPoint","urlTemplate":"https:\/\/national-casino.info\/?s={search_term_string}"},"query-input":"required name=search_term_string"}],"inLanguage":"de-AT"},{"@type":"Organization","@id":"https:\/\/national-casino.info\/#organization","name":"National Casino","url":"https:\/\/national-casino.info\/","logo":{"@type":"ImageObject","inLanguage":"de-AT","@id":"https:\/\/national-casino.info\/#\/schema\/logo\/image\/","url":"https:\/\/national-casino.info\/wp-content\/uploads\/2022\/05\/logo.png","contentUrl":"https:\/\/national-casino.info\/wp-content\/uploads\/2022\/05\/logo.png","width":550,"height":214,"caption":"National Casino"},"image":{"@id":"https:\/\/national-casino.info\/#\/schema\/logo\/image\/"}}]}},"_links":{"self":[{"href":"https:\/\/national-casino.info\/de_at\/wp-json\/wp\/v2\/pages\/100","targetHints":{"allow":["GET"]}}],"collection":[{"href":"https:\/\/national-casino.info\/de_at\/wp-json\/wp\/v2\/pages"}],"about":[{"href":"https:\/\/national-casino.info\/de_at\/wp-json\/wp\/v2\/types\/page"}],"author":[{"embeddable":true,"href":"https:\/\/national-casino.info\/de_at\/wp-json\/wp\/v2\/users\/1"}],"replies":[{"embeddable":true,"href":"https:\/\/national-casino.info\/de_at\/wp-json\/wp\/v2\/comments?post=100"}],"version-history":[{"count":5,"href":"https:\/\/national-casino.info\/de_at\/wp-json\/wp\/v2\/pages\/100\/revisions"}],"predecessor-version":[{"id":289,"href":"https:\/\/national-casino.info\/de_at\/wp-json\/wp\/v2\/pages\/100\/revisions\/289"}],"wp:attachment":[{"href":"https:\/\/national-casino.info\/de_at\/wp-json\/wp\/v2\/media?parent=100"}],"curies":[{"name":"wp","href":"https:\/\/api.w.org\/{rel}","templated":true}]}}