{"id":216,"date":"2022-05-31T12:02:53","date_gmt":"2022-05-31T12:02:53","guid":{"rendered":"https:\/\/national-casino.info\/?page_id=216"},"modified":"2023-06-28T13:45:18","modified_gmt":"2023-06-28T13:45:18","slug":"bonus","status":"publish","type":"page","link":"https:\/\/national-casino.info\/de_at\/bonus\/","title":{"rendered":"National Casino Bonus"},"content":{"rendered":"<figure class=\"wp-block-image aligncenter size-large\"><img loading=\"lazy\" decoding=\"async\" width=\"1024\" height=\"372\" src=\"https:\/\/national-casino.info\/wp-content\/uploads\/2022\/05\/national-casino-reviews-1024x372.png\" alt=\"nationale Casino-Boni\" class=\"wp-image-190\" srcset=\"https:\/\/national-casino.info\/wp-content\/uploads\/2022\/05\/national-casino-reviews-1024x372.png 1024w, https:\/\/national-casino.info\/wp-content\/uploads\/2022\/05\/national-casino-reviews-300x109.png 300w, https:\/\/national-casino.info\/wp-content\/uploads\/2022\/05\/national-casino-reviews-768x279.png 768w, https:\/\/national-casino.info\/wp-content\/uploads\/2022\/05\/national-casino-reviews.png 1149w\" sizes=\"auto, (max-width: 1024px) 100vw, 1024px\" \/><\/figure>\n\n\n\n<p>Sind Sie auf der Suche nach einem National Casino bonuses? Dann sind Sie bei uns genau richtig! Wir haben eine Liste mit den besten <a href=\"\/de_at\/\">National Casino<\/a> Promos online verf\u00fcgbar. Lesen Sie also weiter und genie\u00dfen Sie noch heute diese kostenlosen Casino-Chips!<\/p>\n\n\n\n<h2 class=\"wp-block-heading\">Arten von National Casino bonuses<\/h2>\n\n\n\n<p>National Casino-Promos gibt es in vielen verschiedenen Formen.<\/p>\n\n\n\n<h3 class=\"wp-block-heading\">Willkommensbonus<\/h3>\n\n\n\n<p>Die h\u00e4ufigste Art von Promo ist der Anmeldebonus. Dieses Geschenk wird neuen Spielern angeboten, die ein Konto erstellen und <a href=\"https:\/\/national-casino.info\/de_at\/login\/\">login National Casino<\/a>. Die Anmeldung National Casino bonus in der Regel verdoppelt die erste Einzahlung des Spielers, bis zu einem bestimmten Betrag. Zum Beispiel kann ein National Casino ein 100% Match von $500 anbieten. Wenn Sie also $500 auf Ihr Konto einzahlen, gibt das Casino Ihnen zus\u00e4tzlich $500 gratis!<\/p>\n\n\n\n<div class=\"wp-block-buttons is-content-justification-center is-layout-flex wp-container-core-buttons-is-layout-a89b3969 wp-block-buttons-is-layout-flex\">\n<div class=\"wp-block-button has-custom-width wp-block-button__width-100 is-style-fill\"><a class=\"wp-block-button__link has-ast-global-color-8-color has-text-color has-background wp-element-button\" href=\"https:\/\/media.playamopartners.com\/redirect.aspx?pid=251725&amp;bid=2036&amp;lpid=522\" style=\"border-radius:5px;background-color:#fec882\">Bonus erhalten<\/a><\/div>\n<\/div>\n\n\n\n<p><\/p>\n\n\n\n<h3 class=\"wp-block-heading\">National Casino Kein Einzahlungsbonus<\/h3>\n\n\n\n<p>National Casino kann auch einen Bonus ohne Einzahlung anbieten. Dieses Geschenk wird den Spielern gegeben, ohne dass sie eine Einzahlung machen m\u00fcssen. National Casinos verwenden diese Art von Bonus, um f\u00fcr ihr Casino zu werben und neue Spieler anzuziehen. Bonusse ohne Einzahlung sind in der Regel klein und reichen von $20 bis $100. Dennoch k\u00f6nnen sie wertvoll sein, denn Sie k\u00f6nnen sie nutzen, um kostenlos Casino-Spiele mit echtem Geld zu spielen!<\/p>\n\n\n\n<h3 class=\"wp-block-heading\">Wiederauflade-Bonus<\/h3>\n\n\n\n<p>National Casinos bietet auch Reload-Bonusse an, die \u00e4hnlich wie Anmeldeaktionen sind, aber bestehenden Spielern angeboten werden, die zus\u00e4tzliche Einzahlungen t\u00e4tigen. Reload-Bonusse entsprechen in der Regel einem Einzahlungsprozentsatz bis zu einem H\u00f6chstbetrag. Zum Beispiel kann ein National Casino einen 50% von $500 anbieten. Wenn Sie also $500 auf Ihr Konto einzahlen, gibt Ihnen das Casino zus\u00e4tzlich $250 gratis!<\/p>\n\n\n\n<h3 class=\"wp-block-heading\">Gratis-Spins<\/h3>\n\n\n\n<p>Ein weiterer g\u00e4ngiger Bonus sind Freispiele. National Casinos verwenden diese Art von Bonus, um neue Slot-Spiele zu f\u00f6rdern. Freispiele sind in der Regel auf einem bestimmten Slot-Spiel gegeben, und Sie k\u00f6nnen sie verwenden, um f\u00fcr echtes Geld Preise zu spielen. Dar\u00fcber hinaus bieten Casinos oft Freispiele als Willkommens- oder Aufladebonuspaket an.<\/p>\n\n\n\n<div class=\"wp-block-buttons is-content-justification-center is-layout-flex wp-container-core-buttons-is-layout-a89b3969 wp-block-buttons-is-layout-flex\">\n<div class=\"wp-block-button has-custom-width wp-block-button__width-100 is-style-fill\"><a class=\"wp-block-button__link has-ast-global-color-8-color has-text-color has-background wp-element-button\" href=\"https:\/\/media.playamopartners.com\/redirect.aspx?pid=251725&amp;bid=2036&amp;lpid=522\" style=\"border-radius:5px;background-color:#fec882\">Gratis-Spins erhalten<\/a><\/div>\n<\/div>\n\n\n\n<p><\/p>\n\n\n\n<h3 class=\"wp-block-heading\">Loyalit\u00e4tsprogramm<\/h3>\n\n\n\n<p>National Casinos bieten auch Treueprogramme an. Diese Programme geben den Spielern Punkte f\u00fcr jeden Dollar, den sie im Casino ausgeben. Die Punkte k\u00f6nnen dann f\u00fcr Bargeld, Preise oder andere Vorteile eingel\u00f6st werden. Treueprogramme sind eine tolle M\u00f6glichkeit, die besten Geschenke zu bekommen, ohne eine Einzahlung zu t\u00e4tigen!<\/p>\n\n\n\n<h3 class=\"wp-block-heading\">National Casino bonus-Codes<\/h3>\n\n\n\n<p>National Casino bonuses werden in der Regel mit Bonuscodes geliefert. Bonus-Codes sind spezielle Codes, die Sie verwenden k\u00f6nnen, um Geschenke einzul\u00f6sen. Um einen Bonuscode zu verwenden, geben Sie ihn ein, wenn Sie bei der Registrierung im Casino oder bei einer Einzahlung dazu aufgefordert werden. Das National Casino wird dann den Preis automatisch Ihrem Konto hinzuf\u00fcgen.<\/p>\n\n\n\n<p>National Casino bonus codes sind eine tolle M\u00f6glichkeit, Geschenke zu bekommen, ohne eine Einzahlung zu t\u00e4tigen!<\/p>\n\n\n\n<h2 class=\"wp-block-heading\">Wettanforderungen<\/h2>\n\n\n\n<p>National Casino bonuses kommen in der Regel mit Wettanforderungen. Wettanforderungen sind der Geldbetrag, den Sie setzen m\u00fcssen, bevor Sie Ihre Promos abheben k\u00f6nnen. Wenn zum Beispiel ein National Casino einen 100%-Match-Bonus von bis zu $500 bietet, kann die Wettanforderung 15x sein. Das bedeutet, dass Sie $15 f\u00fcr jede $100, die Sie abheben m\u00f6chten, setzen m\u00fcssen.<\/p>\n\n\n\n<p>Die Wettanforderungen sind unterschiedlich, daher sollten Sie die Bedingungen f\u00fcr jeden Bonus lesen, bevor Sie ihn in Anspruch nehmen.<\/p>\n\n\n\n<h2 class=\"wp-block-heading\">FAQs<\/h2>\n\n\n<style>#sp-ea-217 .spcollapsing { height: 0; overflow: hidden; transition-property: height;transition-duration: 300ms;}#sp-ea-217.sp-easy-accordion>.sp-ea-single {border: 1px solid #e2e2e2; }#sp-ea-217.sp-easy-accordion>.sp-ea-single>.ea-header a {color: #444;}#sp-ea-217.sp-easy-accordion>.sp-ea-single>.sp-collapse>.ea-body {background: #fff; color: #444;}#sp-ea-217.sp-easy-accordion>.sp-ea-single {background: #eee;}#sp-ea-217.sp-easy-accordion>.sp-ea-single>.ea-header a .ea-expand-icon.fa { float: left; color: #444;font-size: 16px;}<\/style><div id=\"sp-ea-217\" class=\"sp-ea-one sp-easy-accordion\" data-ex-icon=\"fa-minus\" data-col-icon=\"fa-plus\"  data-ea-active=\"ea-click\"  data-ea-mode=\"vertical\" data-preloader=\"\" data-scroll-active-item=\"\" data-offset-to-scroll=\"0\"><div class=\"ea-card ea-expand sp-ea-single\"><h3 class=\"ea-header\"><a class=\"collapsed\" data-sptoggle=\"spcollapse\" data-sptarget=\"#collapse2170\" href=\"javascript:void(0)\"  aria-expanded=\"true\"><i class=\"ea-expand-icon fa fa-minus\"><\/i> Was ist ein National Casino bonus?<\/a><\/h3><div class=\"sp-collapse spcollapse collapsed show\" id=\"collapse2170\" ><div class=\"ea-body\"><p>Ein National Casino bonus ist ein spezielles Angebot, das Casinos nutzen, um neue Spieler anzulocken. Es verdoppelt normalerweise die erste Einzahlung des Spielers bis zu einem bestimmten Betrag. Zum Beispiel kann ein National Casino ein 100% Match von $500 anbieten. Wenn Sie $500 auf Ihr Konto einzahlen, gibt das Casino Ihnen zus\u00e4tzlich $500 gratis!<\/p>\n<\/div><\/div><\/div><div class=\"ea-card  sp-ea-single\"><h3 class=\"ea-header\"><a class=\"collapsed\" data-sptoggle=\"spcollapse\" data-sptarget=\"#collapse2171\" href=\"javascript:void(0)\"  aria-expanded=\"false\"><i class=\"ea-expand-icon fa fa-plus\"><\/i> Wie verwende ich einen National Casino bonus codes?<\/a><\/h3><div class=\"sp-collapse spcollapse\" id=\"collapse2171\" ><div class=\"ea-body\"><p>Um einen National Casino bonus-Code zu verwenden, geben Sie ihn einfach ein, wenn Sie w\u00e4hrend des Registrierungsprozesses oder bei einer Einzahlung dazu aufgefordert werden. Das Casino wird das Geschenk dann automatisch Ihrem Konto hinzuf\u00fcgen.<\/p>\n<\/div><\/div><\/div><div class=\"ea-card  sp-ea-single\"><h3 class=\"ea-header\"><a class=\"collapsed\" data-sptoggle=\"spcollapse\" data-sptarget=\"#collapse2172\" href=\"javascript:void(0)\"  aria-expanded=\"false\"><i class=\"ea-expand-icon fa fa-plus\"><\/i> Was sind die Wettanforderungen?<\/a><\/h3><div class=\"sp-collapse spcollapse\" id=\"collapse2172\" ><div class=\"ea-body\"><p>Die Wettanforderungen sind der Geldbetrag, den Sie setzen m\u00fcssen, bevor Sie Ihre National Casino bonus abheben k\u00f6nnen. Zum Beispiel, wenn Casino bietet eine 100% Match-Bonus von bis zu $500, kann die Wettanforderung 15x sein. Das bedeutet, dass Sie $15 f\u00fcr jede $100, die Sie abheben m\u00f6chten, setzen m\u00fcssen.<\/p>\n<\/div><\/div><\/div><div class=\"ea-card  sp-ea-single\"><h3 class=\"ea-header\"><a class=\"collapsed\" data-sptoggle=\"spcollapse\" data-sptarget=\"#collapse2173\" href=\"javascript:void(0)\"  aria-expanded=\"false\"><i class=\"ea-expand-icon fa fa-plus\"><\/i> Was ist National Casino no deposit bonus?<\/a><\/h3><div class=\"sp-collapse spcollapse\" id=\"collapse2173\" ><div class=\"ea-body\"><p>Ein National Casino no deposit bonus ist ein einzigartiges Geschenk, f\u00fcr das keine Einzahlung erforderlich ist. National Casino verwendet Bonusse ohne Einzahlung, um f\u00fcr seine Spiele zu werben.<\/p>\n<\/div><\/div><\/div><\/div>","protected":false},"excerpt":{"rendered":"<p>Are you looking for a National Casino bonuses? Then, you&#8217;ve come to the right place! We have compiled a list of the best National Casino promos available online. So read on and start enjoying those free casino chips today! Types of National Casino bonuses National Casino promos come in many different forms. Welcome bonus The &hellip;<\/p>\n<p class=\"read-more\"> <a class=\"\" href=\"https:\/\/national-casino.info\/de_at\/bonus\/\"> <span class=\"screen-reader-text\">National Casino Bonus<\/span> Read More &raquo;<\/a><\/p>","protected":false},"author":1,"featured_media":0,"parent":0,"menu_order":0,"comment_status":"closed","ping_status":"closed","template":"","meta":{"site-sidebar-layout":"default","site-content-layout":"default","ast-global-header-display":"","ast-main-header-display":"","ast-hfb-above-header-display":"","ast-hfb-below-header-display":"","ast-hfb-mobile-header-display":"","site-post-title":"","ast-breadcrumbs-content":"","ast-featured-img":"","footer-sml-layout":"","theme-transparent-header-meta":"","adv-header-id-meta":"","stick-header-meta":"","header-above-stick-meta":"","header-main-stick-meta":"","header-below-stick-meta":"","footnotes":""},"class_list":["post-216","page","type-page","status-publish","hentry"],"yoast_head":"<!-- This site is optimized with the Yoast SEO plugin v19.13 - https:\/\/yoast.com\/wordpress\/plugins\/seo\/ -->\n<title>National Casino Bonuses: \ud83c\udf81 No Deposit, Welcome, Bonus Codes<\/title>\n<meta name=\"description\" content=\"National Casino Bonuses: no deposit, welcome, bonus codes. What are the conditions for wagering casino bonuses\" \/>\n<meta name=\"robots\" content=\"index, follow, max-snippet:-1, max-image-preview:large, max-video-preview:-1\" \/>\n<link rel=\"canonical\" href=\"https:\/\/national-casino.info\/de_at\/bonus\/\" \/>\n<meta property=\"og:locale\" content=\"de_DE\" \/>\n<meta property=\"og:type\" content=\"article\" \/>\n<meta property=\"og:title\" content=\"National Casino Bonuses: \ud83c\udf81 No Deposit, Welcome, Bonus Codes\" \/>\n<meta property=\"og:description\" content=\"National Casino Bonuses: no deposit, welcome, bonus codes. What are the conditions for wagering casino bonuses\" \/>\n<meta property=\"og:url\" content=\"https:\/\/national-casino.info\/de_at\/bonus\/\" \/>\n<meta property=\"og:site_name\" content=\"National Casino\" \/>\n<meta property=\"article:modified_time\" content=\"2023-06-28T13:45:18+00:00\" \/>\n<meta property=\"og:image\" content=\"https:\/\/national-casino.info\/wp-content\/uploads\/2022\/05\/national-casino-reviews-1024x372.png\" \/>\n<meta name=\"twitter:card\" content=\"summary_large_image\" \/>\n<meta name=\"twitter:label1\" content=\"Gesch\u00e4tzte Lesezeit\" \/>\n\t<meta name=\"twitter:data1\" content=\"3 Minuten\" \/>\n<script type=\"application\/ld+json\" class=\"yoast-schema-graph\">{\"@context\":\"https:\/\/schema.org\",\"@graph\":[{\"@type\":\"WebPage\",\"@id\":\"https:\/\/national-casino.info\/bonus\/\",\"url\":\"https:\/\/national-casino.info\/bonus\/\",\"name\":\"National Casino Bonuses: \ud83c\udf81 No Deposit, Welcome, Bonus Codes\",\"isPartOf\":{\"@id\":\"https:\/\/national-casino.info\/#website\"},\"datePublished\":\"2022-05-31T12:02:53+00:00\",\"dateModified\":\"2023-06-28T13:45:18+00:00\",\"description\":\"National Casino Bonuses: no deposit, welcome, bonus codes. What are the conditions for wagering casino bonuses\",\"breadcrumb\":{\"@id\":\"https:\/\/national-casino.info\/bonus\/#breadcrumb\"},\"inLanguage\":\"de-AT\",\"potentialAction\":[{\"@type\":\"ReadAction\",\"target\":[\"https:\/\/national-casino.info\/bonus\/\"]}]},{\"@type\":\"BreadcrumbList\",\"@id\":\"https:\/\/national-casino.info\/bonus\/#breadcrumb\",\"itemListElement\":[{\"@type\":\"ListItem\",\"position\":1,\"name\":\"Home\",\"item\":\"https:\/\/national-casino.info\/\"},{\"@type\":\"ListItem\",\"position\":2,\"name\":\"National Casino Bonuses\"}]},{\"@type\":\"WebSite\",\"@id\":\"https:\/\/national-casino.info\/#website\",\"url\":\"https:\/\/national-casino.info\/\",\"name\":\"National Casino\",\"description\":\"\",\"publisher\":{\"@id\":\"https:\/\/national-casino.info\/#organization\"},\"potentialAction\":[{\"@type\":\"SearchAction\",\"target\":{\"@type\":\"EntryPoint\",\"urlTemplate\":\"https:\/\/national-casino.info\/?s={search_term_string}\"},\"query-input\":\"required name=search_term_string\"}],\"inLanguage\":\"de-AT\"},{\"@type\":\"Organization\",\"@id\":\"https:\/\/national-casino.info\/#organization\",\"name\":\"National Casino\",\"url\":\"https:\/\/national-casino.info\/\",\"logo\":{\"@type\":\"ImageObject\",\"inLanguage\":\"de-AT\",\"@id\":\"https:\/\/national-casino.info\/#\/schema\/logo\/image\/\",\"url\":\"https:\/\/national-casino.info\/wp-content\/uploads\/2022\/05\/logo.png\",\"contentUrl\":\"https:\/\/national-casino.info\/wp-content\/uploads\/2022\/05\/logo.png\",\"width\":550,\"height\":214,\"caption\":\"National Casino\"},\"image\":{\"@id\":\"https:\/\/national-casino.info\/#\/schema\/logo\/image\/\"}}]}<\/script>\n<!-- \/ Yoast SEO plugin. -->","yoast_head_json":{"title":"National Casino Bonuses: \ud83c\udf81 No Deposit, Welcome, Bonus Codes","description":"National Casino Bonuses: no deposit, welcome, bonus codes. What are the conditions for wagering casino bonuses","robots":{"index":"index","follow":"follow","max-snippet":"max-snippet:-1","max-image-preview":"max-image-preview:large","max-video-preview":"max-video-preview:-1"},"canonical":"https:\/\/national-casino.info\/de_at\/bonus\/","og_locale":"de_DE","og_type":"article","og_title":"National Casino Bonuses: \ud83c\udf81 No Deposit, Welcome, Bonus Codes","og_description":"National Casino Bonuses: no deposit, welcome, bonus codes. What are the conditions for wagering casino bonuses","og_url":"https:\/\/national-casino.info\/de_at\/bonus\/","og_site_name":"National Casino","article_modified_time":"2023-06-28T13:45:18+00:00","og_image":[{"url":"https:\/\/national-casino.info\/wp-content\/uploads\/2022\/05\/national-casino-reviews-1024x372.png"}],"twitter_card":"summary_large_image","twitter_misc":{"Gesch\u00e4tzte Lesezeit":"3 Minuten"},"schema":{"@context":"https:\/\/schema.org","@graph":[{"@type":"WebPage","@id":"https:\/\/national-casino.info\/bonus\/","url":"https:\/\/national-casino.info\/bonus\/","name":"National Casino Bonuses: \ud83c\udf81 No Deposit, Welcome, Bonus Codes","isPartOf":{"@id":"https:\/\/national-casino.info\/#website"},"datePublished":"2022-05-31T12:02:53+00:00","dateModified":"2023-06-28T13:45:18+00:00","description":"National Casino Bonuses: no deposit, welcome, bonus codes. What are the conditions for wagering casino bonuses","breadcrumb":{"@id":"https:\/\/national-casino.info\/bonus\/#breadcrumb"},"inLanguage":"de-AT","potentialAction":[{"@type":"ReadAction","target":["https:\/\/national-casino.info\/bonus\/"]}]},{"@type":"BreadcrumbList","@id":"https:\/\/national-casino.info\/bonus\/#breadcrumb","itemListElement":[{"@type":"ListItem","position":1,"name":"Home","item":"https:\/\/national-casino.info\/"},{"@type":"ListItem","position":2,"name":"National Casino Bonuses"}]},{"@type":"WebSite","@id":"https:\/\/national-casino.info\/#website","url":"https:\/\/national-casino.info\/","name":"National Casino","description":"","publisher":{"@id":"https:\/\/national-casino.info\/#organization"},"potentialAction":[{"@type":"SearchAction","target":{"@type":"EntryPoint","urlTemplate":"https:\/\/national-casino.info\/?s={search_term_string}"},"query-input":"required name=search_term_string"}],"inLanguage":"de-AT"},{"@type":"Organization","@id":"https:\/\/national-casino.info\/#organization","name":"National Casino","url":"https:\/\/national-casino.info\/","logo":{"@type":"ImageObject","inLanguage":"de-AT","@id":"https:\/\/national-casino.info\/#\/schema\/logo\/image\/","url":"https:\/\/national-casino.info\/wp-content\/uploads\/2022\/05\/logo.png","contentUrl":"https:\/\/national-casino.info\/wp-content\/uploads\/2022\/05\/logo.png","width":550,"height":214,"caption":"National Casino"},"image":{"@id":"https:\/\/national-casino.info\/#\/schema\/logo\/image\/"}}]}},"_links":{"self":[{"href":"https:\/\/national-casino.info\/de_at\/wp-json\/wp\/v2\/pages\/216","targetHints":{"allow":["GET"]}}],"collection":[{"href":"https:\/\/national-casino.info\/de_at\/wp-json\/wp\/v2\/pages"}],"about":[{"href":"https:\/\/national-casino.info\/de_at\/wp-json\/wp\/v2\/types\/page"}],"author":[{"embeddable":true,"href":"https:\/\/national-casino.info\/de_at\/wp-json\/wp\/v2\/users\/1"}],"replies":[{"embeddable":true,"href":"https:\/\/national-casino.info\/de_at\/wp-json\/wp\/v2\/comments?post=216"}],"version-history":[{"count":5,"href":"https:\/\/national-casino.info\/de_at\/wp-json\/wp\/v2\/pages\/216\/revisions"}],"predecessor-version":[{"id":288,"href":"https:\/\/national-casino.info\/de_at\/wp-json\/wp\/v2\/pages\/216\/revisions\/288"}],"wp:attachment":[{"href":"https:\/\/national-casino.info\/de_at\/wp-json\/wp\/v2\/media?parent=216"}],"curies":[{"name":"wp","href":"https:\/\/api.w.org\/{rel}","templated":true}]}}