{"id":100,"date":"2022-05-14T16:13:30","date_gmt":"2022-05-14T16:13:30","guid":{"rendered":"https:\/\/national-casino.info\/?page_id=100"},"modified":"2023-06-28T13:46:08","modified_gmt":"2023-06-28T13:46:08","slug":"login","status":"publish","type":"page","link":"https:\/\/national-casino.info\/es\/login\/","title":{"rendered":"National Casino Login"},"content":{"rendered":"<figure class=\"wp-block-image size-large\"><img loading=\"lazy\" decoding=\"async\" width=\"1024\" height=\"341\" src=\"https:\/\/national-casino.info\/wp-content\/uploads\/2022\/05\/national-casino-main-1024x341.jpeg\" alt=\"casino nacional login\" class=\"wp-image-167\" srcset=\"https:\/\/national-casino.info\/wp-content\/uploads\/2022\/05\/national-casino-main-1024x341.jpeg 1024w, https:\/\/national-casino.info\/wp-content\/uploads\/2022\/05\/national-casino-main-300x100.jpeg 300w, https:\/\/national-casino.info\/wp-content\/uploads\/2022\/05\/national-casino-main-768x256.jpeg 768w, https:\/\/national-casino.info\/wp-content\/uploads\/2022\/05\/national-casino-main-1536x512.jpeg 1536w, https:\/\/national-casino.info\/wp-content\/uploads\/2022\/05\/national-casino-main-2048x683.jpeg 2048w\" sizes=\"auto, (max-width: 1024px) 100vw, 1024px\" \/><\/figure>\n\n\n\n<p><a href=\"\/es\/\">National Casino<\/a> es uno de los casinos en l\u00ednea m\u00e1s populares del mundo. Millones de jugadores disfrutan de sus juegos cada d\u00eda. Si eres uno de esos jugadores, puede que te preguntes c\u00f3mo iniciar sesi\u00f3n en National Casino. En este art\u00edculo, te guiaremos por el proceso paso a paso.<\/p>\n\n\n\n<h2 class=\"wp-block-heading\">C\u00f3mo inscribirse en el National Casino <\/h2>\n\n\n\n<p>Antes de poder acceder a la cuenta de National Casino, debe registrarse para obtener una. Puede hacerlo visitando el sitio web de National Casino y haciendo clic en el bot\u00f3n \"Registrarse\". Despu\u00e9s, tendr\u00e1 que rellenar algunos datos personales, como su nombre, direcci\u00f3n y correo electr\u00f3nico. Una vez que haya completado todos los campos requeridos, podr\u00e1 crear su cuenta.<\/p>\n\n\n\n<p>Despu\u00e9s de registrar su cuenta, tendr\u00e1 que verificar su direcci\u00f3n de correo electr\u00f3nico. National Casino le enviar\u00e1 un correo electr\u00f3nico con un enlace en el que deber\u00e1 hacer clic. Una vez que haya hecho clic en el enlace, su cuenta ser\u00e1 verificada y podr\u00e1 acceder al vest\u00edbulo de National Casino. Y podr\u00e1 recibir <a href=\"https:\/\/national-casino.info\/es\/bonus\/\">National Casino bonus<\/a>.<\/p>\n\n\n\n<p>Tambi\u00e9n es necesario tener al menos 18 a\u00f1os para registrar una cuenta. National Casino utiliza un software de verificaci\u00f3n de la edad para garantizar que todos sus jugadores son mayores de edad.<\/p>\n\n\n\n<h2 class=\"wp-block-heading\">National Casino Login<\/h2>\n\n\n\n<p>Ahora que se ha registrado para obtener una cuenta, es el momento de aprender c\u00f3mo iniciar sesi\u00f3n en National Casino. Lo primero que debe hacer es visitar el sitio web de National Casino y hacer clic en el bot\u00f3n \"Iniciar sesi\u00f3n\". Esto har\u00e1 que aparezca una nueva p\u00e1gina en la que se le pedir\u00e1 que introduzca su nombre de usuario y su contrase\u00f1a. Una vez que haya introducido estas credenciales, simplemente haga clic en el bot\u00f3n \"Iniciar sesi\u00f3n\", y se conectar\u00e1 a su cuenta.<\/p>\n\n\n\n<div class=\"wp-block-buttons is-content-justification-center is-layout-flex wp-container-core-buttons-is-layout-a89b3969 wp-block-buttons-is-layout-flex\">\n<div class=\"wp-block-button has-custom-width wp-block-button__width-100 is-style-fill\"><a class=\"wp-block-button__link has-ast-global-color-8-color has-text-color has-background wp-element-button\" href=\"https:\/\/media.playamopartners.com\/redirect.aspx?pid=251725&amp;bid=2036&amp;lpid=502\" style=\"border-radius:5px;background-color:#fec882\">National Casino Login<\/a><\/div>\n<\/div>\n\n\n\n<p><\/p>\n\n\n\n<h2 class=\"wp-block-heading\">National Casino Login desde su tel\u00e9fono m\u00f3vil<\/h2>\n\n\n\n<p>National Casino tambi\u00e9n est\u00e1 disponible en dispositivos m\u00f3viles. Para iniciar sesi\u00f3n desde su tel\u00e9fono m\u00f3vil, deber\u00e1 descargar la aplicaci\u00f3n National Casino. La aplicaci\u00f3n est\u00e1 disponible para dispositivos iOS y Android.<\/p>\n\n\n\n<p>Una vez que hayas descargado e instalado la aplicaci\u00f3n, s\u00f3lo tienes que abrirla e introducir tu nombre de usuario y contrase\u00f1a. Una vez hecho esto, estar\u00e1s conectado a tu cuenta, y podr\u00e1s jugar a todos los juegos desde tu dispositivo m\u00f3vil.<\/p>\n\n\n\n<h2 class=\"wp-block-heading\">Qu\u00e9 hacer si olvida su contrase\u00f1a<\/h2>\n\n\n\n<p>Si olvida su contrase\u00f1a, National Casino tiene un proceso para ayudarle a recuperarla. En primer lugar, deber\u00e1 visitar la p\u00e1gina de inicio de sesi\u00f3n y hacer clic en el enlace \"He olvidado mi contrase\u00f1a\". Esto le llevar\u00e1 a una nueva p\u00e1gina en la que se le pedir\u00e1 que introduzca su direcci\u00f3n de correo electr\u00f3nico. Una vez que hayas introducido tu direcci\u00f3n de correo electr\u00f3nico, National Casino te enviar\u00e1 un correo electr\u00f3nico con instrucciones para restablecer tu contrase\u00f1a.<\/p>\n\n\n\n<h2 class=\"wp-block-heading\">Qu\u00e9 hacer si no puedes login to National Casino<\/h2>\n\n\n\n<p>Si tiene alg\u00fan problema para acceder a su cuenta o alguna pregunta sobre el proceso de registro, siempre puede ponerse en contacto con el servicio de atenci\u00f3n al cliente de National Casino para obtener ayuda. El servicio de atenci\u00f3n al cliente est\u00e1 disponible 24 horas al d\u00eda, siete d\u00edas a la semana. Puede contactar con ellos por tel\u00e9fono, chat en directo o correo electr\u00f3nico.<\/p>\n\n\n\n<h2 class=\"wp-block-heading\">Consejos para estar seguro en Internet cuando se juega<\/h2>\n\n\n\n<ol class=\"wp-block-list\">\n<li>Al apostar en l\u00ednea, es esencial tomar precauciones para mantenerse seguro. En primer lugar, nunca debes apostar con dinero que no puedas permitirte perder.<\/li>\n\n\n\n<li>En segundo lugar, debes asegurarte siempre de que el sitio web en el que juegas es leg\u00edtimo. Muchos estafadores intentar\u00e1n enga\u00f1arte para que les des tu informaci\u00f3n personal o tu dinero. Si alguna vez no est\u00e1s seguro de un sitio web, siempre puedes ponerte en contacto con el servicio de atenci\u00f3n al cliente para que te ayude.<\/li>\n\n\n\n<li>Por \u00faltimo, nunca debes compartir tus datos de acceso con nadie. Esto incluye a los miembros de la familia, amigos o incluso a los representantes de atenci\u00f3n al cliente.<\/li>\n<\/ol>\n\n\n\n<h2 class=\"wp-block-heading\">Preguntas frecuentes<\/h2>\n\n\n<style>#sp-ea-210 .spcollapsing { height: 0; overflow: hidden; transition-property: height;transition-duration: 300ms;}#sp-ea-210.sp-easy-accordion>.sp-ea-single {border: 1px solid #e2e2e2; }#sp-ea-210.sp-easy-accordion>.sp-ea-single>.ea-header a {color: #444;}#sp-ea-210.sp-easy-accordion>.sp-ea-single>.sp-collapse>.ea-body {background: #fff; color: #444;}#sp-ea-210.sp-easy-accordion>.sp-ea-single {background: #eee;}#sp-ea-210.sp-easy-accordion>.sp-ea-single>.ea-header a .ea-expand-icon.fa { float: left; color: #444;font-size: 16px;}<\/style><div id=\"sp-ea-210\" class=\"sp-ea-one sp-easy-accordion\" data-ex-icon=\"fa-minus\" data-col-icon=\"fa-plus\"  data-ea-active=\"ea-click\"  data-ea-mode=\"vertical\" data-preloader=\"\" data-scroll-active-item=\"\" data-offset-to-scroll=\"0\"><div class=\"ea-card ea-expand sp-ea-single\"><h3 class=\"ea-header\"><a class=\"collapsed\" data-sptoggle=\"spcollapse\" data-sptarget=\"#collapse2100\" href=\"javascript:void(0)\"  aria-expanded=\"true\"><i class=\"ea-expand-icon fa fa-minus\"><\/i> \u00bfEs seguro el National Casino?<\/a><\/h3><div class=\"sp-collapse spcollapse collapsed show\" id=\"collapse2100\" ><div class=\"ea-body\"><p>S\u00ed, National Casino es un sitio web seguro.<\/p>\n<\/div><\/div><\/div><div class=\"ea-card  sp-ea-single\"><h3 class=\"ea-header\"><a class=\"collapsed\" data-sptoggle=\"spcollapse\" data-sptarget=\"#collapse2101\" href=\"javascript:void(0)\"  aria-expanded=\"false\"><i class=\"ea-expand-icon fa fa-plus\"><\/i> \u00bfPuedo jugar a juegos de casino gratis en National Casino?<\/a><\/h3><div class=\"sp-collapse spcollapse\" id=\"collapse2101\" ><div class=\"ea-body\"><p>Debes tener una cuenta y estar conectado para jugar a los juegos de casino en National Casino.<\/p>\n<\/div><\/div><\/div><div class=\"ea-card  sp-ea-single\"><h3 class=\"ea-header\"><a class=\"collapsed\" data-sptoggle=\"spcollapse\" data-sptarget=\"#collapse2102\" href=\"javascript:void(0)\"  aria-expanded=\"false\"><i class=\"ea-expand-icon fa fa-plus\"><\/i> \u00bfCu\u00e1l es la edad m\u00ednima para registrar una cuenta en National Casino?<\/a><\/h3><div class=\"sp-collapse spcollapse\" id=\"collapse2102\" ><div class=\"ea-body\"><p>Debes tener al menos 18 a\u00f1os para registrar una cuenta en National Casino.<\/p>\n<\/div><\/div><\/div><div class=\"ea-card  sp-ea-single\"><h3 class=\"ea-header\"><a class=\"collapsed\" data-sptoggle=\"spcollapse\" data-sptarget=\"#collapse2103\" href=\"javascript:void(0)\"  aria-expanded=\"false\"><i class=\"ea-expand-icon fa fa-plus\"><\/i> \u00bfC\u00f3mo puedo contactar con el servicio de atenci\u00f3n al cliente si necesito ayuda?<\/a><\/h3><div class=\"sp-collapse spcollapse\" id=\"collapse2103\" ><div class=\"ea-body\"><p>El servicio de atenci\u00f3n al cliente est\u00e1 disponible 24 horas al d\u00eda, siete d\u00edas a la semana. Puedes contactar con ellos por tel\u00e9fono, chat en directo o correo electr\u00f3nico.<\/p>\n<\/div><\/div><\/div><\/div>","protected":false},"excerpt":{"rendered":"<p>National Casino is one of the most popular online casinos in the world. Millions of players enjoy its games every day. If you are one of those players, you may be wondering how to login National Casino. In this article, we will walk you through the process step-by-step. How to register at National Casino Before &hellip;<\/p>\n<p class=\"read-more\"> <a class=\"\" href=\"https:\/\/national-casino.info\/es\/login\/\"> <span class=\"screen-reader-text\">National Casino Login<\/span> Leer m\u00e1s &raquo;<\/a><\/p>","protected":false},"author":1,"featured_media":0,"parent":0,"menu_order":0,"comment_status":"closed","ping_status":"closed","template":"","meta":{"site-sidebar-layout":"default","site-content-layout":"default","ast-global-header-display":"","ast-main-header-display":"","ast-hfb-above-header-display":"","ast-hfb-below-header-display":"","ast-hfb-mobile-header-display":"","site-post-title":"","ast-breadcrumbs-content":"","ast-featured-img":"","footer-sml-layout":"","theme-transparent-header-meta":"","adv-header-id-meta":"","stick-header-meta":"","header-above-stick-meta":"","header-main-stick-meta":"","header-below-stick-meta":"","footnotes":""},"class_list":["post-100","page","type-page","status-publish","hentry"],"yoast_head":"<!-- This site is optimized with the Yoast SEO plugin v19.13 - https:\/\/yoast.com\/wordpress\/plugins\/seo\/ -->\n<title>National Casino Login: \ud83e\udd11 How To Log In To Nationalcasino And Play For Money<\/title>\n<meta name=\"description\" content=\"National Casino login - how to log in to National Casino and start playing for money. What to do if you can&#039;t log in to your account. How to change your personal account password\" \/>\n<meta name=\"robots\" content=\"index, follow, max-snippet:-1, max-image-preview:large, max-video-preview:-1\" \/>\n<link rel=\"canonical\" href=\"https:\/\/national-casino.info\/es\/login\/\" \/>\n<meta property=\"og:locale\" content=\"es_ES\" \/>\n<meta property=\"og:type\" content=\"article\" \/>\n<meta property=\"og:title\" content=\"National Casino Login: \ud83e\udd11 How To Log In To Nationalcasino And Play For Money\" \/>\n<meta property=\"og:description\" content=\"National Casino login - how to log in to National Casino and start playing for money. What to do if you can&#039;t log in to your account. How to change your personal account password\" \/>\n<meta property=\"og:url\" content=\"https:\/\/national-casino.info\/es\/login\/\" \/>\n<meta property=\"og:site_name\" content=\"National Casino\" \/>\n<meta property=\"article:modified_time\" content=\"2023-06-28T13:46:08+00:00\" \/>\n<meta property=\"og:image\" content=\"https:\/\/national-casino.info\/wp-content\/uploads\/2022\/05\/national-casino-main-1024x341.jpeg\" \/>\n<meta name=\"twitter:card\" content=\"summary_large_image\" \/>\n<meta name=\"twitter:label1\" content=\"Tiempo de lectura\" \/>\n\t<meta name=\"twitter:data1\" content=\"3 minutos\" \/>\n<script type=\"application\/ld+json\" class=\"yoast-schema-graph\">{\"@context\":\"https:\/\/schema.org\",\"@graph\":[{\"@type\":\"WebPage\",\"@id\":\"https:\/\/national-casino.info\/login\/\",\"url\":\"https:\/\/national-casino.info\/login\/\",\"name\":\"National Casino Login: \ud83e\udd11 How To Log In To Nationalcasino And Play For Money\",\"isPartOf\":{\"@id\":\"https:\/\/national-casino.info\/#website\"},\"datePublished\":\"2022-05-14T16:13:30+00:00\",\"dateModified\":\"2023-06-28T13:46:08+00:00\",\"description\":\"National Casino login - how to log in to National Casino and start playing for money. What to do if you can't log in to your account. How to change your personal account password\",\"breadcrumb\":{\"@id\":\"https:\/\/national-casino.info\/login\/#breadcrumb\"},\"inLanguage\":\"es\",\"potentialAction\":[{\"@type\":\"ReadAction\",\"target\":[\"https:\/\/national-casino.info\/login\/\"]}]},{\"@type\":\"BreadcrumbList\",\"@id\":\"https:\/\/national-casino.info\/login\/#breadcrumb\",\"itemListElement\":[{\"@type\":\"ListItem\",\"position\":1,\"name\":\"Home\",\"item\":\"https:\/\/national-casino.info\/\"},{\"@type\":\"ListItem\",\"position\":2,\"name\":\"National Casino Login\"}]},{\"@type\":\"WebSite\",\"@id\":\"https:\/\/national-casino.info\/#website\",\"url\":\"https:\/\/national-casino.info\/\",\"name\":\"National Casino\",\"description\":\"\",\"publisher\":{\"@id\":\"https:\/\/national-casino.info\/#organization\"},\"potentialAction\":[{\"@type\":\"SearchAction\",\"target\":{\"@type\":\"EntryPoint\",\"urlTemplate\":\"https:\/\/national-casino.info\/?s={search_term_string}\"},\"query-input\":\"required name=search_term_string\"}],\"inLanguage\":\"es\"},{\"@type\":\"Organization\",\"@id\":\"https:\/\/national-casino.info\/#organization\",\"name\":\"National Casino\",\"url\":\"https:\/\/national-casino.info\/\",\"logo\":{\"@type\":\"ImageObject\",\"inLanguage\":\"es\",\"@id\":\"https:\/\/national-casino.info\/#\/schema\/logo\/image\/\",\"url\":\"https:\/\/national-casino.info\/wp-content\/uploads\/2022\/05\/logo.png\",\"contentUrl\":\"https:\/\/national-casino.info\/wp-content\/uploads\/2022\/05\/logo.png\",\"width\":550,\"height\":214,\"caption\":\"National Casino\"},\"image\":{\"@id\":\"https:\/\/national-casino.info\/#\/schema\/logo\/image\/\"}}]}<\/script>\n<!-- \/ Yoast SEO plugin. -->","yoast_head_json":{"title":"National Casino Login: \ud83e\udd11 How To Log In To Nationalcasino And Play For Money","description":"National Casino login - how to log in to National Casino and start playing for money. What to do if you can't log in to your account. How to change your personal account password","robots":{"index":"index","follow":"follow","max-snippet":"max-snippet:-1","max-image-preview":"max-image-preview:large","max-video-preview":"max-video-preview:-1"},"canonical":"https:\/\/national-casino.info\/es\/login\/","og_locale":"es_ES","og_type":"article","og_title":"National Casino Login: \ud83e\udd11 How To Log In To Nationalcasino And Play For Money","og_description":"National Casino login - how to log in to National Casino and start playing for money. What to do if you can't log in to your account. How to change your personal account password","og_url":"https:\/\/national-casino.info\/es\/login\/","og_site_name":"National Casino","article_modified_time":"2023-06-28T13:46:08+00:00","og_image":[{"url":"https:\/\/national-casino.info\/wp-content\/uploads\/2022\/05\/national-casino-main-1024x341.jpeg"}],"twitter_card":"summary_large_image","twitter_misc":{"Tiempo de lectura":"3 minutos"},"schema":{"@context":"https:\/\/schema.org","@graph":[{"@type":"WebPage","@id":"https:\/\/national-casino.info\/login\/","url":"https:\/\/national-casino.info\/login\/","name":"National Casino Login: \ud83e\udd11 How To Log In To Nationalcasino And Play For Money","isPartOf":{"@id":"https:\/\/national-casino.info\/#website"},"datePublished":"2022-05-14T16:13:30+00:00","dateModified":"2023-06-28T13:46:08+00:00","description":"National Casino login - how to log in to National Casino and start playing for money. What to do if you can't log in to your account. How to change your personal account password","breadcrumb":{"@id":"https:\/\/national-casino.info\/login\/#breadcrumb"},"inLanguage":"es","potentialAction":[{"@type":"ReadAction","target":["https:\/\/national-casino.info\/login\/"]}]},{"@type":"BreadcrumbList","@id":"https:\/\/national-casino.info\/login\/#breadcrumb","itemListElement":[{"@type":"ListItem","position":1,"name":"Home","item":"https:\/\/national-casino.info\/"},{"@type":"ListItem","position":2,"name":"National Casino Login"}]},{"@type":"WebSite","@id":"https:\/\/national-casino.info\/#website","url":"https:\/\/national-casino.info\/","name":"National Casino","description":"","publisher":{"@id":"https:\/\/national-casino.info\/#organization"},"potentialAction":[{"@type":"SearchAction","target":{"@type":"EntryPoint","urlTemplate":"https:\/\/national-casino.info\/?s={search_term_string}"},"query-input":"required name=search_term_string"}],"inLanguage":"es"},{"@type":"Organization","@id":"https:\/\/national-casino.info\/#organization","name":"National Casino","url":"https:\/\/national-casino.info\/","logo":{"@type":"ImageObject","inLanguage":"es","@id":"https:\/\/national-casino.info\/#\/schema\/logo\/image\/","url":"https:\/\/national-casino.info\/wp-content\/uploads\/2022\/05\/logo.png","contentUrl":"https:\/\/national-casino.info\/wp-content\/uploads\/2022\/05\/logo.png","width":550,"height":214,"caption":"National Casino"},"image":{"@id":"https:\/\/national-casino.info\/#\/schema\/logo\/image\/"}}]}},"_links":{"self":[{"href":"https:\/\/national-casino.info\/es\/wp-json\/wp\/v2\/pages\/100","targetHints":{"allow":["GET"]}}],"collection":[{"href":"https:\/\/national-casino.info\/es\/wp-json\/wp\/v2\/pages"}],"about":[{"href":"https:\/\/national-casino.info\/es\/wp-json\/wp\/v2\/types\/page"}],"author":[{"embeddable":true,"href":"https:\/\/national-casino.info\/es\/wp-json\/wp\/v2\/users\/1"}],"replies":[{"embeddable":true,"href":"https:\/\/national-casino.info\/es\/wp-json\/wp\/v2\/comments?post=100"}],"version-history":[{"count":5,"href":"https:\/\/national-casino.info\/es\/wp-json\/wp\/v2\/pages\/100\/revisions"}],"predecessor-version":[{"id":289,"href":"https:\/\/national-casino.info\/es\/wp-json\/wp\/v2\/pages\/100\/revisions\/289"}],"wp:attachment":[{"href":"https:\/\/national-casino.info\/es\/wp-json\/wp\/v2\/media?parent=100"}],"curies":[{"name":"wp","href":"https:\/\/api.w.org\/{rel}","templated":true}]}}