{"id":216,"date":"2022-05-31T12:02:53","date_gmt":"2022-05-31T12:02:53","guid":{"rendered":"https:\/\/national-casino.info\/?page_id=216"},"modified":"2023-06-28T13:45:18","modified_gmt":"2023-06-28T13:45:18","slug":"bonus","status":"publish","type":"page","link":"https:\/\/national-casino.info\/es\/bonus\/","title":{"rendered":"National Casino Bonus"},"content":{"rendered":"<figure class=\"wp-block-image aligncenter size-large\"><img loading=\"lazy\" decoding=\"async\" width=\"1024\" height=\"372\" src=\"https:\/\/national-casino.info\/wp-content\/uploads\/2022\/05\/national-casino-reviews-1024x372.png\" alt=\"bonos de casinos nacionales\" class=\"wp-image-190\" srcset=\"https:\/\/national-casino.info\/wp-content\/uploads\/2022\/05\/national-casino-reviews-1024x372.png 1024w, https:\/\/national-casino.info\/wp-content\/uploads\/2022\/05\/national-casino-reviews-300x109.png 300w, https:\/\/national-casino.info\/wp-content\/uploads\/2022\/05\/national-casino-reviews-768x279.png 768w, https:\/\/national-casino.info\/wp-content\/uploads\/2022\/05\/national-casino-reviews.png 1149w\" sizes=\"auto, (max-width: 1024px) 100vw, 1024px\" \/><\/figure>\n\n\n\n<p>\u00bfBusca un National Casino bonuses? Entonces, \u00a1ha llegado al lugar adecuado! Hemos recopilado una lista de los mejores <a href=\"\/es\/\">National Casino<\/a> promociones disponibles en l\u00ednea. As\u00ed que sigue leyendo y empieza a disfrutar de esas fichas de casino gratis hoy mismo.<\/p>\n\n\n\n<h2 class=\"wp-block-heading\">Tipos de National Casino bonuses<\/h2>\n\n\n\n<p>Las promos de National Casino son muy variadas.<\/p>\n\n\n\n<h3 class=\"wp-block-heading\">Bonificaci\u00f3n de bienvenida<\/h3>\n\n\n\n<p>El tipo de promoci\u00f3n m\u00e1s com\u00fan es la bonificaci\u00f3n por inscripci\u00f3n. Este regalo se ofrece a los nuevos jugadores que crean una cuenta y <a href=\"https:\/\/national-casino.info\/es\/login\/\">login National Casino<\/a>. El National Casino bonus de inscripci\u00f3n suele igualar el primer dep\u00f3sito del jugador, hasta una cantidad determinada. Por ejemplo, un National Casino puede ofrecer una igualaci\u00f3n de 100% de $500. Por lo tanto, si deposita $500 en su cuenta, el casino le dar\u00e1 $500 adicionales de forma gratuita.<\/p>\n\n\n\n<div class=\"wp-block-buttons is-content-justification-center is-layout-flex wp-container-core-buttons-is-layout-a89b3969 wp-block-buttons-is-layout-flex\">\n<div class=\"wp-block-button has-custom-width wp-block-button__width-100 is-style-fill\"><a class=\"wp-block-button__link has-ast-global-color-8-color has-text-color has-background wp-element-button\" href=\"https:\/\/media.playamopartners.com\/redirect.aspx?pid=251725&amp;bid=2036&amp;lpid=522\" style=\"border-radius:5px;background-color:#fec882\">Obtenga una bonificaci\u00f3n<\/a><\/div>\n<\/div>\n\n\n\n<p><\/p>\n\n\n\n<h3 class=\"wp-block-heading\">National Casino Bono sin dep\u00f3sito<\/h3>\n\n\n\n<p>National Casino tambi\u00e9n puede ofrecer un bono sin dep\u00f3sito. Este regalo se da a los jugadores sin que tengan que hacer un dep\u00f3sito. Los National Casino utilizan este tipo de bono para promocionar su casino y atraer a nuevos jugadores. Los bonos sin dep\u00f3sito suelen ser peque\u00f1os, de entre $20 y $100. Sin embargo, pueden seguir siendo valiosos, ya que se pueden utilizar para jugar a juegos de casino con dinero real de forma gratuita.<\/p>\n\n\n\n<h3 class=\"wp-block-heading\">Bonificaci\u00f3n de recarga<\/h3>\n\n\n\n<p>Los National Casino tambi\u00e9n ofrecen bonos de recarga, que son similares a las promociones de inscripci\u00f3n pero se ofrecen a los jugadores existentes que hacen dep\u00f3sitos adicionales. Los bonos de recarga suelen igualar un porcentaje del dep\u00f3sito hasta una cantidad m\u00e1xima. Por ejemplo, un National Casino puede ofrecer un 50% de $500. Por lo tanto, si deposita $500 en su cuenta, el casino le dar\u00e1 $250 adicionales de forma gratuita.<\/p>\n\n\n\n<h3 class=\"wp-block-heading\">Giros gratis<\/h3>\n\n\n\n<p>Otro com\u00fan es el de los giros gratis. Los National Casino utilizan este tipo de bonificaci\u00f3n para promocionar nuevos juegos de tragaperras. Las tiradas gratuitas se suelen dar en un juego de tragaperras espec\u00edfico, y se pueden utilizar para jugar por premios de dinero real. Adem\u00e1s, los casinos suelen ofrecer tiradas gratis como paquete de bonos de bienvenida o de recarga.<\/p>\n\n\n\n<div class=\"wp-block-buttons is-content-justification-center is-layout-flex wp-container-core-buttons-is-layout-a89b3969 wp-block-buttons-is-layout-flex\">\n<div class=\"wp-block-button has-custom-width wp-block-button__width-100 is-style-fill\"><a class=\"wp-block-button__link has-ast-global-color-8-color has-text-color has-background wp-element-button\" href=\"https:\/\/media.playamopartners.com\/redirect.aspx?pid=251725&amp;bid=2036&amp;lpid=522\" style=\"border-radius:5px;background-color:#fec882\">Obtenga giros gratis<\/a><\/div>\n<\/div>\n\n\n\n<p><\/p>\n\n\n\n<h3 class=\"wp-block-heading\">Programa de fidelizaci\u00f3n<\/h3>\n\n\n\n<p>Los National Casino tambi\u00e9n ofrecen programas de fidelidad. Estos programas dan a los jugadores puntos por cada d\u00f3lar que gastan en el casino. Los puntos se pueden canjear por dinero en efectivo, premios u otros beneficios. Los programas de fidelidad son una gran manera de conseguir los mejores regalos sin tener que hacer un dep\u00f3sito.<\/p>\n\n\n\n<h3 class=\"wp-block-heading\">National Casino bonus codes<\/h3>\n\n\n\n<p>Los National Casino bonuses suelen venir con c\u00f3digos de bonificaci\u00f3n. Los c\u00f3digos de bonificaci\u00f3n son c\u00f3digos especiales que puede utilizar para canjear regalos. Para utilizar un c\u00f3digo de bonificaci\u00f3n, introd\u00fazcalo cuando se le pida durante el proceso de registro en el casino o al realizar un dep\u00f3sito. El National Casino a\u00f1adir\u00e1 entonces el premio a su cuenta autom\u00e1ticamente.<\/p>\n\n\n\n<p>National Casino bonus codes son una buena forma de conseguir algunos regalos sin tener que hacer un dep\u00f3sito.<\/p>\n\n\n\n<h2 class=\"wp-block-heading\">Requisitos de apuesta<\/h2>\n\n\n\n<p>Los National Casino bonuses suelen venir con requisitos de apuesta. Los requisitos de apuesta son la cantidad de dinero que debe apostar antes de poder retirar sus promos. Por ejemplo, si un National Casino ofrece un bono de 100% de hasta $500, el requisito de apuesta puede ser de 15x. Esto significa que debe apostar $15 por cada $100 que quiera retirar.<\/p>\n\n\n\n<p>Los requisitos de apuesta var\u00edan, as\u00ed que aseg\u00farese de leer los t\u00e9rminos y condiciones de cada bono antes de aprovecharlo.<\/p>\n\n\n\n<h2 class=\"wp-block-heading\">Preguntas frecuentes<\/h2>\n\n\n<style>#sp-ea-217 .spcollapsing { height: 0; overflow: hidden; transition-property: height;transition-duration: 300ms;}#sp-ea-217.sp-easy-accordion>.sp-ea-single {border: 1px solid #e2e2e2; }#sp-ea-217.sp-easy-accordion>.sp-ea-single>.ea-header a {color: #444;}#sp-ea-217.sp-easy-accordion>.sp-ea-single>.sp-collapse>.ea-body {background: #fff; color: #444;}#sp-ea-217.sp-easy-accordion>.sp-ea-single {background: #eee;}#sp-ea-217.sp-easy-accordion>.sp-ea-single>.ea-header a .ea-expand-icon.fa { float: left; color: #444;font-size: 16px;}<\/style><div id=\"sp-ea-217\" class=\"sp-ea-one sp-easy-accordion\" data-ex-icon=\"fa-minus\" data-col-icon=\"fa-plus\"  data-ea-active=\"ea-click\"  data-ea-mode=\"vertical\" data-preloader=\"\" data-scroll-active-item=\"\" data-offset-to-scroll=\"0\"><div class=\"ea-card ea-expand sp-ea-single\"><h3 class=\"ea-header\"><a class=\"collapsed\" data-sptoggle=\"spcollapse\" data-sptarget=\"#collapse2170\" href=\"javascript:void(0)\"  aria-expanded=\"true\"><i class=\"ea-expand-icon fa fa-minus\"><\/i> \u00bfQu\u00e9 es un National Casino bonus?<\/a><\/h3><div class=\"sp-collapse spcollapse collapsed show\" id=\"collapse2170\" ><div class=\"ea-body\"><p>Un National Casino bonus es una oferta especial que el casino utiliza para atraer a nuevos jugadores. Suele igualar el primer dep\u00f3sito del jugador hasta una cantidad determinada. Por ejemplo, un National Casino puede ofrecer una igualaci\u00f3n de 100% a $500. Si depositas $500 en tu cuenta, el casino te dar\u00e1 $500 adicionales gratis.<\/p>\n<\/div><\/div><\/div><div class=\"ea-card  sp-ea-single\"><h3 class=\"ea-header\"><a class=\"collapsed\" data-sptoggle=\"spcollapse\" data-sptarget=\"#collapse2171\" href=\"javascript:void(0)\"  aria-expanded=\"false\"><i class=\"ea-expand-icon fa fa-plus\"><\/i> \u00bfC\u00f3mo se utilizan los National Casino bonus codes?<\/a><\/h3><div class=\"sp-collapse spcollapse\" id=\"collapse2171\" ><div class=\"ea-body\"><p>Para utilizar los c\u00f3digos National Casino bonus, s\u00f3lo tiene que introducirlos cuando se le solicite durante el proceso de registro o al realizar un dep\u00f3sito. Y el casino a\u00f1adir\u00e1 el regalo a su cuenta autom\u00e1ticamente.<\/p>\n<\/div><\/div><\/div><div class=\"ea-card  sp-ea-single\"><h3 class=\"ea-header\"><a class=\"collapsed\" data-sptoggle=\"spcollapse\" data-sptarget=\"#collapse2172\" href=\"javascript:void(0)\"  aria-expanded=\"false\"><i class=\"ea-expand-icon fa fa-plus\"><\/i> \u00bfQu\u00e9 son los requisitos de apuesta?<\/a><\/h3><div class=\"sp-collapse spcollapse\" id=\"collapse2172\" ><div class=\"ea-body\"><p>Los requisitos de apuesta son la cantidad de dinero que debe apostar antes de poder retirar sus National Casino bonus. Por ejemplo, si el casino ofrece un bono de 100% de hasta $500, el requisito de apuesta puede ser de 15x. Esto significa que debe apostar $15 por cada $100 que quiera retirar.<\/p>\n<\/div><\/div><\/div><div class=\"ea-card  sp-ea-single\"><h3 class=\"ea-header\"><a class=\"collapsed\" data-sptoggle=\"spcollapse\" data-sptarget=\"#collapse2173\" href=\"javascript:void(0)\"  aria-expanded=\"false\"><i class=\"ea-expand-icon fa fa-plus\"><\/i> \u00bfQu\u00e9 es el National Casino no deposit bonus?<\/a><\/h3><div class=\"sp-collapse spcollapse\" id=\"collapse2173\" ><div class=\"ea-body\"><p>Un National Casino no deposit bonus es un regalo \u00fanico que no requiere un dep\u00f3sito para reclamarlo. National Casino utiliza bonos sin dep\u00f3sito para promocionar sus juegos.<\/p>\n<\/div><\/div><\/div><\/div>","protected":false},"excerpt":{"rendered":"<p>Are you looking for a National Casino bonuses? Then, you&#8217;ve come to the right place! We have compiled a list of the best National Casino promos available online. So read on and start enjoying those free casino chips today! Types of National Casino bonuses National Casino promos come in many different forms. Welcome bonus The &hellip;<\/p>\n<p class=\"read-more\"> <a class=\"\" href=\"https:\/\/national-casino.info\/es\/bonus\/\"> <span class=\"screen-reader-text\">National Casino Bonus<\/span> Leer m\u00e1s &raquo;<\/a><\/p>","protected":false},"author":1,"featured_media":0,"parent":0,"menu_order":0,"comment_status":"closed","ping_status":"closed","template":"","meta":{"site-sidebar-layout":"default","site-content-layout":"default","ast-global-header-display":"","ast-main-header-display":"","ast-hfb-above-header-display":"","ast-hfb-below-header-display":"","ast-hfb-mobile-header-display":"","site-post-title":"","ast-breadcrumbs-content":"","ast-featured-img":"","footer-sml-layout":"","theme-transparent-header-meta":"","adv-header-id-meta":"","stick-header-meta":"","header-above-stick-meta":"","header-main-stick-meta":"","header-below-stick-meta":"","footnotes":""},"class_list":["post-216","page","type-page","status-publish","hentry"],"yoast_head":"<!-- This site is optimized with the Yoast SEO plugin v19.13 - https:\/\/yoast.com\/wordpress\/plugins\/seo\/ -->\n<title>National Casino Bonuses: \ud83c\udf81 No Deposit, Welcome, Bonus Codes<\/title>\n<meta name=\"description\" content=\"National Casino Bonuses: no deposit, welcome, bonus codes. What are the conditions for wagering casino bonuses\" \/>\n<meta name=\"robots\" content=\"index, follow, max-snippet:-1, max-image-preview:large, max-video-preview:-1\" \/>\n<link rel=\"canonical\" href=\"https:\/\/national-casino.info\/es\/bonus\/\" \/>\n<meta property=\"og:locale\" content=\"es_ES\" \/>\n<meta property=\"og:type\" content=\"article\" \/>\n<meta property=\"og:title\" content=\"National Casino Bonuses: \ud83c\udf81 No Deposit, Welcome, Bonus Codes\" \/>\n<meta property=\"og:description\" content=\"National Casino Bonuses: no deposit, welcome, bonus codes. What are the conditions for wagering casino bonuses\" \/>\n<meta property=\"og:url\" content=\"https:\/\/national-casino.info\/es\/bonus\/\" \/>\n<meta property=\"og:site_name\" content=\"National Casino\" \/>\n<meta property=\"article:modified_time\" content=\"2023-06-28T13:45:18+00:00\" \/>\n<meta property=\"og:image\" content=\"https:\/\/national-casino.info\/wp-content\/uploads\/2022\/05\/national-casino-reviews-1024x372.png\" \/>\n<meta name=\"twitter:card\" content=\"summary_large_image\" \/>\n<meta name=\"twitter:label1\" content=\"Tiempo de lectura\" \/>\n\t<meta name=\"twitter:data1\" content=\"3 minutos\" \/>\n<script type=\"application\/ld+json\" class=\"yoast-schema-graph\">{\"@context\":\"https:\/\/schema.org\",\"@graph\":[{\"@type\":\"WebPage\",\"@id\":\"https:\/\/national-casino.info\/bonus\/\",\"url\":\"https:\/\/national-casino.info\/bonus\/\",\"name\":\"National Casino Bonuses: \ud83c\udf81 No Deposit, Welcome, Bonus Codes\",\"isPartOf\":{\"@id\":\"https:\/\/national-casino.info\/#website\"},\"datePublished\":\"2022-05-31T12:02:53+00:00\",\"dateModified\":\"2023-06-28T13:45:18+00:00\",\"description\":\"National Casino Bonuses: no deposit, welcome, bonus codes. What are the conditions for wagering casino bonuses\",\"breadcrumb\":{\"@id\":\"https:\/\/national-casino.info\/bonus\/#breadcrumb\"},\"inLanguage\":\"es\",\"potentialAction\":[{\"@type\":\"ReadAction\",\"target\":[\"https:\/\/national-casino.info\/bonus\/\"]}]},{\"@type\":\"BreadcrumbList\",\"@id\":\"https:\/\/national-casino.info\/bonus\/#breadcrumb\",\"itemListElement\":[{\"@type\":\"ListItem\",\"position\":1,\"name\":\"Home\",\"item\":\"https:\/\/national-casino.info\/\"},{\"@type\":\"ListItem\",\"position\":2,\"name\":\"National Casino Bonuses\"}]},{\"@type\":\"WebSite\",\"@id\":\"https:\/\/national-casino.info\/#website\",\"url\":\"https:\/\/national-casino.info\/\",\"name\":\"National Casino\",\"description\":\"\",\"publisher\":{\"@id\":\"https:\/\/national-casino.info\/#organization\"},\"potentialAction\":[{\"@type\":\"SearchAction\",\"target\":{\"@type\":\"EntryPoint\",\"urlTemplate\":\"https:\/\/national-casino.info\/?s={search_term_string}\"},\"query-input\":\"required name=search_term_string\"}],\"inLanguage\":\"es\"},{\"@type\":\"Organization\",\"@id\":\"https:\/\/national-casino.info\/#organization\",\"name\":\"National Casino\",\"url\":\"https:\/\/national-casino.info\/\",\"logo\":{\"@type\":\"ImageObject\",\"inLanguage\":\"es\",\"@id\":\"https:\/\/national-casino.info\/#\/schema\/logo\/image\/\",\"url\":\"https:\/\/national-casino.info\/wp-content\/uploads\/2022\/05\/logo.png\",\"contentUrl\":\"https:\/\/national-casino.info\/wp-content\/uploads\/2022\/05\/logo.png\",\"width\":550,\"height\":214,\"caption\":\"National Casino\"},\"image\":{\"@id\":\"https:\/\/national-casino.info\/#\/schema\/logo\/image\/\"}}]}<\/script>\n<!-- \/ Yoast SEO plugin. -->","yoast_head_json":{"title":"National Casino Bonuses: \ud83c\udf81 No Deposit, Welcome, Bonus Codes","description":"National Casino Bonuses: no deposit, welcome, bonus codes. What are the conditions for wagering casino bonuses","robots":{"index":"index","follow":"follow","max-snippet":"max-snippet:-1","max-image-preview":"max-image-preview:large","max-video-preview":"max-video-preview:-1"},"canonical":"https:\/\/national-casino.info\/es\/bonus\/","og_locale":"es_ES","og_type":"article","og_title":"National Casino Bonuses: \ud83c\udf81 No Deposit, Welcome, Bonus Codes","og_description":"National Casino Bonuses: no deposit, welcome, bonus codes. What are the conditions for wagering casino bonuses","og_url":"https:\/\/national-casino.info\/es\/bonus\/","og_site_name":"National Casino","article_modified_time":"2023-06-28T13:45:18+00:00","og_image":[{"url":"https:\/\/national-casino.info\/wp-content\/uploads\/2022\/05\/national-casino-reviews-1024x372.png"}],"twitter_card":"summary_large_image","twitter_misc":{"Tiempo de lectura":"3 minutos"},"schema":{"@context":"https:\/\/schema.org","@graph":[{"@type":"WebPage","@id":"https:\/\/national-casino.info\/bonus\/","url":"https:\/\/national-casino.info\/bonus\/","name":"National Casino Bonuses: \ud83c\udf81 No Deposit, Welcome, Bonus Codes","isPartOf":{"@id":"https:\/\/national-casino.info\/#website"},"datePublished":"2022-05-31T12:02:53+00:00","dateModified":"2023-06-28T13:45:18+00:00","description":"National Casino Bonuses: no deposit, welcome, bonus codes. What are the conditions for wagering casino bonuses","breadcrumb":{"@id":"https:\/\/national-casino.info\/bonus\/#breadcrumb"},"inLanguage":"es","potentialAction":[{"@type":"ReadAction","target":["https:\/\/national-casino.info\/bonus\/"]}]},{"@type":"BreadcrumbList","@id":"https:\/\/national-casino.info\/bonus\/#breadcrumb","itemListElement":[{"@type":"ListItem","position":1,"name":"Home","item":"https:\/\/national-casino.info\/"},{"@type":"ListItem","position":2,"name":"National Casino Bonuses"}]},{"@type":"WebSite","@id":"https:\/\/national-casino.info\/#website","url":"https:\/\/national-casino.info\/","name":"National Casino","description":"","publisher":{"@id":"https:\/\/national-casino.info\/#organization"},"potentialAction":[{"@type":"SearchAction","target":{"@type":"EntryPoint","urlTemplate":"https:\/\/national-casino.info\/?s={search_term_string}"},"query-input":"required name=search_term_string"}],"inLanguage":"es"},{"@type":"Organization","@id":"https:\/\/national-casino.info\/#organization","name":"National Casino","url":"https:\/\/national-casino.info\/","logo":{"@type":"ImageObject","inLanguage":"es","@id":"https:\/\/national-casino.info\/#\/schema\/logo\/image\/","url":"https:\/\/national-casino.info\/wp-content\/uploads\/2022\/05\/logo.png","contentUrl":"https:\/\/national-casino.info\/wp-content\/uploads\/2022\/05\/logo.png","width":550,"height":214,"caption":"National Casino"},"image":{"@id":"https:\/\/national-casino.info\/#\/schema\/logo\/image\/"}}]}},"_links":{"self":[{"href":"https:\/\/national-casino.info\/es\/wp-json\/wp\/v2\/pages\/216","targetHints":{"allow":["GET"]}}],"collection":[{"href":"https:\/\/national-casino.info\/es\/wp-json\/wp\/v2\/pages"}],"about":[{"href":"https:\/\/national-casino.info\/es\/wp-json\/wp\/v2\/types\/page"}],"author":[{"embeddable":true,"href":"https:\/\/national-casino.info\/es\/wp-json\/wp\/v2\/users\/1"}],"replies":[{"embeddable":true,"href":"https:\/\/national-casino.info\/es\/wp-json\/wp\/v2\/comments?post=216"}],"version-history":[{"count":5,"href":"https:\/\/national-casino.info\/es\/wp-json\/wp\/v2\/pages\/216\/revisions"}],"predecessor-version":[{"id":288,"href":"https:\/\/national-casino.info\/es\/wp-json\/wp\/v2\/pages\/216\/revisions\/288"}],"wp:attachment":[{"href":"https:\/\/national-casino.info\/es\/wp-json\/wp\/v2\/media?parent=216"}],"curies":[{"name":"wp","href":"https:\/\/api.w.org\/{rel}","templated":true}]}}