{"id":100,"date":"2022-05-14T16:13:30","date_gmt":"2022-05-14T16:13:30","guid":{"rendered":"https:\/\/national-casino.info\/?page_id=100"},"modified":"2023-06-28T13:46:08","modified_gmt":"2023-06-28T13:46:08","slug":"login","status":"publish","type":"page","link":"https:\/\/national-casino.info\/pl\/login\/","title":{"rendered":"National Casino Login"},"content":{"rendered":"<figure class=\"wp-block-image size-large\"><img loading=\"lazy\" decoding=\"async\" width=\"1024\" height=\"341\" src=\"https:\/\/national-casino.info\/wp-content\/uploads\/2022\/05\/national-casino-main-1024x341.jpeg\" alt=\"krajowe kasyno login\" class=\"wp-image-167\" srcset=\"https:\/\/national-casino.info\/wp-content\/uploads\/2022\/05\/national-casino-main-1024x341.jpeg 1024w, https:\/\/national-casino.info\/wp-content\/uploads\/2022\/05\/national-casino-main-300x100.jpeg 300w, https:\/\/national-casino.info\/wp-content\/uploads\/2022\/05\/national-casino-main-768x256.jpeg 768w, https:\/\/national-casino.info\/wp-content\/uploads\/2022\/05\/national-casino-main-1536x512.jpeg 1536w, https:\/\/national-casino.info\/wp-content\/uploads\/2022\/05\/national-casino-main-2048x683.jpeg 2048w\" sizes=\"auto, (max-width: 1024px) 100vw, 1024px\" \/><\/figure>\n\n\n\n<p><a href=\"\/pl\/\">National Casino<\/a> jest jednym z najbardziej popularnych kasyn online na \u015bwiecie. Miliony graczy korzystaj\u0105 z jego gier ka\u017cdego dnia. Je\u015bli jeste\u015b jednym z tych graczy, by\u0107 mo\u017ce zastanawiasz si\u0119, jak zalogowa\u0107 si\u0119 do National Casino. W tym artykule przeprowadzimy Ci\u0119 przez ten proces krok po kroku.<\/p>\n\n\n\n<h2 class=\"wp-block-heading\">Jak si\u0119 zarejestrowa\u0107 na National Casino <\/h2>\n\n\n\n<p>Aby zalogowa\u0107 si\u0119 na konto National Casino, nale\u017cy si\u0119 zarejestrowa\u0107. Mo\u017cesz to zrobi\u0107, odwiedzaj\u0105c stron\u0119 internetow\u0105 National Casino i klikaj\u0105c przycisk \"Zarejestruj si\u0119\". Nast\u0119pnie trzeba b\u0119dzie wype\u0142ni\u0107 kilka danych osobowych, takich jak imi\u0119 i nazwisko, adres i adres e-mail. Po wype\u0142nieniu wszystkich wymaganych p\u00f3l b\u0119dziesz m\u00f3g\u0142 utworzy\u0107 swoje konto.<\/p>\n\n\n\n<p>Po zarejestrowaniu konta nale\u017cy zweryfikowa\u0107 sw\u00f3j adres e-mail. National Casino wy\u015ble Ci wiadomo\u015b\u0107 e-mail z linkiem, kt\u00f3ry musisz klikn\u0105\u0107. Po klikni\u0119ciu na link, Twoje konto zostanie zweryfikowane i b\u0119dziesz m\u00f3g\u0142 zalogowa\u0107 si\u0119 do lobby National Casino. I mo\u017cesz otrzyma\u0107 <a href=\"https:\/\/national-casino.info\/pl\/bonus\/\">National Casino bonus<\/a>.<\/p>\n\n\n\n<p>Aby zarejestrowa\u0107 konto, musisz mie\u0107 uko\u0144czone 18 lat. National Casino wykorzystuje oprogramowanie do weryfikacji wieku, aby upewni\u0107 si\u0119, \u017ce wszyscy gracze s\u0105 pe\u0142noletni.<\/p>\n\n\n\n<h2 class=\"wp-block-heading\">National Casino Login<\/h2>\n\n\n\n<p>Po zarejestrowaniu konta nadszed\u0142 czas, aby dowiedzie\u0107 si\u0119, jak zalogowa\u0107 si\u0119 do National Casino. Pierwsz\u0105 rzecz\u0105, kt\u00f3r\u0105 musisz zrobi\u0107, to wej\u015b\u0107 na stron\u0119 internetow\u0105 National Casino i klikn\u0105\u0107 przycisk \"Zaloguj si\u0119\". Spowoduje to wy\u015bwietlenie nowej strony, na kt\u00f3rej zostaniesz poproszony o wpisanie nazwy u\u017cytkownika i has\u0142a. Po wprowadzeniu tych danych wystarczy klikn\u0105\u0107 przycisk \"Zaloguj si\u0119\", aby zalogowa\u0107 si\u0119 na swoje konto.<\/p>\n\n\n\n<div class=\"wp-block-buttons is-content-justification-center is-layout-flex wp-container-core-buttons-is-layout-a89b3969 wp-block-buttons-is-layout-flex\">\n<div class=\"wp-block-button has-custom-width wp-block-button__width-100 is-style-fill\"><a class=\"wp-block-button__link has-ast-global-color-8-color has-text-color has-background wp-element-button\" href=\"https:\/\/media.playamopartners.com\/redirect.aspx?pid=251725&amp;bid=2036&amp;lpid=502\" style=\"border-radius:5px;background-color:#fec882\">National Casino Login<\/a><\/div>\n<\/div>\n\n\n\n<p><\/p>\n\n\n\n<h2 class=\"wp-block-heading\">National Casino Login z telefonu kom\u00f3rkowego<\/h2>\n\n\n\n<p>Program National Casino jest r\u00f3wnie\u017c dost\u0119pny na urz\u0105dzeniach mobilnych. Aby zalogowa\u0107 si\u0119 z telefonu kom\u00f3rkowego, nale\u017cy pobra\u0107 aplikacj\u0119 National Casino. Aplikacja jest dost\u0119pna zar\u00f3wno dla urz\u0105dze\u0144 z systemem iOS, jak i Android.<\/p>\n\n\n\n<p>Po pobraniu i zainstalowaniu aplikacji wystarczy j\u0105 otworzy\u0107 i wprowadzi\u0107 swoj\u0105 nazw\u0119 u\u017cytkownika i has\u0142o. Po wykonaniu tych czynno\u015bci zostaniesz zalogowany na swoje konto i b\u0119dziesz m\u00f3g\u0142 gra\u0107 we wszystkie gry ze swojego urz\u0105dzenia mobilnego.<\/p>\n\n\n\n<h2 class=\"wp-block-heading\">Co zrobi\u0107, gdy zapomnisz has\u0142a?<\/h2>\n\n\n\n<p>Je\u015bli zapomnisz swojego has\u0142a, National Casino przygotowa\u0142 proces, kt\u00f3ry pomo\u017ce Ci je odzyska\u0107. Po pierwsze, musisz wej\u015b\u0107 na stron\u0119 logowania i klikn\u0105\u0107 \u0142\u0105cze \"Zapomnia\u0142em has\u0142a\". Spowoduje to przej\u015bcie do nowej strony, na kt\u00f3rej zostaniesz poproszony o podanie adresu e-mail. Po podaniu adresu e-mail u\u017cytkownik otrzyma od National Casino wiadomo\u015b\u0107 e-mail z instrukcjami dotycz\u0105cymi resetowania has\u0142a.<\/p>\n\n\n\n<h2 class=\"wp-block-heading\">Co zrobi\u0107, je\u015bli nie mo\u017cesz login National Casino<\/h2>\n\n\n\n<p>Je\u015bli masz jakiekolwiek problemy z zalogowaniem si\u0119 na swoje konto lub jakiekolwiek pytania dotycz\u0105ce procesu rejestracji, zawsze mo\u017cesz skontaktowa\u0107 si\u0119 z dzia\u0142em obs\u0142ugi klienta National Casino w celu uzyskania pomocy. Obs\u0142uga klienta jest dost\u0119pna 24 godziny na dob\u0119, siedem dni w tygodniu. Mo\u017cna si\u0119 z nimi skontaktowa\u0107 telefonicznie, za po\u015brednictwem czatu na \u017cywo lub poczty elektronicznej.<\/p>\n\n\n\n<h2 class=\"wp-block-heading\">Wskaz\u00f3wki dotycz\u0105ce bezpiecze\u0144stwa podczas gier hazardowych w Internecie<\/h2>\n\n\n\n<ol class=\"wp-block-list\">\n<li>Graj\u0105c w gry online, nale\u017cy podj\u0105\u0107 odpowiednie \u015brodki ostro\u017cno\u015bci, aby zachowa\u0107 bezpiecze\u0144stwo. Przede wszystkim nie nale\u017cy nigdy gra\u0107 pieni\u0119dzmi, na kt\u00f3rych utrat\u0119 nie mo\u017cna sobie pozwoli\u0107.<\/li>\n\n\n\n<li>Po drugie, zawsze nale\u017cy upewni\u0107 si\u0119, \u017ce gra si\u0119 na legalnej stronie internetowej. Wielu oszust\u00f3w b\u0119dzie pr\u00f3bowa\u0142o oszuka\u0107 Ci\u0119, aby\u015b poda\u0142 im swoje dane osobowe lub pieni\u0105dze. Je\u015bli nie masz pewno\u015bci co do danej witryny, zawsze mo\u017cesz skontaktowa\u0107 si\u0119 z dzia\u0142em obs\u0142ugi klienta, aby uzyska\u0107 pomoc.<\/li>\n\n\n\n<li>I wreszcie, nigdy nie nale\u017cy nikomu udost\u0119pnia\u0107 swoich danych logowania. Dotyczy to cz\u0142onk\u00f3w rodziny, przyjaci\u00f3\u0142, a nawet przedstawicieli dzia\u0142u obs\u0142ugi klienta.<\/li>\n<\/ol>\n\n\n\n<h2 class=\"wp-block-heading\">FAQs<\/h2>\n\n\n<style>#sp-ea-210 .spcollapsing { height: 0; overflow: hidden; transition-property: height;transition-duration: 300ms;}#sp-ea-210.sp-easy-accordion>.sp-ea-single {border: 1px solid #e2e2e2; }#sp-ea-210.sp-easy-accordion>.sp-ea-single>.ea-header a {color: #444;}#sp-ea-210.sp-easy-accordion>.sp-ea-single>.sp-collapse>.ea-body {background: #fff; color: #444;}#sp-ea-210.sp-easy-accordion>.sp-ea-single {background: #eee;}#sp-ea-210.sp-easy-accordion>.sp-ea-single>.ea-header a .ea-expand-icon.fa { float: left; color: #444;font-size: 16px;}<\/style><div id=\"sp-ea-210\" class=\"sp-ea-one sp-easy-accordion\" data-ex-icon=\"fa-minus\" data-col-icon=\"fa-plus\"  data-ea-active=\"ea-click\"  data-ea-mode=\"vertical\" data-preloader=\"\" data-scroll-active-item=\"\" data-offset-to-scroll=\"0\"><div class=\"ea-card ea-expand sp-ea-single\"><h3 class=\"ea-header\"><a class=\"collapsed\" data-sptoggle=\"spcollapse\" data-sptarget=\"#collapse2100\" href=\"javascript:void(0)\"  aria-expanded=\"true\"><i class=\"ea-expand-icon fa fa-minus\"><\/i> Czy National Casino jest bezpieczny?<\/a><\/h3><div class=\"sp-collapse spcollapse collapsed show\" id=\"collapse2100\" ><div class=\"ea-body\"><p>Tak, National Casino to bezpieczna strona internetowa.<\/p>\n<\/div><\/div><\/div><div class=\"ea-card  sp-ea-single\"><h3 class=\"ea-header\"><a class=\"collapsed\" data-sptoggle=\"spcollapse\" data-sptarget=\"#collapse2101\" href=\"javascript:void(0)\"  aria-expanded=\"false\"><i class=\"ea-expand-icon fa fa-plus\"><\/i> Czy w National Casino mog\u0119 gra\u0107 w gry kasynowe za darmo?<\/a><\/h3><div class=\"sp-collapse spcollapse\" id=\"collapse2101\" ><div class=\"ea-body\"><p>Musisz mie\u0107 konto i by\u0107 zalogowany, aby gra\u0107 w gry kasynowe na National Casino.<\/p>\n<\/div><\/div><\/div><div class=\"ea-card  sp-ea-single\"><h3 class=\"ea-header\"><a class=\"collapsed\" data-sptoggle=\"spcollapse\" data-sptarget=\"#collapse2102\" href=\"javascript:void(0)\"  aria-expanded=\"false\"><i class=\"ea-expand-icon fa fa-plus\"><\/i> Jaki jest minimalny wiek, aby zarejestrowa\u0107 konto w serwisie National Casino?<\/a><\/h3><div class=\"sp-collapse spcollapse\" id=\"collapse2102\" ><div class=\"ea-body\"><p>Aby za\u0142o\u017cy\u0107 konto w serwisie National Casino, musisz mie\u0107 uko\u0144czone 18 lat.<\/p>\n<\/div><\/div><\/div><div class=\"ea-card  sp-ea-single\"><h3 class=\"ea-header\"><a class=\"collapsed\" data-sptoggle=\"spcollapse\" data-sptarget=\"#collapse2103\" href=\"javascript:void(0)\"  aria-expanded=\"false\"><i class=\"ea-expand-icon fa fa-plus\"><\/i> Jak mog\u0119 skontaktowa\u0107 si\u0119 z dzia\u0142em obs\u0142ugi klienta, je\u015bli potrzebuj\u0119 pomocy?<\/a><\/h3><div class=\"sp-collapse spcollapse\" id=\"collapse2103\" ><div class=\"ea-body\"><p>Obs\u0142uga klienta jest dost\u0119pna 24 godziny na dob\u0119, siedem dni w tygodniu. Mo\u017cna si\u0119 z nimi skontaktowa\u0107 telefonicznie, za po\u015brednictwem czatu na \u017cywo lub poczty e-mail.<\/p>\n<\/div><\/div><\/div><\/div>","protected":false},"excerpt":{"rendered":"<p>National Casino is one of the most popular online casinos in the world. Millions of players enjoy its games every day. If you are one of those players, you may be wondering how to login National Casino. In this article, we will walk you through the process step-by-step. How to register at National Casino Before &hellip;<\/p>\n<p class=\"read-more\"> <a class=\"\" href=\"https:\/\/national-casino.info\/pl\/login\/\"> <span class=\"screen-reader-text\">National Casino Login<\/span> Read More &raquo;<\/a><\/p>","protected":false},"author":1,"featured_media":0,"parent":0,"menu_order":0,"comment_status":"closed","ping_status":"closed","template":"","meta":{"site-sidebar-layout":"default","site-content-layout":"default","ast-global-header-display":"","ast-main-header-display":"","ast-hfb-above-header-display":"","ast-hfb-below-header-display":"","ast-hfb-mobile-header-display":"","site-post-title":"","ast-breadcrumbs-content":"","ast-featured-img":"","footer-sml-layout":"","theme-transparent-header-meta":"","adv-header-id-meta":"","stick-header-meta":"","header-above-stick-meta":"","header-main-stick-meta":"","header-below-stick-meta":"","footnotes":""},"class_list":["post-100","page","type-page","status-publish","hentry"],"yoast_head":"<!-- This site is optimized with the Yoast SEO plugin v19.13 - https:\/\/yoast.com\/wordpress\/plugins\/seo\/ -->\n<title>National Casino Login: \ud83e\udd11 How To Log In To Nationalcasino And Play For Money<\/title>\n<meta name=\"description\" content=\"National Casino login - how to log in to National Casino and start playing for money. What to do if you can&#039;t log in to your account. How to change your personal account password\" \/>\n<meta name=\"robots\" content=\"index, follow, max-snippet:-1, max-image-preview:large, max-video-preview:-1\" \/>\n<link rel=\"canonical\" href=\"https:\/\/national-casino.info\/pl\/login\/\" \/>\n<meta property=\"og:locale\" content=\"pl_PL\" \/>\n<meta property=\"og:type\" content=\"article\" \/>\n<meta property=\"og:title\" content=\"National Casino Login: \ud83e\udd11 How To Log In To Nationalcasino And Play For Money\" \/>\n<meta property=\"og:description\" content=\"National Casino login - how to log in to National Casino and start playing for money. What to do if you can&#039;t log in to your account. How to change your personal account password\" \/>\n<meta property=\"og:url\" content=\"https:\/\/national-casino.info\/pl\/login\/\" \/>\n<meta property=\"og:site_name\" content=\"National Casino\" \/>\n<meta property=\"article:modified_time\" content=\"2023-06-28T13:46:08+00:00\" \/>\n<meta property=\"og:image\" content=\"https:\/\/national-casino.info\/wp-content\/uploads\/2022\/05\/national-casino-main-1024x341.jpeg\" \/>\n<meta name=\"twitter:card\" content=\"summary_large_image\" \/>\n<meta name=\"twitter:label1\" content=\"Szacowany czas czytania\" \/>\n\t<meta name=\"twitter:data1\" content=\"3 minuty\" \/>\n<script type=\"application\/ld+json\" class=\"yoast-schema-graph\">{\"@context\":\"https:\/\/schema.org\",\"@graph\":[{\"@type\":\"WebPage\",\"@id\":\"https:\/\/national-casino.info\/login\/\",\"url\":\"https:\/\/national-casino.info\/login\/\",\"name\":\"National Casino Login: \ud83e\udd11 How To Log In To Nationalcasino And Play For Money\",\"isPartOf\":{\"@id\":\"https:\/\/national-casino.info\/#website\"},\"datePublished\":\"2022-05-14T16:13:30+00:00\",\"dateModified\":\"2023-06-28T13:46:08+00:00\",\"description\":\"National Casino login - how to log in to National Casino and start playing for money. What to do if you can't log in to your account. How to change your personal account password\",\"breadcrumb\":{\"@id\":\"https:\/\/national-casino.info\/login\/#breadcrumb\"},\"inLanguage\":\"pl-PL\",\"potentialAction\":[{\"@type\":\"ReadAction\",\"target\":[\"https:\/\/national-casino.info\/login\/\"]}]},{\"@type\":\"BreadcrumbList\",\"@id\":\"https:\/\/national-casino.info\/login\/#breadcrumb\",\"itemListElement\":[{\"@type\":\"ListItem\",\"position\":1,\"name\":\"Home\",\"item\":\"https:\/\/national-casino.info\/\"},{\"@type\":\"ListItem\",\"position\":2,\"name\":\"National Casino Login\"}]},{\"@type\":\"WebSite\",\"@id\":\"https:\/\/national-casino.info\/#website\",\"url\":\"https:\/\/national-casino.info\/\",\"name\":\"National Casino\",\"description\":\"\",\"publisher\":{\"@id\":\"https:\/\/national-casino.info\/#organization\"},\"potentialAction\":[{\"@type\":\"SearchAction\",\"target\":{\"@type\":\"EntryPoint\",\"urlTemplate\":\"https:\/\/national-casino.info\/?s={search_term_string}\"},\"query-input\":\"required name=search_term_string\"}],\"inLanguage\":\"pl-PL\"},{\"@type\":\"Organization\",\"@id\":\"https:\/\/national-casino.info\/#organization\",\"name\":\"National Casino\",\"url\":\"https:\/\/national-casino.info\/\",\"logo\":{\"@type\":\"ImageObject\",\"inLanguage\":\"pl-PL\",\"@id\":\"https:\/\/national-casino.info\/#\/schema\/logo\/image\/\",\"url\":\"https:\/\/national-casino.info\/wp-content\/uploads\/2022\/05\/logo.png\",\"contentUrl\":\"https:\/\/national-casino.info\/wp-content\/uploads\/2022\/05\/logo.png\",\"width\":550,\"height\":214,\"caption\":\"National Casino\"},\"image\":{\"@id\":\"https:\/\/national-casino.info\/#\/schema\/logo\/image\/\"}}]}<\/script>\n<!-- \/ Yoast SEO plugin. -->","yoast_head_json":{"title":"National Casino Login: \ud83e\udd11 How To Log In To Nationalcasino And Play For Money","description":"National Casino login - how to log in to National Casino and start playing for money. What to do if you can't log in to your account. How to change your personal account password","robots":{"index":"index","follow":"follow","max-snippet":"max-snippet:-1","max-image-preview":"max-image-preview:large","max-video-preview":"max-video-preview:-1"},"canonical":"https:\/\/national-casino.info\/pl\/login\/","og_locale":"pl_PL","og_type":"article","og_title":"National Casino Login: \ud83e\udd11 How To Log In To Nationalcasino And Play For Money","og_description":"National Casino login - how to log in to National Casino and start playing for money. What to do if you can't log in to your account. How to change your personal account password","og_url":"https:\/\/national-casino.info\/pl\/login\/","og_site_name":"National Casino","article_modified_time":"2023-06-28T13:46:08+00:00","og_image":[{"url":"https:\/\/national-casino.info\/wp-content\/uploads\/2022\/05\/national-casino-main-1024x341.jpeg"}],"twitter_card":"summary_large_image","twitter_misc":{"Szacowany czas czytania":"3 minuty"},"schema":{"@context":"https:\/\/schema.org","@graph":[{"@type":"WebPage","@id":"https:\/\/national-casino.info\/login\/","url":"https:\/\/national-casino.info\/login\/","name":"National Casino Login: \ud83e\udd11 How To Log In To Nationalcasino And Play For Money","isPartOf":{"@id":"https:\/\/national-casino.info\/#website"},"datePublished":"2022-05-14T16:13:30+00:00","dateModified":"2023-06-28T13:46:08+00:00","description":"National Casino login - how to log in to National Casino and start playing for money. What to do if you can't log in to your account. How to change your personal account password","breadcrumb":{"@id":"https:\/\/national-casino.info\/login\/#breadcrumb"},"inLanguage":"pl-PL","potentialAction":[{"@type":"ReadAction","target":["https:\/\/national-casino.info\/login\/"]}]},{"@type":"BreadcrumbList","@id":"https:\/\/national-casino.info\/login\/#breadcrumb","itemListElement":[{"@type":"ListItem","position":1,"name":"Home","item":"https:\/\/national-casino.info\/"},{"@type":"ListItem","position":2,"name":"National Casino Login"}]},{"@type":"WebSite","@id":"https:\/\/national-casino.info\/#website","url":"https:\/\/national-casino.info\/","name":"National Casino","description":"","publisher":{"@id":"https:\/\/national-casino.info\/#organization"},"potentialAction":[{"@type":"SearchAction","target":{"@type":"EntryPoint","urlTemplate":"https:\/\/national-casino.info\/?s={search_term_string}"},"query-input":"required name=search_term_string"}],"inLanguage":"pl-PL"},{"@type":"Organization","@id":"https:\/\/national-casino.info\/#organization","name":"National Casino","url":"https:\/\/national-casino.info\/","logo":{"@type":"ImageObject","inLanguage":"pl-PL","@id":"https:\/\/national-casino.info\/#\/schema\/logo\/image\/","url":"https:\/\/national-casino.info\/wp-content\/uploads\/2022\/05\/logo.png","contentUrl":"https:\/\/national-casino.info\/wp-content\/uploads\/2022\/05\/logo.png","width":550,"height":214,"caption":"National Casino"},"image":{"@id":"https:\/\/national-casino.info\/#\/schema\/logo\/image\/"}}]}},"_links":{"self":[{"href":"https:\/\/national-casino.info\/pl\/wp-json\/wp\/v2\/pages\/100","targetHints":{"allow":["GET"]}}],"collection":[{"href":"https:\/\/national-casino.info\/pl\/wp-json\/wp\/v2\/pages"}],"about":[{"href":"https:\/\/national-casino.info\/pl\/wp-json\/wp\/v2\/types\/page"}],"author":[{"embeddable":true,"href":"https:\/\/national-casino.info\/pl\/wp-json\/wp\/v2\/users\/1"}],"replies":[{"embeddable":true,"href":"https:\/\/national-casino.info\/pl\/wp-json\/wp\/v2\/comments?post=100"}],"version-history":[{"count":5,"href":"https:\/\/national-casino.info\/pl\/wp-json\/wp\/v2\/pages\/100\/revisions"}],"predecessor-version":[{"id":289,"href":"https:\/\/national-casino.info\/pl\/wp-json\/wp\/v2\/pages\/100\/revisions\/289"}],"wp:attachment":[{"href":"https:\/\/national-casino.info\/pl\/wp-json\/wp\/v2\/media?parent=100"}],"curies":[{"name":"wp","href":"https:\/\/api.w.org\/{rel}","templated":true}]}}