{"id":216,"date":"2022-05-31T12:02:53","date_gmt":"2022-05-31T12:02:53","guid":{"rendered":"https:\/\/national-casino.info\/?page_id=216"},"modified":"2023-06-28T13:45:18","modified_gmt":"2023-06-28T13:45:18","slug":"bonus","status":"publish","type":"page","link":"https:\/\/national-casino.info\/pl\/bonus\/","title":{"rendered":"National Casino Bonus"},"content":{"rendered":"<figure class=\"wp-block-image aligncenter size-large\"><img loading=\"lazy\" decoding=\"async\" width=\"1024\" height=\"372\" src=\"https:\/\/national-casino.info\/wp-content\/uploads\/2022\/05\/national-casino-reviews-1024x372.png\" alt=\"krajowe kasyno bonusy\" class=\"wp-image-190\" srcset=\"https:\/\/national-casino.info\/wp-content\/uploads\/2022\/05\/national-casino-reviews-1024x372.png 1024w, https:\/\/national-casino.info\/wp-content\/uploads\/2022\/05\/national-casino-reviews-300x109.png 300w, https:\/\/national-casino.info\/wp-content\/uploads\/2022\/05\/national-casino-reviews-768x279.png 768w, https:\/\/national-casino.info\/wp-content\/uploads\/2022\/05\/national-casino-reviews.png 1149w\" sizes=\"auto, (max-width: 1024px) 100vw, 1024px\" \/><\/figure>\n\n\n\n<p>Szukasz National Casino bonuses? W takim razie trafi\u0142e\u015b we w\u0142a\u015bciwe miejsce! Zebrali\u015bmy list\u0119 najlepszych <a href=\"\/pl\/\">National Casino<\/a> promocje dost\u0119pne online. Wi\u0119c czytaj dalej i zacznij korzysta\u0107 z darmowych \u017ceton\u00f3w ju\u017c dzi\u015b!<\/p>\n\n\n\n<h2 class=\"wp-block-heading\">Rodzaje National Casino bonuses<\/h2>\n\n\n\n<p>Promocje National Casino wyst\u0119puj\u0105 w wielu r\u00f3\u017cnych formach.<\/p>\n\n\n\n<h3 class=\"wp-block-heading\">Bonus powitalny<\/h3>\n\n\n\n<p>Najbardziej powszechnym rodzajem promocji jest bonus powitalny. Ten prezent jest oferowany nowym graczom, kt\u00f3rzy za\u0142o\u017c\u0105 konto i <a href=\"https:\/\/national-casino.info\/pl\/login\/\">login National Casino<\/a>. National Casino bonus przy rejestracji zwykle pokrywa pierwsz\u0105 wp\u0142at\u0119 gracza do okre\u015blonej kwoty. Na przyk\u0142ad, National Casino mo\u017ce zaoferowa\u0107 100% match w wysoko\u015bci $500. Tak wi\u0119c, je\u015bli wp\u0142acisz na swoje konto $500, kasyno da ci dodatkowe $500 za darmo!<\/p>\n\n\n\n<div class=\"wp-block-buttons is-content-justification-center is-layout-flex wp-container-core-buttons-is-layout-a89b3969 wp-block-buttons-is-layout-flex\">\n<div class=\"wp-block-button has-custom-width wp-block-button__width-100 is-style-fill\"><a class=\"wp-block-button__link has-ast-global-color-8-color has-text-color has-background wp-element-button\" href=\"https:\/\/media.playamopartners.com\/redirect.aspx?pid=251725&amp;bid=2036&amp;lpid=522\" style=\"border-radius:5px;background-color:#fec882\">Uzyskaj premi\u0119<\/a><\/div>\n<\/div>\n\n\n\n<p><\/p>\n\n\n\n<h3 class=\"wp-block-heading\">National Casino Bonus bez depozytu<\/h3>\n\n\n\n<p>National Casino mo\u017ce r\u00f3wnie\u017c oferowa\u0107 bonus bez depozytu. Jest to prezent dla graczy, kt\u00f3ry nie wymaga od nich z\u0142o\u017cenia depozytu. National Casino wykorzystuj\u0105 ten rodzaj bonusu do promowania swojego kasyna i przyci\u0105gania nowych graczy. Bonusy bez depozytu s\u0105 zazwyczaj niewielkie, od $20 do $100. Jednak nadal mog\u0105 by\u0107 cenne, poniewa\u017c mo\u017cna je wykorzysta\u0107 do gry w kasynie na prawdziwe pieni\u0105dze za darmo!<\/p>\n\n\n\n<h3 class=\"wp-block-heading\">Premia za prze\u0142adowanie<\/h3>\n\n\n\n<p>National Casino oferuje r\u00f3wnie\u017c bonusy reload, kt\u00f3re s\u0105 podobne do promocji sign-up, ale s\u0105 oferowane obecnym graczom, kt\u00f3rzy dokonuj\u0105 dodatkowych depozyt\u00f3w. Bonusy do\u0142adowuj\u0105ce zazwyczaj odpowiadaj\u0105 procentowi wp\u0142aty a\u017c do maksymalnej kwoty. Na przyk\u0142ad, National Casino mo\u017ce oferowa\u0107 50% o warto\u015bci $500. Je\u015bli wi\u0119c wp\u0142acisz na swoje konto $500, kasyno da ci dodatkowe $250 za darmo!<\/p>\n\n\n\n<h3 class=\"wp-block-heading\">Darmowe spiny<\/h3>\n\n\n\n<p>Innym popularnym rozwi\u0105zaniem s\u0105 darmowe spiny. National Casino u\u017cywaj\u0105 tego typu bonus\u00f3w do promowania nowych gier slotowych. Darmowe spiny s\u0105 zazwyczaj przyznawane na konkretn\u0105 gr\u0119 slotow\u0105 i mo\u017cna je wykorzysta\u0107 do gry o prawdziwe nagrody pieni\u0119\u017cne. Ponadto, kasyna cz\u0119sto oferuj\u0105 darmowe spiny jako pakiet bonus\u00f3w powitalnych lub reload.<\/p>\n\n\n\n<div class=\"wp-block-buttons is-content-justification-center is-layout-flex wp-container-core-buttons-is-layout-a89b3969 wp-block-buttons-is-layout-flex\">\n<div class=\"wp-block-button has-custom-width wp-block-button__width-100 is-style-fill\"><a class=\"wp-block-button__link has-ast-global-color-8-color has-text-color has-background wp-element-button\" href=\"https:\/\/media.playamopartners.com\/redirect.aspx?pid=251725&amp;bid=2036&amp;lpid=522\" style=\"border-radius:5px;background-color:#fec882\">Zdob\u0105d\u017a darmowe spiny<\/a><\/div>\n<\/div>\n\n\n\n<p><\/p>\n\n\n\n<h3 class=\"wp-block-heading\">Program lojalno\u015bciowy<\/h3>\n\n\n\n<p>National Casino oferuj\u0105 r\u00f3wnie\u017c programy lojalno\u015bciowe. Programy te daj\u0105 graczom punkty za ka\u017cdego dolara wydanego w kasynie. Punkty te mog\u0105 by\u0107 nast\u0119pnie wymienione na got\u00f3wk\u0119, nagrody lub inne korzy\u015bci. Programy lojalno\u015bciowe to \u015bwietny spos\u00f3b na zdobycie najlepszych prezent\u00f3w bez konieczno\u015bci dokonywania depozytu!<\/p>\n\n\n\n<h3 class=\"wp-block-heading\">National Casino bonus codes<\/h3>\n\n\n\n<p>National Casino bonuses zazwyczaj zawieraj\u0105 kody bonusowe. Kody bonusowe to specjalne kody, kt\u00f3rych mo\u017cna u\u017cy\u0107, aby zrealizowa\u0107 prezenty. Aby u\u017cy\u0107 kodu bonusowego, wpisz go, gdy zostaniesz o to poproszony podczas procesu rejestracji w kasynie lub podczas dokonywania wp\u0142aty. Wtedy National Casino automatycznie doda nagrod\u0119 do twojego konta.<\/p>\n\n\n\n<p>National Casino bonus codes to \u015bwietny spos\u00f3b na zdobycie prezent\u00f3w bez konieczno\u015bci dokonywania wp\u0142aty!<\/p>\n\n\n\n<h2 class=\"wp-block-heading\">Wymagania dotycz\u0105ce zak\u0142ad\u00f3w<\/h2>\n\n\n\n<p>National Casino bonuses zazwyczaj zawieraj\u0105 wymagania dotycz\u0105ce zak\u0142ad\u00f3w. Wymagania dotycz\u0105ce zak\u0142ad\u00f3w to kwota pieni\u0119dzy, kt\u00f3r\u0105 musisz postawi\u0107, zanim b\u0119dziesz m\u00f3g\u0142 wyp\u0142aci\u0107 \u015brodki z promocji. Na przyk\u0142ad, je\u015bli National Casino oferuje bonus 100% w wysoko\u015bci do $500, wymagania dotycz\u0105ce zak\u0142ad\u00f3w mog\u0105 by\u0107 15x. Oznacza to, \u017ce musisz postawi\u0107 $15 za ka\u017cde $100, kt\u00f3re chcesz wyp\u0142aci\u0107.<\/p>\n\n\n\n<p>Wymagania dotycz\u0105ce zak\u0142ad\u00f3w s\u0105 r\u00f3\u017cne, dlatego przed skorzystaniem z bonusu nale\u017cy zapozna\u0107 si\u0119 z warunkami i zasadami jego przyznawania.<\/p>\n\n\n\n<h2 class=\"wp-block-heading\">FAQs<\/h2>\n\n\n<style>#sp-ea-217 .spcollapsing { height: 0; overflow: hidden; transition-property: height;transition-duration: 300ms;}#sp-ea-217.sp-easy-accordion>.sp-ea-single {border: 1px solid #e2e2e2; }#sp-ea-217.sp-easy-accordion>.sp-ea-single>.ea-header a {color: #444;}#sp-ea-217.sp-easy-accordion>.sp-ea-single>.sp-collapse>.ea-body {background: #fff; color: #444;}#sp-ea-217.sp-easy-accordion>.sp-ea-single {background: #eee;}#sp-ea-217.sp-easy-accordion>.sp-ea-single>.ea-header a .ea-expand-icon.fa { float: left; color: #444;font-size: 16px;}<\/style><div id=\"sp-ea-217\" class=\"sp-ea-one sp-easy-accordion\" data-ex-icon=\"fa-minus\" data-col-icon=\"fa-plus\"  data-ea-active=\"ea-click\"  data-ea-mode=\"vertical\" data-preloader=\"\" data-scroll-active-item=\"\" data-offset-to-scroll=\"0\"><div class=\"ea-card ea-expand sp-ea-single\"><h3 class=\"ea-header\"><a class=\"collapsed\" data-sptoggle=\"spcollapse\" data-sptarget=\"#collapse2170\" href=\"javascript:void(0)\"  aria-expanded=\"true\"><i class=\"ea-expand-icon fa fa-minus\"><\/i> Co to jest National Casino bonus?<\/a><\/h3><div class=\"sp-collapse spcollapse collapsed show\" id=\"collapse2170\" ><div class=\"ea-body\"><p>National Casino bonus to specjalna oferta, kt\u00f3r\u0105 kasyno wykorzystuje, aby przyci\u0105gn\u0105\u0107 nowych graczy. Zazwyczaj pokrywa ona pierwsz\u0105 wp\u0142at\u0119 gracza do okre\u015blonej kwoty. Na przyk\u0142ad, National Casino mo\u017ce oferowa\u0107 100% dopasowania do $500. Je\u015bli wp\u0142acisz na swoje konto $500, kasyno da Ci dodatkowe $500 za darmo!<\/p>\n<\/div><\/div><\/div><div class=\"ea-card  sp-ea-single\"><h3 class=\"ea-header\"><a class=\"collapsed\" data-sptoggle=\"spcollapse\" data-sptarget=\"#collapse2171\" href=\"javascript:void(0)\"  aria-expanded=\"false\"><i class=\"ea-expand-icon fa fa-plus\"><\/i> Jak korzysta\u0107 z National Casino bonus codes?<\/a><\/h3><div class=\"sp-collapse spcollapse\" id=\"collapse2171\" ><div class=\"ea-body\"><p>Aby skorzysta\u0107 z kod\u00f3w National Casino bonus, po prostu wpisz je, gdy zostaniesz o to poproszony podczas procesu rejestracji lub dokonywania wp\u0142aty. Kasyno automatycznie doda prezent do Twojego konta.<\/p>\n<\/div><\/div><\/div><div class=\"ea-card  sp-ea-single\"><h3 class=\"ea-header\"><a class=\"collapsed\" data-sptoggle=\"spcollapse\" data-sptarget=\"#collapse2172\" href=\"javascript:void(0)\"  aria-expanded=\"false\"><i class=\"ea-expand-icon fa fa-plus\"><\/i> Jakie s\u0105 wymagania dotycz\u0105ce zak\u0142ad\u00f3w?<\/a><\/h3><div class=\"sp-collapse spcollapse\" id=\"collapse2172\" ><div class=\"ea-body\"><p>Wymagania zak\u0142ad\u00f3w to kwota pieni\u0119dzy, kt\u00f3r\u0105 musisz postawi\u0107, zanim b\u0119dziesz m\u00f3g\u0142 wyp\u0142aci\u0107 swoje National Casino bonus. Na przyk\u0142ad, je\u015bli kasyno oferuje bonus 100% o warto\u015bci do $500, wymagania dotycz\u0105ce zak\u0142ad\u00f3w mog\u0105 by\u0107 15x. Oznacza to, \u017ce musisz postawi\u0107 $15 za ka\u017cde $100, kt\u00f3re chcesz wyp\u0142aci\u0107.<\/p>\n<\/div><\/div><\/div><div class=\"ea-card  sp-ea-single\"><h3 class=\"ea-header\"><a class=\"collapsed\" data-sptoggle=\"spcollapse\" data-sptarget=\"#collapse2173\" href=\"javascript:void(0)\"  aria-expanded=\"false\"><i class=\"ea-expand-icon fa fa-plus\"><\/i> Co to jest National Casino no deposit bonus?<\/a><\/h3><div class=\"sp-collapse spcollapse\" id=\"collapse2173\" ><div class=\"ea-body\"><p>Bonus National Casino no deposit bonus to wyj\u0105tkowy prezent, kt\u00f3ry nie wymaga wp\u0142aty depozytu, aby go odebra\u0107. National Casino wykorzystuje bonusy bez depozytu do promowania swoich gier.<\/p>\n<\/div><\/div><\/div><\/div>","protected":false},"excerpt":{"rendered":"<p>Are you looking for a National Casino bonuses? Then, you&#8217;ve come to the right place! We have compiled a list of the best National Casino promos available online. So read on and start enjoying those free casino chips today! Types of National Casino bonuses National Casino promos come in many different forms. Welcome bonus The &hellip;<\/p>\n<p class=\"read-more\"> <a class=\"\" href=\"https:\/\/national-casino.info\/pl\/bonus\/\"> <span class=\"screen-reader-text\">National Casino Bonus<\/span> Read More &raquo;<\/a><\/p>","protected":false},"author":1,"featured_media":0,"parent":0,"menu_order":0,"comment_status":"closed","ping_status":"closed","template":"","meta":{"site-sidebar-layout":"default","site-content-layout":"default","ast-global-header-display":"","ast-main-header-display":"","ast-hfb-above-header-display":"","ast-hfb-below-header-display":"","ast-hfb-mobile-header-display":"","site-post-title":"","ast-breadcrumbs-content":"","ast-featured-img":"","footer-sml-layout":"","theme-transparent-header-meta":"","adv-header-id-meta":"","stick-header-meta":"","header-above-stick-meta":"","header-main-stick-meta":"","header-below-stick-meta":"","footnotes":""},"class_list":["post-216","page","type-page","status-publish","hentry"],"yoast_head":"<!-- This site is optimized with the Yoast SEO plugin v19.13 - https:\/\/yoast.com\/wordpress\/plugins\/seo\/ -->\n<title>National Casino Bonuses: \ud83c\udf81 No Deposit, Welcome, Bonus Codes<\/title>\n<meta name=\"description\" content=\"National Casino Bonuses: no deposit, welcome, bonus codes. What are the conditions for wagering casino bonuses\" \/>\n<meta name=\"robots\" content=\"index, follow, max-snippet:-1, max-image-preview:large, max-video-preview:-1\" \/>\n<link rel=\"canonical\" href=\"https:\/\/national-casino.info\/pl\/bonus\/\" \/>\n<meta property=\"og:locale\" content=\"pl_PL\" \/>\n<meta property=\"og:type\" content=\"article\" \/>\n<meta property=\"og:title\" content=\"National Casino Bonuses: \ud83c\udf81 No Deposit, Welcome, Bonus Codes\" \/>\n<meta property=\"og:description\" content=\"National Casino Bonuses: no deposit, welcome, bonus codes. What are the conditions for wagering casino bonuses\" \/>\n<meta property=\"og:url\" content=\"https:\/\/national-casino.info\/pl\/bonus\/\" \/>\n<meta property=\"og:site_name\" content=\"National Casino\" \/>\n<meta property=\"article:modified_time\" content=\"2023-06-28T13:45:18+00:00\" \/>\n<meta property=\"og:image\" content=\"https:\/\/national-casino.info\/wp-content\/uploads\/2022\/05\/national-casino-reviews-1024x372.png\" \/>\n<meta name=\"twitter:card\" content=\"summary_large_image\" \/>\n<meta name=\"twitter:label1\" content=\"Szacowany czas czytania\" \/>\n\t<meta name=\"twitter:data1\" content=\"3 minuty\" \/>\n<script type=\"application\/ld+json\" class=\"yoast-schema-graph\">{\"@context\":\"https:\/\/schema.org\",\"@graph\":[{\"@type\":\"WebPage\",\"@id\":\"https:\/\/national-casino.info\/bonus\/\",\"url\":\"https:\/\/national-casino.info\/bonus\/\",\"name\":\"National Casino Bonuses: \ud83c\udf81 No Deposit, Welcome, Bonus Codes\",\"isPartOf\":{\"@id\":\"https:\/\/national-casino.info\/#website\"},\"datePublished\":\"2022-05-31T12:02:53+00:00\",\"dateModified\":\"2023-06-28T13:45:18+00:00\",\"description\":\"National Casino Bonuses: no deposit, welcome, bonus codes. What are the conditions for wagering casino bonuses\",\"breadcrumb\":{\"@id\":\"https:\/\/national-casino.info\/bonus\/#breadcrumb\"},\"inLanguage\":\"pl-PL\",\"potentialAction\":[{\"@type\":\"ReadAction\",\"target\":[\"https:\/\/national-casino.info\/bonus\/\"]}]},{\"@type\":\"BreadcrumbList\",\"@id\":\"https:\/\/national-casino.info\/bonus\/#breadcrumb\",\"itemListElement\":[{\"@type\":\"ListItem\",\"position\":1,\"name\":\"Home\",\"item\":\"https:\/\/national-casino.info\/\"},{\"@type\":\"ListItem\",\"position\":2,\"name\":\"National Casino Bonuses\"}]},{\"@type\":\"WebSite\",\"@id\":\"https:\/\/national-casino.info\/#website\",\"url\":\"https:\/\/national-casino.info\/\",\"name\":\"National Casino\",\"description\":\"\",\"publisher\":{\"@id\":\"https:\/\/national-casino.info\/#organization\"},\"potentialAction\":[{\"@type\":\"SearchAction\",\"target\":{\"@type\":\"EntryPoint\",\"urlTemplate\":\"https:\/\/national-casino.info\/?s={search_term_string}\"},\"query-input\":\"required name=search_term_string\"}],\"inLanguage\":\"pl-PL\"},{\"@type\":\"Organization\",\"@id\":\"https:\/\/national-casino.info\/#organization\",\"name\":\"National Casino\",\"url\":\"https:\/\/national-casino.info\/\",\"logo\":{\"@type\":\"ImageObject\",\"inLanguage\":\"pl-PL\",\"@id\":\"https:\/\/national-casino.info\/#\/schema\/logo\/image\/\",\"url\":\"https:\/\/national-casino.info\/wp-content\/uploads\/2022\/05\/logo.png\",\"contentUrl\":\"https:\/\/national-casino.info\/wp-content\/uploads\/2022\/05\/logo.png\",\"width\":550,\"height\":214,\"caption\":\"National Casino\"},\"image\":{\"@id\":\"https:\/\/national-casino.info\/#\/schema\/logo\/image\/\"}}]}<\/script>\n<!-- \/ Yoast SEO plugin. -->","yoast_head_json":{"title":"National Casino Bonuses: \ud83c\udf81 No Deposit, Welcome, Bonus Codes","description":"National Casino Bonuses: no deposit, welcome, bonus codes. What are the conditions for wagering casino bonuses","robots":{"index":"index","follow":"follow","max-snippet":"max-snippet:-1","max-image-preview":"max-image-preview:large","max-video-preview":"max-video-preview:-1"},"canonical":"https:\/\/national-casino.info\/pl\/bonus\/","og_locale":"pl_PL","og_type":"article","og_title":"National Casino Bonuses: \ud83c\udf81 No Deposit, Welcome, Bonus Codes","og_description":"National Casino Bonuses: no deposit, welcome, bonus codes. What are the conditions for wagering casino bonuses","og_url":"https:\/\/national-casino.info\/pl\/bonus\/","og_site_name":"National Casino","article_modified_time":"2023-06-28T13:45:18+00:00","og_image":[{"url":"https:\/\/national-casino.info\/wp-content\/uploads\/2022\/05\/national-casino-reviews-1024x372.png"}],"twitter_card":"summary_large_image","twitter_misc":{"Szacowany czas czytania":"3 minuty"},"schema":{"@context":"https:\/\/schema.org","@graph":[{"@type":"WebPage","@id":"https:\/\/national-casino.info\/bonus\/","url":"https:\/\/national-casino.info\/bonus\/","name":"National Casino Bonuses: \ud83c\udf81 No Deposit, Welcome, Bonus Codes","isPartOf":{"@id":"https:\/\/national-casino.info\/#website"},"datePublished":"2022-05-31T12:02:53+00:00","dateModified":"2023-06-28T13:45:18+00:00","description":"National Casino Bonuses: no deposit, welcome, bonus codes. What are the conditions for wagering casino bonuses","breadcrumb":{"@id":"https:\/\/national-casino.info\/bonus\/#breadcrumb"},"inLanguage":"pl-PL","potentialAction":[{"@type":"ReadAction","target":["https:\/\/national-casino.info\/bonus\/"]}]},{"@type":"BreadcrumbList","@id":"https:\/\/national-casino.info\/bonus\/#breadcrumb","itemListElement":[{"@type":"ListItem","position":1,"name":"Home","item":"https:\/\/national-casino.info\/"},{"@type":"ListItem","position":2,"name":"National Casino Bonuses"}]},{"@type":"WebSite","@id":"https:\/\/national-casino.info\/#website","url":"https:\/\/national-casino.info\/","name":"National Casino","description":"","publisher":{"@id":"https:\/\/national-casino.info\/#organization"},"potentialAction":[{"@type":"SearchAction","target":{"@type":"EntryPoint","urlTemplate":"https:\/\/national-casino.info\/?s={search_term_string}"},"query-input":"required name=search_term_string"}],"inLanguage":"pl-PL"},{"@type":"Organization","@id":"https:\/\/national-casino.info\/#organization","name":"National Casino","url":"https:\/\/national-casino.info\/","logo":{"@type":"ImageObject","inLanguage":"pl-PL","@id":"https:\/\/national-casino.info\/#\/schema\/logo\/image\/","url":"https:\/\/national-casino.info\/wp-content\/uploads\/2022\/05\/logo.png","contentUrl":"https:\/\/national-casino.info\/wp-content\/uploads\/2022\/05\/logo.png","width":550,"height":214,"caption":"National Casino"},"image":{"@id":"https:\/\/national-casino.info\/#\/schema\/logo\/image\/"}}]}},"_links":{"self":[{"href":"https:\/\/national-casino.info\/pl\/wp-json\/wp\/v2\/pages\/216","targetHints":{"allow":["GET"]}}],"collection":[{"href":"https:\/\/national-casino.info\/pl\/wp-json\/wp\/v2\/pages"}],"about":[{"href":"https:\/\/national-casino.info\/pl\/wp-json\/wp\/v2\/types\/page"}],"author":[{"embeddable":true,"href":"https:\/\/national-casino.info\/pl\/wp-json\/wp\/v2\/users\/1"}],"replies":[{"embeddable":true,"href":"https:\/\/national-casino.info\/pl\/wp-json\/wp\/v2\/comments?post=216"}],"version-history":[{"count":5,"href":"https:\/\/national-casino.info\/pl\/wp-json\/wp\/v2\/pages\/216\/revisions"}],"predecessor-version":[{"id":288,"href":"https:\/\/national-casino.info\/pl\/wp-json\/wp\/v2\/pages\/216\/revisions\/288"}],"wp:attachment":[{"href":"https:\/\/national-casino.info\/pl\/wp-json\/wp\/v2\/media?parent=216"}],"curies":[{"name":"wp","href":"https:\/\/api.w.org\/{rel}","templated":true}]}}