{"id":100,"date":"2022-05-14T16:13:30","date_gmt":"2022-05-14T16:13:30","guid":{"rendered":"https:\/\/national-casino.info\/?page_id=100"},"modified":"2023-06-28T13:46:08","modified_gmt":"2023-06-28T13:46:08","slug":"login","status":"publish","type":"page","link":"https:\/\/national-casino.info\/pt\/login\/","title":{"rendered":"National Casino Login"},"content":{"rendered":"<figure class=\"wp-block-image size-large\"><img loading=\"lazy\" decoding=\"async\" width=\"1024\" height=\"341\" src=\"https:\/\/national-casino.info\/wp-content\/uploads\/2022\/05\/national-casino-main-1024x341.jpeg\" alt=\"login no casino nacional\" class=\"wp-image-167\" srcset=\"https:\/\/national-casino.info\/wp-content\/uploads\/2022\/05\/national-casino-main-1024x341.jpeg 1024w, https:\/\/national-casino.info\/wp-content\/uploads\/2022\/05\/national-casino-main-300x100.jpeg 300w, https:\/\/national-casino.info\/wp-content\/uploads\/2022\/05\/national-casino-main-768x256.jpeg 768w, https:\/\/national-casino.info\/wp-content\/uploads\/2022\/05\/national-casino-main-1536x512.jpeg 1536w, https:\/\/national-casino.info\/wp-content\/uploads\/2022\/05\/national-casino-main-2048x683.jpeg 2048w\" sizes=\"auto, (max-width: 1024px) 100vw, 1024px\" \/><\/figure>\n\n\n\n<p><a href=\"\/pt\/\">National Casino<\/a> \u00e9 um dos casinos online mais populares do mundo. Milh\u00f5es de jogadores desfrutam dos seus jogos todos os dias. Se \u00e9 um desses jogadores, pode estar a pensar como fazer login no National Casino. Neste artigo, vamos acompanh\u00e1-lo passo a passo no processo.<\/p>\n\n\n\n<h2 class=\"wp-block-heading\">Como registar-se no National Casino <\/h2>\n\n\n\n<p>Antes de poder entrar na conta National Casino, precisa de se registar para uma. Pode faz\u00ea-lo visitando o website do National Casino e clicando no bot\u00e3o \"Registar\". Depois disso, ter\u00e1 de preencher algumas informa\u00e7\u00f5es pessoais, tais como o seu nome, morada e endere\u00e7o de correio electr\u00f3nico. Uma vez preenchidos todos os campos requeridos, poder\u00e1 criar a sua conta.<\/p>\n\n\n\n<p>Ap\u00f3s o registo para a sua conta, ter\u00e1 de verificar o seu endere\u00e7o de correio electr\u00f3nico. National Casino enviar-lhe-\u00e1 um e-mail com um link no qual ter\u00e1 de clicar. Depois de clicar no link, a sua conta ser\u00e1 verificada, e poder\u00e1 entrar no lobby do National Casino. E pode receber <a href=\"https:\/\/national-casino.info\/pt\/bonus\/\">National Casino bonus<\/a>.<\/p>\n\n\n\n<p>Tamb\u00e9m \u00e9 necess\u00e1rio ter pelo menos 18 anos de idade para se registar para uma conta. National Casino utiliza software de verifica\u00e7\u00e3o da idade para garantir que todos os seus jogadores tenham idade legal.<\/p>\n\n\n\n<h2 class=\"wp-block-heading\">Login National Casino Conta<\/h2>\n\n\n\n<p>Agora que se registou para uma conta, \u00e9 tempo de aprender a entrar no National Casino. A primeira coisa que precisa de fazer \u00e9 visitar o website National Casino e clicar no bot\u00e3o \"Login\". Isto ir\u00e1 trazer-lhe uma nova p\u00e1gina onde lhe ser\u00e1 pedido para introduzir o seu nome de utilizador e palavra-passe. Uma vez introduzidas estas credenciais, basta clicar no bot\u00e3o \"Login\", e ser\u00e1 iniciado sess\u00e3o na sua conta.<\/p>\n\n\n\n<div class=\"wp-block-buttons is-content-justification-center is-layout-flex wp-container-core-buttons-is-layout-a89b3969 wp-block-buttons-is-layout-flex\">\n<div class=\"wp-block-button has-custom-width wp-block-button__width-100 is-style-fill\"><a class=\"wp-block-button__link has-ast-global-color-8-color has-text-color has-background wp-element-button\" href=\"https:\/\/media.playamopartners.com\/redirect.aspx?pid=251725&amp;bid=2036&amp;lpid=502\" style=\"border-radius:5px;background-color:#fec882\">National Casino Login<\/a><\/div>\n<\/div>\n\n\n\n<p><\/p>\n\n\n\n<h2 class=\"wp-block-heading\">National Casino Login a partir do seu telem\u00f3vel<\/h2>\n\n\n\n<p>O National Casino est\u00e1 tamb\u00e9m dispon\u00edvel em dispositivos m\u00f3veis. Para iniciar sess\u00e3o a partir do seu telem\u00f3vel, ter\u00e1 de descarregar a aplica\u00e7\u00e3o National Casino. A aplica\u00e7\u00e3o est\u00e1 dispon\u00edvel tanto para dispositivos iOS como para Android.<\/p>\n\n\n\n<p>Uma vez descarregada e instalada a aplica\u00e7\u00e3o, basta abri-la e introduzir o seu nome de utilizador e palavra-passe. Depois de o ter feito, entrar\u00e1 na sua conta, e poder\u00e1 jogar todos os jogos a partir do seu dispositivo m\u00f3vel.<\/p>\n\n\n\n<h2 class=\"wp-block-heading\">O que fazer se se esquecer da sua palavra-passe<\/h2>\n\n\n\n<p>Se se esquecer da sua palavra-passe, o National Casino tem um processo para o ajudar a recuper\u00e1-la. Primeiro, ter\u00e1 de visitar a p\u00e1gina de login e clicar na liga\u00e7\u00e3o \"Esqueci-me da palavra-passe\". Isto ir\u00e1 lev\u00e1-lo a uma nova p\u00e1gina para lhe ser pedido que introduza o seu endere\u00e7o de correio electr\u00f3nico. Uma vez introduzido o seu endere\u00e7o de correio electr\u00f3nico, o National Casino enviar-lhe-\u00e1 um correio electr\u00f3nico com instru\u00e7\u00f5es sobre como redefinir a sua palavra-passe.<\/p>\n\n\n\n<h2 class=\"wp-block-heading\">O que fazer se n\u00e3o conseguir login National Casino<\/h2>\n\n\n\n<p>Se tiver algum problema para entrar na sua conta ou quaisquer perguntas sobre o processo de registo, pode sempre contactar o apoio ao cliente National Casino para obter assist\u00eancia. O apoio ao cliente est\u00e1 dispon\u00edvel 24 horas por dia, sete dias por semana. Pode contact\u00e1-los por telefone, chat ao vivo, ou e-mail.<\/p>\n\n\n\n<h2 class=\"wp-block-heading\">Dicas para permanecer seguro online quando se joga<\/h2>\n\n\n\n<ol class=\"wp-block-list\">\n<li>Quando se joga em linha, \u00e9 essencial tomar precau\u00e7\u00f5es para permanecer seguro. Antes de mais, nunca se deve jogar com dinheiro que n\u00e3o se pode dar ao luxo de perder.<\/li>\n\n\n\n<li>Em segundo lugar, deve sempre certificar-se de que o website leg\u00edtimo em que est\u00e1 a jogar. Muitos golpistas que andam por a\u00ed tentar\u00e3o engan\u00e1-lo para lhes dar as suas informa\u00e7\u00f5es pessoais ou dinheiro. Se alguma vez tiver d\u00favidas sobre um website, pode sempre contactar o apoio ao cliente para obter assist\u00eancia.<\/li>\n\n\n\n<li>Finalmente, nunca deve partilhar a sua informa\u00e7\u00e3o de login com ningu\u00e9m. Isto inclui membros da fam\u00edlia, amigos, ou mesmo representantes de apoio ao cliente.<\/li>\n<\/ol>\n\n\n\n<h2 class=\"wp-block-heading\">FAQs<\/h2>\n\n\n<style>#sp-ea-210 .spcollapsing { height: 0; overflow: hidden; transition-property: height;transition-duration: 300ms;}#sp-ea-210.sp-easy-accordion>.sp-ea-single {border: 1px solid #e2e2e2; }#sp-ea-210.sp-easy-accordion>.sp-ea-single>.ea-header a {color: #444;}#sp-ea-210.sp-easy-accordion>.sp-ea-single>.sp-collapse>.ea-body {background: #fff; color: #444;}#sp-ea-210.sp-easy-accordion>.sp-ea-single {background: #eee;}#sp-ea-210.sp-easy-accordion>.sp-ea-single>.ea-header a .ea-expand-icon.fa { float: left; color: #444;font-size: 16px;}<\/style><div id=\"sp-ea-210\" class=\"sp-ea-one sp-easy-accordion\" data-ex-icon=\"fa-minus\" data-col-icon=\"fa-plus\"  data-ea-active=\"ea-click\"  data-ea-mode=\"vertical\" data-preloader=\"\" data-scroll-active-item=\"\" data-offset-to-scroll=\"0\"><div class=\"ea-card ea-expand sp-ea-single\"><h3 class=\"ea-header\"><a class=\"collapsed\" data-sptoggle=\"spcollapse\" data-sptarget=\"#collapse2100\" href=\"javascript:void(0)\"  aria-expanded=\"true\"><i class=\"ea-expand-icon fa fa-minus\"><\/i> O National Casino \u00e9 seguro?<\/a><\/h3><div class=\"sp-collapse spcollapse collapsed show\" id=\"collapse2100\" ><div class=\"ea-body\"><p>Sim, o National Casino \u00e9 um website seguro e protegido.<\/p>\n<\/div><\/div><\/div><div class=\"ea-card  sp-ea-single\"><h3 class=\"ea-header\"><a class=\"collapsed\" data-sptoggle=\"spcollapse\" data-sptarget=\"#collapse2101\" href=\"javascript:void(0)\"  aria-expanded=\"false\"><i class=\"ea-expand-icon fa fa-plus\"><\/i> Posso jogar jogos de casino gratuitamente no National Casino?<\/a><\/h3><div class=\"sp-collapse spcollapse\" id=\"collapse2101\" ><div class=\"ea-body\"><p>Deve ter uma conta e estar ligado para poder jogar jogos de casino no National Casino.<\/p>\n<\/div><\/div><\/div><div class=\"ea-card  sp-ea-single\"><h3 class=\"ea-header\"><a class=\"collapsed\" data-sptoggle=\"spcollapse\" data-sptarget=\"#collapse2102\" href=\"javascript:void(0)\"  aria-expanded=\"false\"><i class=\"ea-expand-icon fa fa-plus\"><\/i> Qual \u00e9 a idade m\u00ednima para se registar para uma conta no National Casino?<\/a><\/h3><div class=\"sp-collapse spcollapse\" id=\"collapse2102\" ><div class=\"ea-body\"><p>Deve ter pelo menos 18 anos de idade para se registar para uma conta no National Casino.<\/p>\n<\/div><\/div><\/div><div class=\"ea-card  sp-ea-single\"><h3 class=\"ea-header\"><a class=\"collapsed\" data-sptoggle=\"spcollapse\" data-sptarget=\"#collapse2103\" href=\"javascript:void(0)\"  aria-expanded=\"false\"><i class=\"ea-expand-icon fa fa-plus\"><\/i> Como posso contactar o apoio ao cliente se precisar de ajuda?<\/a><\/h3><div class=\"sp-collapse spcollapse\" id=\"collapse2103\" ><div class=\"ea-body\"><p>O apoio ao cliente est\u00e1 dispon\u00edvel 24 horas por dia, sete dias por semana. Pode contact\u00e1-los por telefone, chat ao vivo, ou e-mail.<\/p>\n<\/div><\/div><\/div><\/div>","protected":false},"excerpt":{"rendered":"<p>National Casino is one of the most popular online casinos in the world. Millions of players enjoy its games every day. If you are one of those players, you may be wondering how to login National Casino. In this article, we will walk you through the process step-by-step. How to register at National Casino Before &hellip;<\/p>\n<p class=\"read-more\"> <a class=\"\" href=\"https:\/\/national-casino.info\/pt\/login\/\"> <span class=\"screen-reader-text\">National Casino Login<\/span> Read More &raquo;<\/a><\/p>","protected":false},"author":1,"featured_media":0,"parent":0,"menu_order":0,"comment_status":"closed","ping_status":"closed","template":"","meta":{"site-sidebar-layout":"default","site-content-layout":"default","ast-global-header-display":"","ast-main-header-display":"","ast-hfb-above-header-display":"","ast-hfb-below-header-display":"","ast-hfb-mobile-header-display":"","site-post-title":"","ast-breadcrumbs-content":"","ast-featured-img":"","footer-sml-layout":"","theme-transparent-header-meta":"","adv-header-id-meta":"","stick-header-meta":"","header-above-stick-meta":"","header-main-stick-meta":"","header-below-stick-meta":"","footnotes":""},"class_list":["post-100","page","type-page","status-publish","hentry"],"yoast_head":"<!-- This site is optimized with the Yoast SEO plugin v19.13 - https:\/\/yoast.com\/wordpress\/plugins\/seo\/ -->\n<title>National Casino Login: \ud83e\udd11 How To Log In To Nationalcasino And Play For Money<\/title>\n<meta name=\"description\" content=\"National Casino login - how to log in to National Casino and start playing for money. What to do if you can&#039;t log in to your account. How to change your personal account password\" \/>\n<meta name=\"robots\" content=\"index, follow, max-snippet:-1, max-image-preview:large, max-video-preview:-1\" \/>\n<link rel=\"canonical\" href=\"https:\/\/national-casino.info\/pt\/login\/\" \/>\n<meta property=\"og:locale\" content=\"pt_PT\" \/>\n<meta property=\"og:type\" content=\"article\" \/>\n<meta property=\"og:title\" content=\"National Casino Login: \ud83e\udd11 How To Log In To Nationalcasino And Play For Money\" \/>\n<meta property=\"og:description\" content=\"National Casino login - how to log in to National Casino and start playing for money. What to do if you can&#039;t log in to your account. How to change your personal account password\" \/>\n<meta property=\"og:url\" content=\"https:\/\/national-casino.info\/pt\/login\/\" \/>\n<meta property=\"og:site_name\" content=\"National Casino\" \/>\n<meta property=\"article:modified_time\" content=\"2023-06-28T13:46:08+00:00\" \/>\n<meta property=\"og:image\" content=\"https:\/\/national-casino.info\/wp-content\/uploads\/2022\/05\/national-casino-main-1024x341.jpeg\" \/>\n<meta name=\"twitter:card\" content=\"summary_large_image\" \/>\n<meta name=\"twitter:label1\" content=\"Tempo estimado de leitura\" \/>\n\t<meta name=\"twitter:data1\" content=\"3 minutos\" \/>\n<script type=\"application\/ld+json\" class=\"yoast-schema-graph\">{\"@context\":\"https:\/\/schema.org\",\"@graph\":[{\"@type\":\"WebPage\",\"@id\":\"https:\/\/national-casino.info\/login\/\",\"url\":\"https:\/\/national-casino.info\/login\/\",\"name\":\"National Casino Login: \ud83e\udd11 How To Log In To Nationalcasino And Play For Money\",\"isPartOf\":{\"@id\":\"https:\/\/national-casino.info\/#website\"},\"datePublished\":\"2022-05-14T16:13:30+00:00\",\"dateModified\":\"2023-06-28T13:46:08+00:00\",\"description\":\"National Casino login - how to log in to National Casino and start playing for money. What to do if you can't log in to your account. How to change your personal account password\",\"breadcrumb\":{\"@id\":\"https:\/\/national-casino.info\/login\/#breadcrumb\"},\"inLanguage\":\"pt-PT\",\"potentialAction\":[{\"@type\":\"ReadAction\",\"target\":[\"https:\/\/national-casino.info\/login\/\"]}]},{\"@type\":\"BreadcrumbList\",\"@id\":\"https:\/\/national-casino.info\/login\/#breadcrumb\",\"itemListElement\":[{\"@type\":\"ListItem\",\"position\":1,\"name\":\"Home\",\"item\":\"https:\/\/national-casino.info\/\"},{\"@type\":\"ListItem\",\"position\":2,\"name\":\"National Casino Login\"}]},{\"@type\":\"WebSite\",\"@id\":\"https:\/\/national-casino.info\/#website\",\"url\":\"https:\/\/national-casino.info\/\",\"name\":\"National Casino\",\"description\":\"\",\"publisher\":{\"@id\":\"https:\/\/national-casino.info\/#organization\"},\"potentialAction\":[{\"@type\":\"SearchAction\",\"target\":{\"@type\":\"EntryPoint\",\"urlTemplate\":\"https:\/\/national-casino.info\/?s={search_term_string}\"},\"query-input\":\"required name=search_term_string\"}],\"inLanguage\":\"pt-PT\"},{\"@type\":\"Organization\",\"@id\":\"https:\/\/national-casino.info\/#organization\",\"name\":\"National Casino\",\"url\":\"https:\/\/national-casino.info\/\",\"logo\":{\"@type\":\"ImageObject\",\"inLanguage\":\"pt-PT\",\"@id\":\"https:\/\/national-casino.info\/#\/schema\/logo\/image\/\",\"url\":\"https:\/\/national-casino.info\/wp-content\/uploads\/2022\/05\/logo.png\",\"contentUrl\":\"https:\/\/national-casino.info\/wp-content\/uploads\/2022\/05\/logo.png\",\"width\":550,\"height\":214,\"caption\":\"National Casino\"},\"image\":{\"@id\":\"https:\/\/national-casino.info\/#\/schema\/logo\/image\/\"}}]}<\/script>\n<!-- \/ Yoast SEO plugin. -->","yoast_head_json":{"title":"National Casino Login: \ud83e\udd11 How To Log In To Nationalcasino And Play For Money","description":"National Casino login - how to log in to National Casino and start playing for money. What to do if you can't log in to your account. How to change your personal account password","robots":{"index":"index","follow":"follow","max-snippet":"max-snippet:-1","max-image-preview":"max-image-preview:large","max-video-preview":"max-video-preview:-1"},"canonical":"https:\/\/national-casino.info\/pt\/login\/","og_locale":"pt_PT","og_type":"article","og_title":"National Casino Login: \ud83e\udd11 How To Log In To Nationalcasino And Play For Money","og_description":"National Casino login - how to log in to National Casino and start playing for money. What to do if you can't log in to your account. How to change your personal account password","og_url":"https:\/\/national-casino.info\/pt\/login\/","og_site_name":"National Casino","article_modified_time":"2023-06-28T13:46:08+00:00","og_image":[{"url":"https:\/\/national-casino.info\/wp-content\/uploads\/2022\/05\/national-casino-main-1024x341.jpeg"}],"twitter_card":"summary_large_image","twitter_misc":{"Tempo estimado de leitura":"3 minutos"},"schema":{"@context":"https:\/\/schema.org","@graph":[{"@type":"WebPage","@id":"https:\/\/national-casino.info\/login\/","url":"https:\/\/national-casino.info\/login\/","name":"National Casino Login: \ud83e\udd11 How To Log In To Nationalcasino And Play For Money","isPartOf":{"@id":"https:\/\/national-casino.info\/#website"},"datePublished":"2022-05-14T16:13:30+00:00","dateModified":"2023-06-28T13:46:08+00:00","description":"National Casino login - how to log in to National Casino and start playing for money. What to do if you can't log in to your account. How to change your personal account password","breadcrumb":{"@id":"https:\/\/national-casino.info\/login\/#breadcrumb"},"inLanguage":"pt-PT","potentialAction":[{"@type":"ReadAction","target":["https:\/\/national-casino.info\/login\/"]}]},{"@type":"BreadcrumbList","@id":"https:\/\/national-casino.info\/login\/#breadcrumb","itemListElement":[{"@type":"ListItem","position":1,"name":"Home","item":"https:\/\/national-casino.info\/"},{"@type":"ListItem","position":2,"name":"National Casino Login"}]},{"@type":"WebSite","@id":"https:\/\/national-casino.info\/#website","url":"https:\/\/national-casino.info\/","name":"National Casino","description":"","publisher":{"@id":"https:\/\/national-casino.info\/#organization"},"potentialAction":[{"@type":"SearchAction","target":{"@type":"EntryPoint","urlTemplate":"https:\/\/national-casino.info\/?s={search_term_string}"},"query-input":"required name=search_term_string"}],"inLanguage":"pt-PT"},{"@type":"Organization","@id":"https:\/\/national-casino.info\/#organization","name":"National Casino","url":"https:\/\/national-casino.info\/","logo":{"@type":"ImageObject","inLanguage":"pt-PT","@id":"https:\/\/national-casino.info\/#\/schema\/logo\/image\/","url":"https:\/\/national-casino.info\/wp-content\/uploads\/2022\/05\/logo.png","contentUrl":"https:\/\/national-casino.info\/wp-content\/uploads\/2022\/05\/logo.png","width":550,"height":214,"caption":"National Casino"},"image":{"@id":"https:\/\/national-casino.info\/#\/schema\/logo\/image\/"}}]}},"_links":{"self":[{"href":"https:\/\/national-casino.info\/pt\/wp-json\/wp\/v2\/pages\/100","targetHints":{"allow":["GET"]}}],"collection":[{"href":"https:\/\/national-casino.info\/pt\/wp-json\/wp\/v2\/pages"}],"about":[{"href":"https:\/\/national-casino.info\/pt\/wp-json\/wp\/v2\/types\/page"}],"author":[{"embeddable":true,"href":"https:\/\/national-casino.info\/pt\/wp-json\/wp\/v2\/users\/1"}],"replies":[{"embeddable":true,"href":"https:\/\/national-casino.info\/pt\/wp-json\/wp\/v2\/comments?post=100"}],"version-history":[{"count":5,"href":"https:\/\/national-casino.info\/pt\/wp-json\/wp\/v2\/pages\/100\/revisions"}],"predecessor-version":[{"id":289,"href":"https:\/\/national-casino.info\/pt\/wp-json\/wp\/v2\/pages\/100\/revisions\/289"}],"wp:attachment":[{"href":"https:\/\/national-casino.info\/pt\/wp-json\/wp\/v2\/media?parent=100"}],"curies":[{"name":"wp","href":"https:\/\/api.w.org\/{rel}","templated":true}]}}