{"id":216,"date":"2022-05-31T12:02:53","date_gmt":"2022-05-31T12:02:53","guid":{"rendered":"https:\/\/national-casino.info\/?page_id=216"},"modified":"2023-06-28T13:45:18","modified_gmt":"2023-06-28T13:45:18","slug":"bonus","status":"publish","type":"page","link":"https:\/\/national-casino.info\/pt\/bonus\/","title":{"rendered":"National Casino Bonus"},"content":{"rendered":"<figure class=\"wp-block-image aligncenter size-large\"><img loading=\"lazy\" decoding=\"async\" width=\"1024\" height=\"372\" src=\"https:\/\/national-casino.info\/wp-content\/uploads\/2022\/05\/national-casino-reviews-1024x372.png\" alt=\"b\u00f3nus dos casinos nacionais\" class=\"wp-image-190\" srcset=\"https:\/\/national-casino.info\/wp-content\/uploads\/2022\/05\/national-casino-reviews-1024x372.png 1024w, https:\/\/national-casino.info\/wp-content\/uploads\/2022\/05\/national-casino-reviews-300x109.png 300w, https:\/\/national-casino.info\/wp-content\/uploads\/2022\/05\/national-casino-reviews-768x279.png 768w, https:\/\/national-casino.info\/wp-content\/uploads\/2022\/05\/national-casino-reviews.png 1149w\" sizes=\"auto, (max-width: 1024px) 100vw, 1024px\" \/><\/figure>\n\n\n\n<p>Est\u00e1 \u00e0 procura de um National Casino bonuses? Ent\u00e3o, veio ao s\u00edtio certo! Compil\u00e1mos uma lista dos melhores <a href=\"\/pt\/\">National Casino<\/a> promos dispon\u00edvel online. Portanto, leia e comece hoje mesmo a desfrutar dessas fichas de casino gr\u00e1tis!<\/p>\n\n\n\n<h2 class=\"wp-block-heading\">Tipos de National Casino bonuses<\/h2>\n\n\n\n<p>National Casino promos v\u00eam em muitas formas diferentes.<\/p>\n\n\n\n<h3 class=\"wp-block-heading\">B\u00f3nus de boas-vindas<\/h3>\n\n\n\n<p>O tipo de promo\u00e7\u00e3o mais comum \u00e9 o b\u00f3nus de inscri\u00e7\u00e3o. Este presente \u00e9 oferecido a novos jogadores que criem uma conta e <a href=\"https:\/\/national-casino.info\/pt\/login\/\">login National Casino<\/a>. A inscri\u00e7\u00e3o National Casino bonus corresponde normalmente ao primeiro dep\u00f3sito do jogador, at\u00e9 um certo montante. Por exemplo, um National Casino pode oferecer uma correspond\u00eancia de 100% de $500. Assim, se depositar $500 na sua conta, o casino dar-lhe-\u00e1 um $500 adicional de gra\u00e7a!<\/p>\n\n\n\n<div class=\"wp-block-buttons is-content-justification-center is-layout-flex wp-container-core-buttons-is-layout-a89b3969 wp-block-buttons-is-layout-flex\">\n<div class=\"wp-block-button has-custom-width wp-block-button__width-100 is-style-fill\"><a class=\"wp-block-button__link has-ast-global-color-8-color has-text-color has-background wp-element-button\" href=\"https:\/\/media.playamopartners.com\/redirect.aspx?pid=251725&amp;bid=2036&amp;lpid=522\" style=\"border-radius:5px;background-color:#fec882\">Obter B\u00f3nus<\/a><\/div>\n<\/div>\n\n\n\n<p><\/p>\n\n\n\n<h3 class=\"wp-block-heading\">National Casino Sem b\u00f3nus de dep\u00f3sito<\/h3>\n\n\n\n<p>National Casino tamb\u00e9m pode oferecer um b\u00f3nus sem dep\u00f3sito. Esta oferta \u00e9 dada aos jogadores sem que estes tenham de fazer um dep\u00f3sito. Os National Casino utilizam este tipo de b\u00f3nus para promover o seu casino e atrair novos jogadores. Os b\u00f3nus sem dep\u00f3sito s\u00e3o normalmente pequenos, variando entre $20 e $100. Contudo, ainda podem ser preciosos, pois podem ser usados para jogar jogos de casino a dinheiro real gratuitamente!<\/p>\n\n\n\n<h3 class=\"wp-block-heading\">B\u00f3nus de recarga<\/h3>\n\n\n\n<p>National Casinos tamb\u00e9m oferecem b\u00f3nus de recarga, que s\u00e3o semelhantes a promo\u00e7\u00f5es de inscri\u00e7\u00e3o mas s\u00e3o oferecidos aos jogadores existentes que fazem dep\u00f3sitos adicionais. Os b\u00f3nus de recarga correspondem tipicamente a uma percentagem de dep\u00f3sito at\u00e9 um montante m\u00e1ximo. Por exemplo, um National Casino pode oferecer um 50% de $500. Assim, se depositar $500 na sua conta, o casino dar-lhe-\u00e1 um $250 adicional de gra\u00e7a!<\/p>\n\n\n\n<h3 class=\"wp-block-heading\">Giros livres<\/h3>\n\n\n\n<p>Outro comum s\u00e3o as rota\u00e7\u00f5es livres. Os National Casinos usam este tipo de b\u00f3nus para promover novos jogos de slot. As free spins s\u00e3o normalmente dadas num jogo de slot espec\u00edfico, e pode utiliz\u00e1-las para jogar para pr\u00e9mios em dinheiro real. Al\u00e9m disso, os casinos oferecem frequentemente free spins como um pacote de b\u00f3nus de boas-vindas ou de recarga.<\/p>\n\n\n\n<div class=\"wp-block-buttons is-content-justification-center is-layout-flex wp-container-core-buttons-is-layout-a89b3969 wp-block-buttons-is-layout-flex\">\n<div class=\"wp-block-button has-custom-width wp-block-button__width-100 is-style-fill\"><a class=\"wp-block-button__link has-ast-global-color-8-color has-text-color has-background wp-element-button\" href=\"https:\/\/media.playamopartners.com\/redirect.aspx?pid=251725&amp;bid=2036&amp;lpid=522\" style=\"border-radius:5px;background-color:#fec882\">Obter Giros Gr\u00e1tis<\/a><\/div>\n<\/div>\n\n\n\n<p><\/p>\n\n\n\n<h3 class=\"wp-block-heading\">Programa de lealdade<\/h3>\n\n\n\n<p>Os National Casinos tamb\u00e9m oferecem programas de fidelidade. Estes programas d\u00e3o aos jogadores pontos por cada d\u00f3lar que gastam no casino. Os pontos podem ent\u00e3o ser trocados por dinheiro, pr\u00e9mios, ou outros benef\u00edcios. Os programas de fideliza\u00e7\u00e3o s\u00e3o uma \u00f3ptima forma de obter os melhores presentes sem fazer um dep\u00f3sito!<\/p>\n\n\n\n<h3 class=\"wp-block-heading\">National Casino bonus codes<\/h3>\n\n\n\n<p>National Casino bonuses v\u00eam normalmente com c\u00f3digos de b\u00f3nus. Os c\u00f3digos de b\u00f3nus s\u00e3o c\u00f3digos especiais que podem ser utilizados para resgatar presentes. Para utilizar um c\u00f3digo de b\u00f3nus, introduza-o quando solicitado durante o processo de registo no casino ou ao efectuar um dep\u00f3sito. O National Casino ir\u00e1 ent\u00e3o adicionar o pr\u00e9mio \u00e0 sua conta automaticamente.<\/p>\n\n\n\n<p>National Casino bonus codes s\u00e3o uma \u00f3ptima forma de receber alguns presentes sem fazer um dep\u00f3sito!<\/p>\n\n\n\n<h2 class=\"wp-block-heading\">Requisitos de apostas<\/h2>\n\n\n\n<p>National Casino bonuses v\u00eam normalmente com requisitos de apostas. Os requisitos de apostas s\u00e3o a quantia de dinheiro que deve apostar antes de poder retirar o seu promos. Por exemplo, se um National Casino oferece um b\u00f3nus de jogo de 100% at\u00e9 $500, o requisito de aposta pode ser de 15x. Isto significa que deve apostar $15 por cada $100 que pretenda retirar.<\/p>\n\n\n\n<p>Os requisitos de apostas variam, por isso n\u00e3o se esque\u00e7a de ler os termos e condi\u00e7\u00f5es de cada b\u00f3nus antes de tirar partido dos mesmos.<\/p>\n\n\n\n<h2 class=\"wp-block-heading\">FAQs<\/h2>\n\n\n<style>#sp-ea-217 .spcollapsing { height: 0; overflow: hidden; transition-property: height;transition-duration: 300ms;}#sp-ea-217.sp-easy-accordion>.sp-ea-single {border: 1px solid #e2e2e2; }#sp-ea-217.sp-easy-accordion>.sp-ea-single>.ea-header a {color: #444;}#sp-ea-217.sp-easy-accordion>.sp-ea-single>.sp-collapse>.ea-body {background: #fff; color: #444;}#sp-ea-217.sp-easy-accordion>.sp-ea-single {background: #eee;}#sp-ea-217.sp-easy-accordion>.sp-ea-single>.ea-header a .ea-expand-icon.fa { float: left; color: #444;font-size: 16px;}<\/style><div id=\"sp-ea-217\" class=\"sp-ea-one sp-easy-accordion\" data-ex-icon=\"fa-minus\" data-col-icon=\"fa-plus\"  data-ea-active=\"ea-click\"  data-ea-mode=\"vertical\" data-preloader=\"\" data-scroll-active-item=\"\" data-offset-to-scroll=\"0\"><div class=\"ea-card ea-expand sp-ea-single\"><h3 class=\"ea-header\"><a class=\"collapsed\" data-sptoggle=\"spcollapse\" data-sptarget=\"#collapse2170\" href=\"javascript:void(0)\"  aria-expanded=\"true\"><i class=\"ea-expand-icon fa fa-minus\"><\/i> O que \u00e9 um National Casino bonus?<\/a><\/h3><div class=\"sp-collapse spcollapse collapsed show\" id=\"collapse2170\" ><div class=\"ea-body\"><p>Um National Casino bonus \u00e9 uma oferta especial que o casino utiliza para atrair novos jogadores. Normalmente, corresponde ao primeiro dep\u00f3sito do jogador at\u00e9 um determinado montante. Por exemplo, um National Casino pode oferecer uma partida de 100% de $500. Se depositar $500 na sua conta, o casino dar-lhe-\u00e1 um $500 adicional de gra\u00e7a!<\/p>\n<\/div><\/div><\/div><div class=\"ea-card  sp-ea-single\"><h3 class=\"ea-header\"><a class=\"collapsed\" data-sptoggle=\"spcollapse\" data-sptarget=\"#collapse2171\" href=\"javascript:void(0)\"  aria-expanded=\"false\"><i class=\"ea-expand-icon fa fa-plus\"><\/i> Como \u00e9 que utilizo um National Casino bonus codes?<\/a><\/h3><div class=\"sp-collapse spcollapse\" id=\"collapse2171\" ><div class=\"ea-body\"><p>Para utilizar um c\u00f3digo National Casino bonus, basta introduzi-lo quando solicitado durante o processo de registo ou ao fazer um dep\u00f3sito. E o casino ir\u00e1 ent\u00e3o adicionar o presente \u00e0 sua conta automaticamente.<\/p>\n<\/div><\/div><\/div><div class=\"ea-card  sp-ea-single\"><h3 class=\"ea-header\"><a class=\"collapsed\" data-sptoggle=\"spcollapse\" data-sptarget=\"#collapse2172\" href=\"javascript:void(0)\"  aria-expanded=\"false\"><i class=\"ea-expand-icon fa fa-plus\"><\/i> Quais s\u00e3o os requisitos de apostas?<\/a><\/h3><div class=\"sp-collapse spcollapse\" id=\"collapse2172\" ><div class=\"ea-body\"><p>Os requisitos de aposta s\u00e3o a quantia de dinheiro que deve apostar antes de poder retirar o seu National Casino bonus. Por exemplo, se o casino oferecer um b\u00f3nus de jogo de 100% at\u00e9 $500, o requisito de aposta pode ser de 15x. Isto significa que deve apostar $15 por cada $100 que queira levantar.<\/p>\n<\/div><\/div><\/div><div class=\"ea-card  sp-ea-single\"><h3 class=\"ea-header\"><a class=\"collapsed\" data-sptoggle=\"spcollapse\" data-sptarget=\"#collapse2173\" href=\"javascript:void(0)\"  aria-expanded=\"false\"><i class=\"ea-expand-icon fa fa-plus\"><\/i> O que \u00e9 National Casino no deposit bonus?<\/a><\/h3><div class=\"sp-collapse spcollapse\" id=\"collapse2173\" ><div class=\"ea-body\"><p>Um National Casino no deposit bonus \u00e9 um presente \u00fanico que n\u00e3o requer um dep\u00f3sito para reclamar. O National Casino n\u00e3o utiliza b\u00f3nus de dep\u00f3sito para promover os seus jogos.<\/p>\n<\/div><\/div><\/div><\/div>","protected":false},"excerpt":{"rendered":"<p>Are you looking for a National Casino bonuses? Then, you&#8217;ve come to the right place! We have compiled a list of the best National Casino promos available online. So read on and start enjoying those free casino chips today! Types of National Casino bonuses National Casino promos come in many different forms. Welcome bonus The &hellip;<\/p>\n<p class=\"read-more\"> <a class=\"\" href=\"https:\/\/national-casino.info\/pt\/bonus\/\"> <span class=\"screen-reader-text\">National Casino Bonus<\/span> Read More &raquo;<\/a><\/p>","protected":false},"author":1,"featured_media":0,"parent":0,"menu_order":0,"comment_status":"closed","ping_status":"closed","template":"","meta":{"site-sidebar-layout":"default","site-content-layout":"default","ast-global-header-display":"","ast-main-header-display":"","ast-hfb-above-header-display":"","ast-hfb-below-header-display":"","ast-hfb-mobile-header-display":"","site-post-title":"","ast-breadcrumbs-content":"","ast-featured-img":"","footer-sml-layout":"","theme-transparent-header-meta":"","adv-header-id-meta":"","stick-header-meta":"","header-above-stick-meta":"","header-main-stick-meta":"","header-below-stick-meta":"","footnotes":""},"class_list":["post-216","page","type-page","status-publish","hentry"],"yoast_head":"<!-- This site is optimized with the Yoast SEO plugin v19.13 - https:\/\/yoast.com\/wordpress\/plugins\/seo\/ -->\n<title>National Casino Bonuses: \ud83c\udf81 No Deposit, Welcome, Bonus Codes<\/title>\n<meta name=\"description\" content=\"National Casino Bonuses: no deposit, welcome, bonus codes. What are the conditions for wagering casino bonuses\" \/>\n<meta name=\"robots\" content=\"index, follow, max-snippet:-1, max-image-preview:large, max-video-preview:-1\" \/>\n<link rel=\"canonical\" href=\"https:\/\/national-casino.info\/pt\/bonus\/\" \/>\n<meta property=\"og:locale\" content=\"pt_PT\" \/>\n<meta property=\"og:type\" content=\"article\" \/>\n<meta property=\"og:title\" content=\"National Casino Bonuses: \ud83c\udf81 No Deposit, Welcome, Bonus Codes\" \/>\n<meta property=\"og:description\" content=\"National Casino Bonuses: no deposit, welcome, bonus codes. What are the conditions for wagering casino bonuses\" \/>\n<meta property=\"og:url\" content=\"https:\/\/national-casino.info\/pt\/bonus\/\" \/>\n<meta property=\"og:site_name\" content=\"National Casino\" \/>\n<meta property=\"article:modified_time\" content=\"2023-06-28T13:45:18+00:00\" \/>\n<meta property=\"og:image\" content=\"https:\/\/national-casino.info\/wp-content\/uploads\/2022\/05\/national-casino-reviews-1024x372.png\" \/>\n<meta name=\"twitter:card\" content=\"summary_large_image\" \/>\n<meta name=\"twitter:label1\" content=\"Tempo estimado de leitura\" \/>\n\t<meta name=\"twitter:data1\" content=\"3 minutos\" \/>\n<script type=\"application\/ld+json\" class=\"yoast-schema-graph\">{\"@context\":\"https:\/\/schema.org\",\"@graph\":[{\"@type\":\"WebPage\",\"@id\":\"https:\/\/national-casino.info\/bonus\/\",\"url\":\"https:\/\/national-casino.info\/bonus\/\",\"name\":\"National Casino Bonuses: \ud83c\udf81 No Deposit, Welcome, Bonus Codes\",\"isPartOf\":{\"@id\":\"https:\/\/national-casino.info\/#website\"},\"datePublished\":\"2022-05-31T12:02:53+00:00\",\"dateModified\":\"2023-06-28T13:45:18+00:00\",\"description\":\"National Casino Bonuses: no deposit, welcome, bonus codes. What are the conditions for wagering casino bonuses\",\"breadcrumb\":{\"@id\":\"https:\/\/national-casino.info\/bonus\/#breadcrumb\"},\"inLanguage\":\"pt-PT\",\"potentialAction\":[{\"@type\":\"ReadAction\",\"target\":[\"https:\/\/national-casino.info\/bonus\/\"]}]},{\"@type\":\"BreadcrumbList\",\"@id\":\"https:\/\/national-casino.info\/bonus\/#breadcrumb\",\"itemListElement\":[{\"@type\":\"ListItem\",\"position\":1,\"name\":\"Home\",\"item\":\"https:\/\/national-casino.info\/\"},{\"@type\":\"ListItem\",\"position\":2,\"name\":\"National Casino Bonuses\"}]},{\"@type\":\"WebSite\",\"@id\":\"https:\/\/national-casino.info\/#website\",\"url\":\"https:\/\/national-casino.info\/\",\"name\":\"National Casino\",\"description\":\"\",\"publisher\":{\"@id\":\"https:\/\/national-casino.info\/#organization\"},\"potentialAction\":[{\"@type\":\"SearchAction\",\"target\":{\"@type\":\"EntryPoint\",\"urlTemplate\":\"https:\/\/national-casino.info\/?s={search_term_string}\"},\"query-input\":\"required name=search_term_string\"}],\"inLanguage\":\"pt-PT\"},{\"@type\":\"Organization\",\"@id\":\"https:\/\/national-casino.info\/#organization\",\"name\":\"National Casino\",\"url\":\"https:\/\/national-casino.info\/\",\"logo\":{\"@type\":\"ImageObject\",\"inLanguage\":\"pt-PT\",\"@id\":\"https:\/\/national-casino.info\/#\/schema\/logo\/image\/\",\"url\":\"https:\/\/national-casino.info\/wp-content\/uploads\/2022\/05\/logo.png\",\"contentUrl\":\"https:\/\/national-casino.info\/wp-content\/uploads\/2022\/05\/logo.png\",\"width\":550,\"height\":214,\"caption\":\"National Casino\"},\"image\":{\"@id\":\"https:\/\/national-casino.info\/#\/schema\/logo\/image\/\"}}]}<\/script>\n<!-- \/ Yoast SEO plugin. -->","yoast_head_json":{"title":"National Casino Bonuses: \ud83c\udf81 No Deposit, Welcome, Bonus Codes","description":"National Casino Bonuses: no deposit, welcome, bonus codes. What are the conditions for wagering casino bonuses","robots":{"index":"index","follow":"follow","max-snippet":"max-snippet:-1","max-image-preview":"max-image-preview:large","max-video-preview":"max-video-preview:-1"},"canonical":"https:\/\/national-casino.info\/pt\/bonus\/","og_locale":"pt_PT","og_type":"article","og_title":"National Casino Bonuses: \ud83c\udf81 No Deposit, Welcome, Bonus Codes","og_description":"National Casino Bonuses: no deposit, welcome, bonus codes. What are the conditions for wagering casino bonuses","og_url":"https:\/\/national-casino.info\/pt\/bonus\/","og_site_name":"National Casino","article_modified_time":"2023-06-28T13:45:18+00:00","og_image":[{"url":"https:\/\/national-casino.info\/wp-content\/uploads\/2022\/05\/national-casino-reviews-1024x372.png"}],"twitter_card":"summary_large_image","twitter_misc":{"Tempo estimado de leitura":"3 minutos"},"schema":{"@context":"https:\/\/schema.org","@graph":[{"@type":"WebPage","@id":"https:\/\/national-casino.info\/bonus\/","url":"https:\/\/national-casino.info\/bonus\/","name":"National Casino Bonuses: \ud83c\udf81 No Deposit, Welcome, Bonus Codes","isPartOf":{"@id":"https:\/\/national-casino.info\/#website"},"datePublished":"2022-05-31T12:02:53+00:00","dateModified":"2023-06-28T13:45:18+00:00","description":"National Casino Bonuses: no deposit, welcome, bonus codes. What are the conditions for wagering casino bonuses","breadcrumb":{"@id":"https:\/\/national-casino.info\/bonus\/#breadcrumb"},"inLanguage":"pt-PT","potentialAction":[{"@type":"ReadAction","target":["https:\/\/national-casino.info\/bonus\/"]}]},{"@type":"BreadcrumbList","@id":"https:\/\/national-casino.info\/bonus\/#breadcrumb","itemListElement":[{"@type":"ListItem","position":1,"name":"Home","item":"https:\/\/national-casino.info\/"},{"@type":"ListItem","position":2,"name":"National Casino Bonuses"}]},{"@type":"WebSite","@id":"https:\/\/national-casino.info\/#website","url":"https:\/\/national-casino.info\/","name":"National Casino","description":"","publisher":{"@id":"https:\/\/national-casino.info\/#organization"},"potentialAction":[{"@type":"SearchAction","target":{"@type":"EntryPoint","urlTemplate":"https:\/\/national-casino.info\/?s={search_term_string}"},"query-input":"required name=search_term_string"}],"inLanguage":"pt-PT"},{"@type":"Organization","@id":"https:\/\/national-casino.info\/#organization","name":"National Casino","url":"https:\/\/national-casino.info\/","logo":{"@type":"ImageObject","inLanguage":"pt-PT","@id":"https:\/\/national-casino.info\/#\/schema\/logo\/image\/","url":"https:\/\/national-casino.info\/wp-content\/uploads\/2022\/05\/logo.png","contentUrl":"https:\/\/national-casino.info\/wp-content\/uploads\/2022\/05\/logo.png","width":550,"height":214,"caption":"National Casino"},"image":{"@id":"https:\/\/national-casino.info\/#\/schema\/logo\/image\/"}}]}},"_links":{"self":[{"href":"https:\/\/national-casino.info\/pt\/wp-json\/wp\/v2\/pages\/216","targetHints":{"allow":["GET"]}}],"collection":[{"href":"https:\/\/national-casino.info\/pt\/wp-json\/wp\/v2\/pages"}],"about":[{"href":"https:\/\/national-casino.info\/pt\/wp-json\/wp\/v2\/types\/page"}],"author":[{"embeddable":true,"href":"https:\/\/national-casino.info\/pt\/wp-json\/wp\/v2\/users\/1"}],"replies":[{"embeddable":true,"href":"https:\/\/national-casino.info\/pt\/wp-json\/wp\/v2\/comments?post=216"}],"version-history":[{"count":5,"href":"https:\/\/national-casino.info\/pt\/wp-json\/wp\/v2\/pages\/216\/revisions"}],"predecessor-version":[{"id":288,"href":"https:\/\/national-casino.info\/pt\/wp-json\/wp\/v2\/pages\/216\/revisions\/288"}],"wp:attachment":[{"href":"https:\/\/national-casino.info\/pt\/wp-json\/wp\/v2\/media?parent=216"}],"curies":[{"name":"wp","href":"https:\/\/api.w.org\/{rel}","templated":true}]}}