{"id":216,"date":"2022-05-31T12:02:53","date_gmt":"2022-05-31T12:02:53","guid":{"rendered":"https:\/\/national-casino.info\/?page_id=216"},"modified":"2023-06-28T13:45:18","modified_gmt":"2023-06-28T13:45:18","slug":"bonus","status":"publish","type":"page","link":"https:\/\/national-casino.info\/sl\/bonus\/","title":{"rendered":"National Casino Bonus"},"content":{"rendered":"<figure class=\"wp-block-image aligncenter size-large\"><img loading=\"lazy\" decoding=\"async\" width=\"1024\" height=\"372\" src=\"https:\/\/national-casino.info\/wp-content\/uploads\/2022\/05\/national-casino-reviews-1024x372.png\" alt=\"nacionalni casino bonusi\" class=\"wp-image-190\" srcset=\"https:\/\/national-casino.info\/wp-content\/uploads\/2022\/05\/national-casino-reviews-1024x372.png 1024w, https:\/\/national-casino.info\/wp-content\/uploads\/2022\/05\/national-casino-reviews-300x109.png 300w, https:\/\/national-casino.info\/wp-content\/uploads\/2022\/05\/national-casino-reviews-768x279.png 768w, https:\/\/national-casino.info\/wp-content\/uploads\/2022\/05\/national-casino-reviews.png 1149w\" sizes=\"auto, (max-width: 1024px) 100vw, 1024px\" \/><\/figure>\n\n\n\n<p>I\u0161\u010dete National Casino bonuses? Potem ste pri\u0161li na pravo mesto! Pripravili smo seznam najbolj\u0161ih <a href=\"\/sl\/\">National Casino<\/a> promocije, ki so na voljo na spletu. Zato berite naprej in za\u010dnite u\u017eivati v brezpla\u010dnih igralni\u0161kih \u017eetonih \u0161e danes!<\/p>\n\n\n\n<h2 class=\"wp-block-heading\">Vrste National Casino bonuses<\/h2>\n\n\n\n<p>National Casino promocije so na voljo v razli\u010dnih oblikah.<\/p>\n\n\n\n<h3 class=\"wp-block-heading\">Dobrodelni bonus<\/h3>\n\n\n\n<p>Najpogostej\u0161a vrsta promocije je bonus za prijavo. To darilo je na voljo novim igralcem, ki ustvarijo ra\u010dun in <a href=\"https:\/\/national-casino.info\/sl\/login\/\">login National Casino<\/a>. Prijavnina National Casino bonus se obi\u010dajno ujema s prvim pologom igralca do dolo\u010denega zneska. Na primer, National Casino lahko ponudi ujemanje 100% v vi\u0161ini $500. \u010ce torej na svoj ra\u010dun vpla\u010date $500, vam bo igralnica brezpla\u010dno dodelila dodatnih $500!<\/p>\n\n\n\n<div class=\"wp-block-buttons is-content-justification-center is-layout-flex wp-container-core-buttons-is-layout-a89b3969 wp-block-buttons-is-layout-flex\">\n<div class=\"wp-block-button has-custom-width wp-block-button__width-100 is-style-fill\"><a class=\"wp-block-button__link has-ast-global-color-8-color has-text-color has-background wp-element-button\" href=\"https:\/\/media.playamopartners.com\/redirect.aspx?pid=251725&amp;bid=2036&amp;lpid=522\" style=\"border-radius:5px;background-color:#fec882\">Pridobite bonus<\/a><\/div>\n<\/div>\n\n\n\n<p><\/p>\n\n\n\n<h3 class=\"wp-block-heading\">National Casino bonus brez pologa<\/h3>\n\n\n\n<p>National Casino lahko ponudi tudi bonus brez pologa. To darilo se podari igralcem, ne da bi morali opraviti polog. National Casino uporablja to vrsto bonusa za promocijo svoje igralnice in privabljanje novih igralcev. Bonusi brez pologa so obi\u010dajno majhni, od $20 do $100. Vendar so lahko \u0161e vedno dragoceni, saj jih lahko uporabite za brezpla\u010dno igranje igralni\u0161kih iger za pravi denar!<\/p>\n\n\n\n<h3 class=\"wp-block-heading\">Bonus za polnjenje<\/h3>\n\n\n\n<p>National Casino ponujajo tudi bonuse za ponovno polnjenje, ki so podobni promocijam za prijavo, vendar so na voljo obstoje\u010dim igralcem, ki opravijo dodatne depozite. Bonusi za ponovno polnjenje se obi\u010dajno ujemajo z odstotkom depozita do najvi\u0161jega zneska. Na primer, National Casino lahko ponudi 50% v vi\u0161ini $500. \u010ce torej na svoj ra\u010dun vpla\u010date $500, vam bo igralnica brezpla\u010dno dala dodatnih $250!<\/p>\n\n\n\n<h3 class=\"wp-block-heading\">Brezpla\u010dni vrtljaji<\/h3>\n\n\n\n<p>Druga pogosta mo\u017enost so brezpla\u010dni vrtljaji. National Casino uporabljajo to vrsto bonusa za promocijo novih igralnih avtomatov. Brezpla\u010dni vrtljaji so obi\u010dajno podeljeni za dolo\u010deno igralno mesto in jih lahko uporabite za igranje za denarne nagrade. Poleg tega igralnice pogosto ponujajo brezpla\u010dne vrtljaje kot paket bonusov za dobrodo\u0161lico ali ponovno polnjenje.<\/p>\n\n\n\n<div class=\"wp-block-buttons is-content-justification-center is-layout-flex wp-container-core-buttons-is-layout-a89b3969 wp-block-buttons-is-layout-flex\">\n<div class=\"wp-block-button has-custom-width wp-block-button__width-100 is-style-fill\"><a class=\"wp-block-button__link has-ast-global-color-8-color has-text-color has-background wp-element-button\" href=\"https:\/\/media.playamopartners.com\/redirect.aspx?pid=251725&amp;bid=2036&amp;lpid=522\" style=\"border-radius:5px;background-color:#fec882\">Pridobite brezpla\u010dne vrtljaje<\/a><\/div>\n<\/div>\n\n\n\n<p><\/p>\n\n\n\n<h3 class=\"wp-block-heading\">Program zvestobe<\/h3>\n\n\n\n<p>National Casino ponujajo tudi programe zvestobe. Ti programi igralcem prina\u0161ajo to\u010dke za vsak dolar, ki ga porabijo v igralnici. To\u010dke lahko nato zamenjate za denar, nagrade ali druge ugodnosti. Programi zvestobe so odli\u010den na\u010din, da dobite najbolj\u0161a darila, ne da bi opravili polog!<\/p>\n\n\n\n<h3 class=\"wp-block-heading\">National Casino bonus codes<\/h3>\n\n\n\n<p>National Casino bonuses so obi\u010dajno opremljeni z bonus kodami. Bonus kode so posebne kode, s katerimi lahko unov\u010dite darila. \u010ce \u017eelite uporabiti bonusno kodo, jo vnesite, ko vas k temu pozove postopek registracije v igralnici ali ob vpla\u010dilu. Igralnica National Casino bo nato nagrado samodejno dodala na va\u0161 ra\u010dun.<\/p>\n\n\n\n<p>National Casino bonus codes so odli\u010den na\u010din, da dobite nekaj daril, ne da bi opravili polog!<\/p>\n\n\n\n<h2 class=\"wp-block-heading\">Zahteve za stave<\/h2>\n\n\n\n<p>National Casino bonuses so obi\u010dajno povezani z zahtevami za stave. Zahteve za stave so znesek denarja, ki ga morate staviti, preden lahko izpla\u010date svoje promocijske ponudbe. \u010ce na primer National Casino ponuja bonus 100% v vi\u0161ini do $500, je zahteva za stavljenje lahko 15-kratna. To pomeni, da morate za vsakih $100, ki jih \u017eelite dvigniti, staviti $15.<\/p>\n\n\n\n<p>Zahteve za stavljenje se razlikujejo, zato pred kori\u0161\u010denjem bonusa preberite pogoje in dolo\u010dila vsakega bonusa.<\/p>\n\n\n\n<h2 class=\"wp-block-heading\">Pogosta vpra\u0161anja<\/h2>\n\n\n<style>#sp-ea-217 .spcollapsing { height: 0; overflow: hidden; transition-property: height;transition-duration: 300ms;}#sp-ea-217.sp-easy-accordion>.sp-ea-single {border: 1px solid #e2e2e2; }#sp-ea-217.sp-easy-accordion>.sp-ea-single>.ea-header a {color: #444;}#sp-ea-217.sp-easy-accordion>.sp-ea-single>.sp-collapse>.ea-body {background: #fff; color: #444;}#sp-ea-217.sp-easy-accordion>.sp-ea-single {background: #eee;}#sp-ea-217.sp-easy-accordion>.sp-ea-single>.ea-header a .ea-expand-icon.fa { float: left; color: #444;font-size: 16px;}<\/style><div id=\"sp-ea-217\" class=\"sp-ea-one sp-easy-accordion\" data-ex-icon=\"fa-minus\" data-col-icon=\"fa-plus\"  data-ea-active=\"ea-click\"  data-ea-mode=\"vertical\" data-preloader=\"\" data-scroll-active-item=\"\" data-offset-to-scroll=\"0\"><div class=\"ea-card ea-expand sp-ea-single\"><h3 class=\"ea-header\"><a class=\"collapsed\" data-sptoggle=\"spcollapse\" data-sptarget=\"#collapse2170\" href=\"javascript:void(0)\"  aria-expanded=\"true\"><i class=\"ea-expand-icon fa fa-minus\"><\/i> Kaj je National Casino bonus?<\/a><\/h3><div class=\"sp-collapse spcollapse collapsed show\" id=\"collapse2170\" ><div class=\"ea-body\"><p>National Casino bonus je posebna ponudba, ki jo igralnice uporabljajo za privabljanje novih igralcev. Obi\u010dajno se ujema s prvim pologom igralca do dolo\u010denega zneska. Na primer, National Casino lahko ponudi ujemanje 100% v vi\u0161ini $500. \u010ce na svoj ra\u010dun vpla\u010date $500, vam bo igralnica brezpla\u010dno dodelila dodatnih $500!<\/p>\n<\/div><\/div><\/div><div class=\"ea-card  sp-ea-single\"><h3 class=\"ea-header\"><a class=\"collapsed\" data-sptoggle=\"spcollapse\" data-sptarget=\"#collapse2171\" href=\"javascript:void(0)\"  aria-expanded=\"false\"><i class=\"ea-expand-icon fa fa-plus\"><\/i> Kako uporabljam National Casino bonus codes?<\/a><\/h3><div class=\"sp-collapse spcollapse\" id=\"collapse2171\" ><div class=\"ea-body\"><p>\u010ce \u017eelite uporabiti kodo National Casino bonus, jo preprosto vnesite, ko se pri registraciji ali nakazilu pojavi poziv. Igralnica bo darilo samodejno dodala na va\u0161 ra\u010dun.<\/p>\n<\/div><\/div><\/div><div class=\"ea-card  sp-ea-single\"><h3 class=\"ea-header\"><a class=\"collapsed\" data-sptoggle=\"spcollapse\" data-sptarget=\"#collapse2172\" href=\"javascript:void(0)\"  aria-expanded=\"false\"><i class=\"ea-expand-icon fa fa-plus\"><\/i> Kak\u0161ne so zahteve za stave?<\/a><\/h3><div class=\"sp-collapse spcollapse\" id=\"collapse2172\" ><div class=\"ea-body\"><p>Zahteve za stavljanje so znesek denarja, ki ga morate staviti, preden lahko izpla\u010date svoje National Casino bonus. \u010ce na primer igralnica ponuja bonus 100% v vi\u0161ini do $500, je zahteva za stavljenje lahko 15-kratna. To pomeni, da morate za vsakih $100, ki jih \u017eelite izpla\u010dati, staviti $15.<\/p>\n<\/div><\/div><\/div><div class=\"ea-card  sp-ea-single\"><h3 class=\"ea-header\"><a class=\"collapsed\" data-sptoggle=\"spcollapse\" data-sptarget=\"#collapse2173\" href=\"javascript:void(0)\"  aria-expanded=\"false\"><i class=\"ea-expand-icon fa fa-plus\"><\/i> Kaj je National Casino no deposit bonus?<\/a><\/h3><div class=\"sp-collapse spcollapse\" id=\"collapse2173\" ><div class=\"ea-body\"><p>National Casino no deposit bonus je edinstveno darilo, za katerega ni treba pla\u010dati pologa. National Casino za promocijo svojih iger uporablja bonuse brez pologa.<\/p>\n<\/div><\/div><\/div><\/div>","protected":false},"excerpt":{"rendered":"<p>Are you looking for a National Casino bonuses? Then, you&#8217;ve come to the right place! We have compiled a list of the best National Casino promos available online. So read on and start enjoying those free casino chips today! Types of National Casino bonuses National Casino promos come in many different forms. Welcome bonus The &hellip;<\/p>\n<p class=\"read-more\"> <a class=\"\" href=\"https:\/\/national-casino.info\/sl\/bonus\/\"> <span class=\"screen-reader-text\">National Casino Bonus<\/span> Read More &raquo;<\/a><\/p>","protected":false},"author":1,"featured_media":0,"parent":0,"menu_order":0,"comment_status":"closed","ping_status":"closed","template":"","meta":{"site-sidebar-layout":"default","site-content-layout":"default","ast-global-header-display":"","ast-main-header-display":"","ast-hfb-above-header-display":"","ast-hfb-below-header-display":"","ast-hfb-mobile-header-display":"","site-post-title":"","ast-breadcrumbs-content":"","ast-featured-img":"","footer-sml-layout":"","theme-transparent-header-meta":"","adv-header-id-meta":"","stick-header-meta":"","header-above-stick-meta":"","header-main-stick-meta":"","header-below-stick-meta":"","footnotes":""},"class_list":["post-216","page","type-page","status-publish","hentry"],"yoast_head":"<!-- This site is optimized with the Yoast SEO plugin v19.13 - https:\/\/yoast.com\/wordpress\/plugins\/seo\/ -->\n<title>National Casino Bonuses: \ud83c\udf81 No Deposit, Welcome, Bonus Codes<\/title>\n<meta name=\"description\" content=\"National Casino Bonuses: no deposit, welcome, bonus codes. What are the conditions for wagering casino bonuses\" \/>\n<meta name=\"robots\" content=\"index, follow, max-snippet:-1, max-image-preview:large, max-video-preview:-1\" \/>\n<link rel=\"canonical\" href=\"https:\/\/national-casino.info\/sl\/bonus\/\" \/>\n<meta property=\"og:locale\" content=\"sl_SI\" \/>\n<meta property=\"og:type\" content=\"article\" \/>\n<meta property=\"og:title\" content=\"National Casino Bonuses: \ud83c\udf81 No Deposit, Welcome, Bonus Codes\" \/>\n<meta property=\"og:description\" content=\"National Casino Bonuses: no deposit, welcome, bonus codes. What are the conditions for wagering casino bonuses\" \/>\n<meta property=\"og:url\" content=\"https:\/\/national-casino.info\/sl\/bonus\/\" \/>\n<meta property=\"og:site_name\" content=\"National Casino\" \/>\n<meta property=\"article:modified_time\" content=\"2023-06-28T13:45:18+00:00\" \/>\n<meta property=\"og:image\" content=\"https:\/\/national-casino.info\/wp-content\/uploads\/2022\/05\/national-casino-reviews-1024x372.png\" \/>\n<meta name=\"twitter:card\" content=\"summary_large_image\" \/>\n<meta name=\"twitter:label1\" content=\"Est. reading time\" \/>\n\t<meta name=\"twitter:data1\" content=\"3 minute\" \/>\n<script type=\"application\/ld+json\" class=\"yoast-schema-graph\">{\"@context\":\"https:\/\/schema.org\",\"@graph\":[{\"@type\":\"WebPage\",\"@id\":\"https:\/\/national-casino.info\/bonus\/\",\"url\":\"https:\/\/national-casino.info\/bonus\/\",\"name\":\"National Casino Bonuses: \ud83c\udf81 No Deposit, Welcome, Bonus Codes\",\"isPartOf\":{\"@id\":\"https:\/\/national-casino.info\/#website\"},\"datePublished\":\"2022-05-31T12:02:53+00:00\",\"dateModified\":\"2023-06-28T13:45:18+00:00\",\"description\":\"National Casino Bonuses: no deposit, welcome, bonus codes. What are the conditions for wagering casino bonuses\",\"breadcrumb\":{\"@id\":\"https:\/\/national-casino.info\/bonus\/#breadcrumb\"},\"inLanguage\":\"sl-SI\",\"potentialAction\":[{\"@type\":\"ReadAction\",\"target\":[\"https:\/\/national-casino.info\/bonus\/\"]}]},{\"@type\":\"BreadcrumbList\",\"@id\":\"https:\/\/national-casino.info\/bonus\/#breadcrumb\",\"itemListElement\":[{\"@type\":\"ListItem\",\"position\":1,\"name\":\"Home\",\"item\":\"https:\/\/national-casino.info\/\"},{\"@type\":\"ListItem\",\"position\":2,\"name\":\"National Casino Bonuses\"}]},{\"@type\":\"WebSite\",\"@id\":\"https:\/\/national-casino.info\/#website\",\"url\":\"https:\/\/national-casino.info\/\",\"name\":\"National Casino\",\"description\":\"\",\"publisher\":{\"@id\":\"https:\/\/national-casino.info\/#organization\"},\"potentialAction\":[{\"@type\":\"SearchAction\",\"target\":{\"@type\":\"EntryPoint\",\"urlTemplate\":\"https:\/\/national-casino.info\/?s={search_term_string}\"},\"query-input\":\"required name=search_term_string\"}],\"inLanguage\":\"sl-SI\"},{\"@type\":\"Organization\",\"@id\":\"https:\/\/national-casino.info\/#organization\",\"name\":\"National Casino\",\"url\":\"https:\/\/national-casino.info\/\",\"logo\":{\"@type\":\"ImageObject\",\"inLanguage\":\"sl-SI\",\"@id\":\"https:\/\/national-casino.info\/#\/schema\/logo\/image\/\",\"url\":\"https:\/\/national-casino.info\/wp-content\/uploads\/2022\/05\/logo.png\",\"contentUrl\":\"https:\/\/national-casino.info\/wp-content\/uploads\/2022\/05\/logo.png\",\"width\":550,\"height\":214,\"caption\":\"National Casino\"},\"image\":{\"@id\":\"https:\/\/national-casino.info\/#\/schema\/logo\/image\/\"}}]}<\/script>\n<!-- \/ Yoast SEO plugin. -->","yoast_head_json":{"title":"National Casino Bonuses: \ud83c\udf81 No Deposit, Welcome, Bonus Codes","description":"National Casino Bonuses: no deposit, welcome, bonus codes. What are the conditions for wagering casino bonuses","robots":{"index":"index","follow":"follow","max-snippet":"max-snippet:-1","max-image-preview":"max-image-preview:large","max-video-preview":"max-video-preview:-1"},"canonical":"https:\/\/national-casino.info\/sl\/bonus\/","og_locale":"sl_SI","og_type":"article","og_title":"National Casino Bonuses: \ud83c\udf81 No Deposit, Welcome, Bonus Codes","og_description":"National Casino Bonuses: no deposit, welcome, bonus codes. What are the conditions for wagering casino bonuses","og_url":"https:\/\/national-casino.info\/sl\/bonus\/","og_site_name":"National Casino","article_modified_time":"2023-06-28T13:45:18+00:00","og_image":[{"url":"https:\/\/national-casino.info\/wp-content\/uploads\/2022\/05\/national-casino-reviews-1024x372.png"}],"twitter_card":"summary_large_image","twitter_misc":{"Est. reading time":"3 minute"},"schema":{"@context":"https:\/\/schema.org","@graph":[{"@type":"WebPage","@id":"https:\/\/national-casino.info\/bonus\/","url":"https:\/\/national-casino.info\/bonus\/","name":"National Casino Bonuses: \ud83c\udf81 No Deposit, Welcome, Bonus Codes","isPartOf":{"@id":"https:\/\/national-casino.info\/#website"},"datePublished":"2022-05-31T12:02:53+00:00","dateModified":"2023-06-28T13:45:18+00:00","description":"National Casino Bonuses: no deposit, welcome, bonus codes. What are the conditions for wagering casino bonuses","breadcrumb":{"@id":"https:\/\/national-casino.info\/bonus\/#breadcrumb"},"inLanguage":"sl-SI","potentialAction":[{"@type":"ReadAction","target":["https:\/\/national-casino.info\/bonus\/"]}]},{"@type":"BreadcrumbList","@id":"https:\/\/national-casino.info\/bonus\/#breadcrumb","itemListElement":[{"@type":"ListItem","position":1,"name":"Home","item":"https:\/\/national-casino.info\/"},{"@type":"ListItem","position":2,"name":"National Casino Bonuses"}]},{"@type":"WebSite","@id":"https:\/\/national-casino.info\/#website","url":"https:\/\/national-casino.info\/","name":"National Casino","description":"","publisher":{"@id":"https:\/\/national-casino.info\/#organization"},"potentialAction":[{"@type":"SearchAction","target":{"@type":"EntryPoint","urlTemplate":"https:\/\/national-casino.info\/?s={search_term_string}"},"query-input":"required name=search_term_string"}],"inLanguage":"sl-SI"},{"@type":"Organization","@id":"https:\/\/national-casino.info\/#organization","name":"National Casino","url":"https:\/\/national-casino.info\/","logo":{"@type":"ImageObject","inLanguage":"sl-SI","@id":"https:\/\/national-casino.info\/#\/schema\/logo\/image\/","url":"https:\/\/national-casino.info\/wp-content\/uploads\/2022\/05\/logo.png","contentUrl":"https:\/\/national-casino.info\/wp-content\/uploads\/2022\/05\/logo.png","width":550,"height":214,"caption":"National Casino"},"image":{"@id":"https:\/\/national-casino.info\/#\/schema\/logo\/image\/"}}]}},"_links":{"self":[{"href":"https:\/\/national-casino.info\/sl\/wp-json\/wp\/v2\/pages\/216","targetHints":{"allow":["GET"]}}],"collection":[{"href":"https:\/\/national-casino.info\/sl\/wp-json\/wp\/v2\/pages"}],"about":[{"href":"https:\/\/national-casino.info\/sl\/wp-json\/wp\/v2\/types\/page"}],"author":[{"embeddable":true,"href":"https:\/\/national-casino.info\/sl\/wp-json\/wp\/v2\/users\/1"}],"replies":[{"embeddable":true,"href":"https:\/\/national-casino.info\/sl\/wp-json\/wp\/v2\/comments?post=216"}],"version-history":[{"count":5,"href":"https:\/\/national-casino.info\/sl\/wp-json\/wp\/v2\/pages\/216\/revisions"}],"predecessor-version":[{"id":288,"href":"https:\/\/national-casino.info\/sl\/wp-json\/wp\/v2\/pages\/216\/revisions\/288"}],"wp:attachment":[{"href":"https:\/\/national-casino.info\/sl\/wp-json\/wp\/v2\/media?parent=216"}],"curies":[{"name":"wp","href":"https:\/\/api.w.org\/{rel}","templated":true}]}}